{"id":21758,"date":"2024-12-11T09:34:07","date_gmt":"2024-12-11T09:34:07","guid":{"rendered":"https:\/\/i-confort.com\/?product=seb-cocotte-clipso-4-5l-ref-1607"},"modified":"2024-12-11T09:34:07","modified_gmt":"2024-12-11T09:34:07","slug":"seb-cocotte-clipso-4-5l-ref-1607","status":"publish","type":"product","link":"https:\/\/i-confort.com\/?product=seb-cocotte-clipso-4-5l-ref-1607","title":{"rendered":"Seb cocotte clipso 4.5L REF\/1607"},"content":{"rendered":"<p><br data-mce-bogus=\"1\"><\/p>\n","protected":false},"excerpt":{"rendered":"<ul>\n<li style=\"--space-xs: 4px;--space-sm: 8px;--space: 16px;--space-md: 24px;--space-lg: 32px;--space-xl: 64px;--component-padding: var(--space-lg);--text-xs: calc(var(--text-unit)*0.625*var(--text-scale-ratio));--text-sm: calc(var(--text-unit)*0.75*var(--text-scale-ratio));--text: calc(var(--text-unit)*0.875*var(--text-scale-ratio));--text-md: calc(var(--text-unit)*1*var(--text-scale-ratio));--text-h4: calc(var(--text-unit)*1*var(--text-scale-ratio));--text-h3: calc(var(--text-unit)*1.125*var(--text-scale-ratio));--text-h2: calc(var(--text-unit)*1.3125*var(--text-scale-ratio));--text-h1: calc(var(--text-unit)*1.5*var(--text-scale-ratio));font-style: inherit;font-variant: inherit;font-weight: inherit;font-size: inherit;line-height: 1.33em;font-family: inherit;border: 0px;margin: 0px;padding: 0px;overflow: hidden\">Contenance \/ Capacit\u00e9 : 6L &#8211; 4\/6 personnes<\/li>\n<li style=\"--space-xs: 4px;--space-sm: 8px;--space: 16px;--space-md: 24px;--space-lg: 32px;--space-xl: 64px;--component-padding: var(--space-lg);--text-xs: calc(var(--text-unit)*0.625*var(--text-scale-ratio));--text-sm: calc(var(--text-unit)*0.75*var(--text-scale-ratio));--text: calc(var(--text-unit)*0.875*var(--text-scale-ratio));--text-md: calc(var(--text-unit)*1*var(--text-scale-ratio));--text-h4: calc(var(--text-unit)*1*var(--text-scale-ratio));--text-h3: calc(var(--text-unit)*1.125*var(--text-scale-ratio));--text-h2: calc(var(--text-unit)*1.3125*var(--text-scale-ratio));--text-h1: calc(var(--text-unit)*1.5*var(--text-scale-ratio));font-style: inherit;font-variant: inherit;font-weight: inherit;font-size: inherit;line-height: 1.33em;font-family: inherit;border: 0px;margin: 0px;padding: 0px;overflow: hidden\">Mati\u00e8res : Acier inoxydable &#8211; cuve inox garantie 10 ans<\/li>\n<li style=\"--space-xs: 4px;--space-sm: 8px;--space: 16px;--space-md: 24px;--space-lg: 32px;--space-xl: 64px;--component-padding: var(--space-lg);--text-xs: calc(var(--text-unit)*0.625*var(--text-scale-ratio));--text-sm: calc(var(--text-unit)*0.75*var(--text-scale-ratio));--text: calc(var(--text-unit)*0.875*var(--text-scale-ratio));--text-md: calc(var(--text-unit)*1*var(--text-scale-ratio));--text-h4: calc(var(--text-unit)*1*var(--text-scale-ratio));--text-h3: calc(var(--text-unit)*1.125*var(--text-scale-ratio));--text-h2: calc(var(--text-unit)*1.3125*var(--text-scale-ratio));--text-h1: calc(var(--text-unit)*1.5*var(--text-scale-ratio));font-style: inherit;font-variant: inherit;font-weight: inherit;font-size: inherit;line-height: 1.33em;font-family: inherit;border: 0px;margin: 0px;padding: 0px;overflow: hidden\">Inox<\/li>\n<li style=\"--space-xs: 4px;--space-sm: 8px;--space: 16px;--space-md: 24px;--space-lg: 32px;--space-xl: 64px;--component-padding: var(--space-lg);--text-xs: calc(var(--text-unit)*0.625*var(--text-scale-ratio));--text-sm: calc(var(--text-unit)*0.75*var(--text-scale-ratio));--text: calc(var(--text-unit)*0.875*var(--text-scale-ratio));--text-md: calc(var(--text-unit)*1*var(--text-scale-ratio));--text-h4: calc(var(--text-unit)*1*var(--text-scale-ratio));--text-h3: calc(var(--text-unit)*1.125*var(--text-scale-ratio));--text-h2: calc(var(--text-unit)*1.3125*var(--text-scale-ratio));--text-h1: calc(var(--text-unit)*1.5*var(--text-scale-ratio));font-style: inherit;font-variant: inherit;font-weight: inherit;font-size: inherit;line-height: 1.33em;font-family: inherit;border: 0px;margin: 0px;padding: 0px;overflow: hidden\">Rev\u00eatement int\u00e9rieur : Inox<\/li>\n<li style=\"--space-xs: 4px;--space-sm: 8px;--space: 16px;--space-md: 24px;--space-lg: 32px;--space-xl: 64px;--component-padding: var(--space-lg);--text-xs: calc(var(--text-unit)*0.625*var(--text-scale-ratio));--text-sm: calc(var(--text-unit)*0.75*var(--text-scale-ratio));--text: calc(var(--text-unit)*0.875*var(--text-scale-ratio));--text-md: calc(var(--text-unit)*1*var(--text-scale-ratio));--text-h4: calc(var(--text-unit)*1*var(--text-scale-ratio));--text-h3: calc(var(--text-unit)*1.125*var(--text-scale-ratio));--text-h2: calc(var(--text-unit)*1.3125*var(--text-scale-ratio));--text-h1: calc(var(--text-unit)*1.5*var(--text-scale-ratio));font-style: inherit;font-variant: inherit;font-weight: inherit;font-size: inherit;line-height: 1.33em;font-family: inherit;border: 0px;margin: 0px;padding: 0px;overflow: hidden\">Compatibilit\u00e9 lave-vaisselle : Oui<\/li>\n<li style=\"--space-xs: 4px;--space-sm: 8px;--space: 16px;--space-md: 24px;--space-lg: 32px;--space-xl: 64px;--component-padding: var(--space-lg);--text-xs: calc(var(--text-unit)*0.625*var(--text-scale-ratio));--text-sm: calc(var(--text-unit)*0.75*var(--text-scale-ratio));--text: calc(var(--text-unit)*0.875*var(--text-scale-ratio));--text-md: calc(var(--text-unit)*1*var(--text-scale-ratio));--text-h4: calc(var(--text-unit)*1*var(--text-scale-ratio));--text-h3: calc(var(--text-unit)*1.125*var(--text-scale-ratio));--text-h2: calc(var(--text-unit)*1.3125*var(--text-scale-ratio));--text-h1: calc(var(--text-unit)*1.5*var(--text-scale-ratio));font-style: inherit;font-variant: inherit;font-weight: inherit;font-size: inherit;line-height: 1.33em;font-family: inherit;border: 0px;margin: 0px;padding: 0px;overflow: hidden\">Dimensions : 380 x 253 x 210 (mm)<\/li>\n<li style=\"--space-xs: 4px;--space-sm: 8px;--space: 16px;--space-md: 24px;--space-lg: 32px;--space-xl: 64px;--component-padding: var(--space-lg);--text-xs: calc(var(--text-unit)*0.625*var(--text-scale-ratio));--text-sm: calc(var(--text-unit)*0.75*var(--text-scale-ratio));--text: calc(var(--text-unit)*0.875*var(--text-scale-ratio));--text-md: calc(var(--text-unit)*1*var(--text-scale-ratio));--text-h4: calc(var(--text-unit)*1*var(--text-scale-ratio));--text-h3: calc(var(--text-unit)*1.125*var(--text-scale-ratio));--text-h2: calc(var(--text-unit)*1.3125*var(--text-scale-ratio));--text-h1: calc(var(--text-unit)*1.5*var(--text-scale-ratio));font-style: inherit;font-variant: inherit;font-weight: inherit;font-size: inherit;line-height: 1.33em;font-family: inherit;border: 0px;margin: 0px;padding: 0px;overflow: hidden\">Couvercle : PRATIQUE : 30 % plus l\u00e9ger (qu&rsquo;un autocuiseur Clipso\u00ae+ avec contenance similaire), ouverture d&rsquo;une seule main<\/li>\n<\/ul>\n","protected":false},"featured_media":21757,"template":"","meta":{"_coblocks_attr":"","_coblocks_dimensions":"","_coblocks_responsive_height":"","_coblocks_accordion_ie_support":""},"pwb-brand":[],"product_brand":[],"product_cat":[],"product_tag":[],"class_list":{"0":"post-21758","1":"product","2":"type-product","3":"status-publish","4":"has-post-thumbnail","8":"first","9":"instock","10":"taxable","11":"shipping-taxable","12":"purchasable","13":"product-type-simple"},"yoast_head":"<!-- This site is optimized with the Yoast SEO plugin v27.4 - https:\/\/yoast.com\/product\/yoast-seo-wordpress\/ -->\n<title>Seb cocotte clipso 4.5L REF\/1607 - I-CONFORT<\/title>\n<meta name=\"robots\" content=\"index, follow, max-snippet:-1, max-image-preview:large, max-video-preview:-1\" \/>\n<link rel=\"canonical\" href=\"https:\/\/i-confort.com\/?product=seb-cocotte-clipso-4-5l-ref-1607\" \/>\n<meta property=\"og:locale\" content=\"fr_FR\" \/>\n<meta property=\"og:type\" content=\"article\" \/>\n<meta property=\"og:title\" content=\"Seb cocotte clipso 4.5L REF\/1607 - I-CONFORT\" \/>\n<meta property=\"og:description\" content=\"Contenance \/ Capacit\u00e9 : 6L - 4\/6 personnesMati\u00e8res : Acier inoxydable - cuve inox garantie 10 ansInoxRev\u00eatement int\u00e9rieur : InoxCompatibilit\u00e9 lave-vaisselle : OuiDimensions : 380 x 253 x 210 (mm)Couvercle : PRATIQUE : 30 % plus l\u00e9ger (qu&#039;un autocuiseur Clipso\u00ae+ avec contenance similaire), ouverture d&#039;une seule main\" \/>\n<meta property=\"og:url\" content=\"https:\/\/i-confort.com\/?product=seb-cocotte-clipso-4-5l-ref-1607\" \/>\n<meta property=\"og:site_name\" content=\"I-CONFORT\" \/>\n<meta property=\"og:image\" content=\"https:\/\/i-confort.com\/wp-content\/uploads\/2024\/12\/1-15.jpg\" \/>\n\t<meta property=\"og:image:width\" content=\"150\" \/>\n\t<meta property=\"og:image:height\" content=\"150\" \/>\n\t<meta property=\"og:image:type\" content=\"image\/jpeg\" \/>\n<meta name=\"twitter:card\" content=\"summary_large_image\" \/>\n<script type=\"application\/ld+json\" class=\"yoast-schema-graph\">{\"@context\":\"https:\\\/\\\/schema.org\",\"@graph\":[{\"@type\":\"WebPage\",\"@id\":\"https:\\\/\\\/i-confort.com\\\/?product=seb-cocotte-clipso-4-5l-ref-1607\",\"url\":\"https:\\\/\\\/i-confort.com\\\/?product=seb-cocotte-clipso-4-5l-ref-1607\",\"name\":\"Seb cocotte clipso 4.5L REF\\\/1607 - I-CONFORT\",\"isPartOf\":{\"@id\":\"https:\\\/\\\/i-confort.com\\\/#website\"},\"primaryImageOfPage\":{\"@id\":\"https:\\\/\\\/i-confort.com\\\/?product=seb-cocotte-clipso-4-5l-ref-1607#primaryimage\"},\"image\":{\"@id\":\"https:\\\/\\\/i-confort.com\\\/?product=seb-cocotte-clipso-4-5l-ref-1607#primaryimage\"},\"thumbnailUrl\":\"https:\\\/\\\/i-confort.com\\\/wp-content\\\/uploads\\\/2024\\\/12\\\/1-15.jpg\",\"datePublished\":\"2024-12-11T09:34:07+00:00\",\"breadcrumb\":{\"@id\":\"https:\\\/\\\/i-confort.com\\\/?product=seb-cocotte-clipso-4-5l-ref-1607#breadcrumb\"},\"inLanguage\":\"fr-FR\",\"potentialAction\":[{\"@type\":\"ReadAction\",\"target\":[\"https:\\\/\\\/i-confort.com\\\/?product=seb-cocotte-clipso-4-5l-ref-1607\"]}]},{\"@type\":\"ImageObject\",\"inLanguage\":\"fr-FR\",\"@id\":\"https:\\\/\\\/i-confort.com\\\/?product=seb-cocotte-clipso-4-5l-ref-1607#primaryimage\",\"url\":\"https:\\\/\\\/i-confort.com\\\/wp-content\\\/uploads\\\/2024\\\/12\\\/1-15.jpg\",\"contentUrl\":\"https:\\\/\\\/i-confort.com\\\/wp-content\\\/uploads\\\/2024\\\/12\\\/1-15.jpg\",\"width\":150,\"height\":150},{\"@type\":\"BreadcrumbList\",\"@id\":\"https:\\\/\\\/i-confort.com\\\/?product=seb-cocotte-clipso-4-5l-ref-1607#breadcrumb\",\"itemListElement\":[{\"@type\":\"ListItem\",\"position\":1,\"name\":\"Home\",\"item\":\"https:\\\/\\\/i-confort.com\\\/\"},{\"@type\":\"ListItem\",\"position\":2,\"name\":\"Boutique\",\"item\":\"https:\\\/\\\/i-confort.com\\\/?page_id=7\"},{\"@type\":\"ListItem\",\"position\":3,\"name\":\"Seb cocotte clipso 4.5L REF\\\/1607\"}]},{\"@type\":\"WebSite\",\"@id\":\"https:\\\/\\\/i-confort.com\\\/#website\",\"url\":\"https:\\\/\\\/i-confort.com\\\/\",\"name\":\"I-CONFORT\",\"description\":\"Site de vente en ligne\",\"potentialAction\":[{\"@type\":\"SearchAction\",\"target\":{\"@type\":\"EntryPoint\",\"urlTemplate\":\"https:\\\/\\\/i-confort.com\\\/?s={search_term_string}\"},\"query-input\":{\"@type\":\"PropertyValueSpecification\",\"valueRequired\":true,\"valueName\":\"search_term_string\"}}],\"inLanguage\":\"fr-FR\"}]}<\/script>\n<!-- \/ Yoast SEO plugin. -->","yoast_head_json":{"title":"Seb cocotte clipso 4.5L REF\/1607 - I-CONFORT","robots":{"index":"index","follow":"follow","max-snippet":"max-snippet:-1","max-image-preview":"max-image-preview:large","max-video-preview":"max-video-preview:-1"},"canonical":"https:\/\/i-confort.com\/?product=seb-cocotte-clipso-4-5l-ref-1607","og_locale":"fr_FR","og_type":"article","og_title":"Seb cocotte clipso 4.5L REF\/1607 - I-CONFORT","og_description":"Contenance \/ Capacit\u00e9 : 6L - 4\/6 personnesMati\u00e8res : Acier inoxydable - cuve inox garantie 10 ansInoxRev\u00eatement int\u00e9rieur : InoxCompatibilit\u00e9 lave-vaisselle : OuiDimensions : 380 x 253 x 210 (mm)Couvercle : PRATIQUE : 30 % plus l\u00e9ger (qu'un autocuiseur Clipso\u00ae+ avec contenance similaire), ouverture d'une seule main","og_url":"https:\/\/i-confort.com\/?product=seb-cocotte-clipso-4-5l-ref-1607","og_site_name":"I-CONFORT","og_image":[{"width":150,"height":150,"url":"https:\/\/i-confort.com\/wp-content\/uploads\/2024\/12\/1-15.jpg","type":"image\/jpeg"}],"twitter_card":"summary_large_image","schema":{"@context":"https:\/\/schema.org","@graph":[{"@type":"WebPage","@id":"https:\/\/i-confort.com\/?product=seb-cocotte-clipso-4-5l-ref-1607","url":"https:\/\/i-confort.com\/?product=seb-cocotte-clipso-4-5l-ref-1607","name":"Seb cocotte clipso 4.5L REF\/1607 - I-CONFORT","isPartOf":{"@id":"https:\/\/i-confort.com\/#website"},"primaryImageOfPage":{"@id":"https:\/\/i-confort.com\/?product=seb-cocotte-clipso-4-5l-ref-1607#primaryimage"},"image":{"@id":"https:\/\/i-confort.com\/?product=seb-cocotte-clipso-4-5l-ref-1607#primaryimage"},"thumbnailUrl":"https:\/\/i-confort.com\/wp-content\/uploads\/2024\/12\/1-15.jpg","datePublished":"2024-12-11T09:34:07+00:00","breadcrumb":{"@id":"https:\/\/i-confort.com\/?product=seb-cocotte-clipso-4-5l-ref-1607#breadcrumb"},"inLanguage":"fr-FR","potentialAction":[{"@type":"ReadAction","target":["https:\/\/i-confort.com\/?product=seb-cocotte-clipso-4-5l-ref-1607"]}]},{"@type":"ImageObject","inLanguage":"fr-FR","@id":"https:\/\/i-confort.com\/?product=seb-cocotte-clipso-4-5l-ref-1607#primaryimage","url":"https:\/\/i-confort.com\/wp-content\/uploads\/2024\/12\/1-15.jpg","contentUrl":"https:\/\/i-confort.com\/wp-content\/uploads\/2024\/12\/1-15.jpg","width":150,"height":150},{"@type":"BreadcrumbList","@id":"https:\/\/i-confort.com\/?product=seb-cocotte-clipso-4-5l-ref-1607#breadcrumb","itemListElement":[{"@type":"ListItem","position":1,"name":"Home","item":"https:\/\/i-confort.com\/"},{"@type":"ListItem","position":2,"name":"Boutique","item":"https:\/\/i-confort.com\/?page_id=7"},{"@type":"ListItem","position":3,"name":"Seb cocotte clipso 4.5L REF\/1607"}]},{"@type":"WebSite","@id":"https:\/\/i-confort.com\/#website","url":"https:\/\/i-confort.com\/","name":"I-CONFORT","description":"Site de vente en ligne","potentialAction":[{"@type":"SearchAction","target":{"@type":"EntryPoint","urlTemplate":"https:\/\/i-confort.com\/?s={search_term_string}"},"query-input":{"@type":"PropertyValueSpecification","valueRequired":true,"valueName":"search_term_string"}}],"inLanguage":"fr-FR"}]}},"brands":[],"_links":{"self":[{"href":"https:\/\/i-confort.com\/index.php?rest_route=\/wp\/v2\/product\/21758","targetHints":{"allow":["GET"]}}],"collection":[{"href":"https:\/\/i-confort.com\/index.php?rest_route=\/wp\/v2\/product"}],"about":[{"href":"https:\/\/i-confort.com\/index.php?rest_route=\/wp\/v2\/types\/product"}],"wp:featuredmedia":[{"embeddable":true,"href":"https:\/\/i-confort.com\/index.php?rest_route=\/wp\/v2\/media\/21757"}],"wp:attachment":[{"href":"https:\/\/i-confort.com\/index.php?rest_route=%2Fwp%2Fv2%2Fmedia&parent=21758"}],"wp:term":[{"taxonomy":"pwb-brand","embeddable":true,"href":"https:\/\/i-confort.com\/index.php?rest_route=%2Fwp%2Fv2%2Fpwb-brand&post=21758"},{"taxonomy":"product_brand","embeddable":true,"href":"https:\/\/i-confort.com\/index.php?rest_route=%2Fwp%2Fv2%2Fproduct_brand&post=21758"},{"taxonomy":"product_cat","embeddable":true,"href":"https:\/\/i-confort.com\/index.php?rest_route=%2Fwp%2Fv2%2Fproduct_cat&post=21758"},{"taxonomy":"product_tag","embeddable":true,"href":"https:\/\/i-confort.com\/index.php?rest_route=%2Fwp%2Fv2%2Fproduct_tag&post=21758"}],"curies":[{"name":"wp","href":"https:\/\/api.w.org\/{rel}","templated":true}]}}