{"id":21786,"date":"2024-12-12T10:08:42","date_gmt":"2024-12-12T10:08:42","guid":{"rendered":"https:\/\/i-confort.com\/?product=silver-bras-inox-1000w"},"modified":"2024-12-12T10:08:42","modified_gmt":"2024-12-12T10:08:42","slug":"silver-bras-inox-1000w","status":"publish","type":"product","link":"https:\/\/i-confort.com\/?product=silver-bras-inox-1000w","title":{"rendered":"SILVER bras inox 1000W"},"content":{"rendered":"<article class=\"col8 -pvs\">\n<div class=\"card-b -fh\" style=\"border-radius: 4px;height: 233px\">\n<h2 class=\"hdr -upp -fs14 -m -pam\" style=\"font-weight: 500;padding: 16px;margin: 0px;text-transform: uppercase;font-size: 0.875rem\">Principales caract\u00e9ristiques<\/h2>\n<div class=\"markup -pam\" style=\"padding: 16px\">\n<ul style=\"padding: 0px 0px 0px 16px;margin: 0px\">\n<li style=\"padding: 0px;margin: 0px\"><strong>Marque: SilverCrest<\/strong><\/li>\n<li style=\"padding: 0px;margin: 0px\"><strong>R\u00e9f\u00e9rence:HB6412A<\/strong><\/li>\n<li style=\"padding: 0px;margin: 0px\"><strong>Moteur de 1000 watts.<\/strong><\/li>\n<li style=\"padding: 0px;margin: 0px\"><strong>Bol en plastique de 700 ml.<\/strong><\/li>\n<li style=\"padding: 0px;margin: 0px\"><strong>Lames tranchantes et performantes en acier inoxydable.<\/strong><\/li>\n<li style=\"padding: 0px;margin: 0px\"><strong>Design distinctif et confortable \u00e0 utiliser.<\/strong><\/li>\n<\/ul>\n<\/div>\n<\/div>\n<\/article>\n<article class=\"col8 -pvs\">\n<div class=\"card-b -fh\" style=\"border-radius: 4px;height: 233px\">\n<h2 class=\"hdr -upp -fs14 -m -pam\" style=\"font-weight: 500;padding: 16px;margin: 0px;text-transform: uppercase;font-size: 0.875rem\">Descriptif technique<\/h2>\n<ul class=\"-pvs -mvxs -phm -lsn\" style=\"padding: 8px 16px;margin: 4px 0px\">\n<li class=\"-pvxs\" style=\"padding: 4px 0px;margin: 0px\"><span class=\"-b\" style=\"font-weight: 700\">SKU<\/span>: BR016HA1DP970NAFAMZ<\/li>\n<li class=\"-pvxs\" style=\"padding: 4px 0px;margin: 0px\"><span class=\"-b\" style=\"font-weight: 700\">Poids (kg)<\/span>: 1<\/li>\n<\/ul>\n<\/div>\n<\/article>\n","protected":false},"excerpt":{"rendered":"<p>Le mixeur HB6412A de Silver Crust pour les desserts vos soupes , cr\u00e9mes\u00a0 et diverses t\u00e2ches n\u00e9cessaires en cuisine est tout ce dont vous avez besoin pour accomplir des t\u00e2ches avec une extr\u00eame pr\u00e9cision et une vitesse \u00e9lev\u00e9e. Il est \u00e9galement dot\u00e9 d\u2019une puissance de 1000 watts.M\u00e9langez, mixez, hachez, broyez, p\u00e9trissez facilement ,appuyez sur le bouton variable en continu . m\u00eame les ingr\u00e9dients les plus difficiles peuvent \u00eatre travaill\u00e9s tr\u00e8s rapidement et facilement. Laissez ainsi libre cours \u00e0 votre imagination culinaire.!<\/p>\n<ul>\n<li style=\"padding: 0px;margin: 0px\">Moteur de 1000 watts.<\/li>\n<li style=\"padding: 0px;margin: 0px\">Bol en plastique de 700 ml.<\/li>\n<li style=\"padding: 0px;margin: 0px\">Lames tranchantes et performantes en acier inoxydable.<\/li>\n<li style=\"padding: 0px;margin: 0px\">Design distinctif et confortable \u00e0 utiliser.<\/li>\n<\/ul>\n","protected":false},"featured_media":21785,"template":"","meta":{"_coblocks_attr":"","_coblocks_dimensions":"","_coblocks_responsive_height":"","_coblocks_accordion_ie_support":""},"pwb-brand":[],"product_brand":[],"product_cat":[354],"product_tag":[],"class_list":{"0":"post-21786","1":"product","2":"type-product","3":"status-publish","4":"has-post-thumbnail","6":"product_cat-robot","9":"first","10":"instock","11":"taxable","12":"shipping-taxable","13":"purchasable","14":"product-type-simple"},"yoast_head":"<!-- This site is optimized with the Yoast SEO plugin v27.4 - https:\/\/yoast.com\/product\/yoast-seo-wordpress\/ -->\n<title>SILVER bras inox 1000W - I-CONFORT<\/title>\n<meta name=\"robots\" content=\"index, follow, max-snippet:-1, max-image-preview:large, max-video-preview:-1\" \/>\n<link rel=\"canonical\" href=\"https:\/\/i-confort.com\/?product=silver-bras-inox-1000w\" \/>\n<meta property=\"og:locale\" content=\"fr_FR\" \/>\n<meta property=\"og:type\" content=\"article\" \/>\n<meta property=\"og:title\" content=\"SILVER bras inox 1000W - I-CONFORT\" \/>\n<meta property=\"og:description\" content=\"Le mixeur HB6412A de Silver Crust pour les desserts vos soupes , cr\u00e9mes\u00a0 et diverses t\u00e2ches n\u00e9cessaires en cuisine est tout ce dont vous avez besoin pour accomplir des t\u00e2ches avec une extr\u00eame pr\u00e9cision et une vitesse \u00e9lev\u00e9e. Il est \u00e9galement dot\u00e9 d\u2019une puissance de 1000 watts.M\u00e9langez, mixez, hachez, broyez, p\u00e9trissez facilement ,appuyez sur le bouton variable en continu . m\u00eame les ingr\u00e9dients les plus difficiles peuvent \u00eatre travaill\u00e9s tr\u00e8s rapidement et facilement. Laissez ainsi libre cours \u00e0 votre imagination culinaire.!Moteur de 1000 watts.Bol en plastique de 700 ml.Lames tranchantes et performantes en acier inoxydable.Design distinctif et confortable \u00e0 utiliser.\" \/>\n<meta property=\"og:url\" content=\"https:\/\/i-confort.com\/?product=silver-bras-inox-1000w\" \/>\n<meta property=\"og:site_name\" content=\"I-CONFORT\" \/>\n<meta property=\"og:image\" content=\"https:\/\/i-confort.com\/wp-content\/uploads\/2024\/12\/1-18.jpg\" \/>\n\t<meta property=\"og:image:width\" content=\"500\" \/>\n\t<meta property=\"og:image:height\" content=\"500\" \/>\n\t<meta property=\"og:image:type\" content=\"image\/jpeg\" \/>\n<meta name=\"twitter:card\" content=\"summary_large_image\" \/>\n<script type=\"application\/ld+json\" class=\"yoast-schema-graph\">{\"@context\":\"https:\\\/\\\/schema.org\",\"@graph\":[{\"@type\":\"WebPage\",\"@id\":\"https:\\\/\\\/i-confort.com\\\/?product=silver-bras-inox-1000w\",\"url\":\"https:\\\/\\\/i-confort.com\\\/?product=silver-bras-inox-1000w\",\"name\":\"SILVER bras inox 1000W - I-CONFORT\",\"isPartOf\":{\"@id\":\"https:\\\/\\\/i-confort.com\\\/#website\"},\"primaryImageOfPage\":{\"@id\":\"https:\\\/\\\/i-confort.com\\\/?product=silver-bras-inox-1000w#primaryimage\"},\"image\":{\"@id\":\"https:\\\/\\\/i-confort.com\\\/?product=silver-bras-inox-1000w#primaryimage\"},\"thumbnailUrl\":\"https:\\\/\\\/i-confort.com\\\/wp-content\\\/uploads\\\/2024\\\/12\\\/1-18.jpg\",\"datePublished\":\"2024-12-12T10:08:42+00:00\",\"breadcrumb\":{\"@id\":\"https:\\\/\\\/i-confort.com\\\/?product=silver-bras-inox-1000w#breadcrumb\"},\"inLanguage\":\"fr-FR\",\"potentialAction\":[{\"@type\":\"ReadAction\",\"target\":[\"https:\\\/\\\/i-confort.com\\\/?product=silver-bras-inox-1000w\"]}]},{\"@type\":\"ImageObject\",\"inLanguage\":\"fr-FR\",\"@id\":\"https:\\\/\\\/i-confort.com\\\/?product=silver-bras-inox-1000w#primaryimage\",\"url\":\"https:\\\/\\\/i-confort.com\\\/wp-content\\\/uploads\\\/2024\\\/12\\\/1-18.jpg\",\"contentUrl\":\"https:\\\/\\\/i-confort.com\\\/wp-content\\\/uploads\\\/2024\\\/12\\\/1-18.jpg\",\"width\":500,\"height\":500},{\"@type\":\"BreadcrumbList\",\"@id\":\"https:\\\/\\\/i-confort.com\\\/?product=silver-bras-inox-1000w#breadcrumb\",\"itemListElement\":[{\"@type\":\"ListItem\",\"position\":1,\"name\":\"Home\",\"item\":\"https:\\\/\\\/i-confort.com\\\/\"},{\"@type\":\"ListItem\",\"position\":2,\"name\":\"Boutique\",\"item\":\"https:\\\/\\\/i-confort.com\\\/?page_id=7\"},{\"@type\":\"ListItem\",\"position\":3,\"name\":\"SILVER bras inox 1000W\"}]},{\"@type\":\"WebSite\",\"@id\":\"https:\\\/\\\/i-confort.com\\\/#website\",\"url\":\"https:\\\/\\\/i-confort.com\\\/\",\"name\":\"I-CONFORT\",\"description\":\"Site de vente en ligne\",\"potentialAction\":[{\"@type\":\"SearchAction\",\"target\":{\"@type\":\"EntryPoint\",\"urlTemplate\":\"https:\\\/\\\/i-confort.com\\\/?s={search_term_string}\"},\"query-input\":{\"@type\":\"PropertyValueSpecification\",\"valueRequired\":true,\"valueName\":\"search_term_string\"}}],\"inLanguage\":\"fr-FR\"}]}<\/script>\n<!-- \/ Yoast SEO plugin. -->","yoast_head_json":{"title":"SILVER bras inox 1000W - I-CONFORT","robots":{"index":"index","follow":"follow","max-snippet":"max-snippet:-1","max-image-preview":"max-image-preview:large","max-video-preview":"max-video-preview:-1"},"canonical":"https:\/\/i-confort.com\/?product=silver-bras-inox-1000w","og_locale":"fr_FR","og_type":"article","og_title":"SILVER bras inox 1000W - I-CONFORT","og_description":"Le mixeur HB6412A de Silver Crust pour les desserts vos soupes , cr\u00e9mes\u00a0 et diverses t\u00e2ches n\u00e9cessaires en cuisine est tout ce dont vous avez besoin pour accomplir des t\u00e2ches avec une extr\u00eame pr\u00e9cision et une vitesse \u00e9lev\u00e9e. Il est \u00e9galement dot\u00e9 d\u2019une puissance de 1000 watts.M\u00e9langez, mixez, hachez, broyez, p\u00e9trissez facilement ,appuyez sur le bouton variable en continu . m\u00eame les ingr\u00e9dients les plus difficiles peuvent \u00eatre travaill\u00e9s tr\u00e8s rapidement et facilement. Laissez ainsi libre cours \u00e0 votre imagination culinaire.!Moteur de 1000 watts.Bol en plastique de 700 ml.Lames tranchantes et performantes en acier inoxydable.Design distinctif et confortable \u00e0 utiliser.","og_url":"https:\/\/i-confort.com\/?product=silver-bras-inox-1000w","og_site_name":"I-CONFORT","og_image":[{"width":500,"height":500,"url":"https:\/\/i-confort.com\/wp-content\/uploads\/2024\/12\/1-18.jpg","type":"image\/jpeg"}],"twitter_card":"summary_large_image","schema":{"@context":"https:\/\/schema.org","@graph":[{"@type":"WebPage","@id":"https:\/\/i-confort.com\/?product=silver-bras-inox-1000w","url":"https:\/\/i-confort.com\/?product=silver-bras-inox-1000w","name":"SILVER bras inox 1000W - I-CONFORT","isPartOf":{"@id":"https:\/\/i-confort.com\/#website"},"primaryImageOfPage":{"@id":"https:\/\/i-confort.com\/?product=silver-bras-inox-1000w#primaryimage"},"image":{"@id":"https:\/\/i-confort.com\/?product=silver-bras-inox-1000w#primaryimage"},"thumbnailUrl":"https:\/\/i-confort.com\/wp-content\/uploads\/2024\/12\/1-18.jpg","datePublished":"2024-12-12T10:08:42+00:00","breadcrumb":{"@id":"https:\/\/i-confort.com\/?product=silver-bras-inox-1000w#breadcrumb"},"inLanguage":"fr-FR","potentialAction":[{"@type":"ReadAction","target":["https:\/\/i-confort.com\/?product=silver-bras-inox-1000w"]}]},{"@type":"ImageObject","inLanguage":"fr-FR","@id":"https:\/\/i-confort.com\/?product=silver-bras-inox-1000w#primaryimage","url":"https:\/\/i-confort.com\/wp-content\/uploads\/2024\/12\/1-18.jpg","contentUrl":"https:\/\/i-confort.com\/wp-content\/uploads\/2024\/12\/1-18.jpg","width":500,"height":500},{"@type":"BreadcrumbList","@id":"https:\/\/i-confort.com\/?product=silver-bras-inox-1000w#breadcrumb","itemListElement":[{"@type":"ListItem","position":1,"name":"Home","item":"https:\/\/i-confort.com\/"},{"@type":"ListItem","position":2,"name":"Boutique","item":"https:\/\/i-confort.com\/?page_id=7"},{"@type":"ListItem","position":3,"name":"SILVER bras inox 1000W"}]},{"@type":"WebSite","@id":"https:\/\/i-confort.com\/#website","url":"https:\/\/i-confort.com\/","name":"I-CONFORT","description":"Site de vente en ligne","potentialAction":[{"@type":"SearchAction","target":{"@type":"EntryPoint","urlTemplate":"https:\/\/i-confort.com\/?s={search_term_string}"},"query-input":{"@type":"PropertyValueSpecification","valueRequired":true,"valueName":"search_term_string"}}],"inLanguage":"fr-FR"}]}},"brands":[],"_links":{"self":[{"href":"https:\/\/i-confort.com\/index.php?rest_route=\/wp\/v2\/product\/21786","targetHints":{"allow":["GET"]}}],"collection":[{"href":"https:\/\/i-confort.com\/index.php?rest_route=\/wp\/v2\/product"}],"about":[{"href":"https:\/\/i-confort.com\/index.php?rest_route=\/wp\/v2\/types\/product"}],"wp:featuredmedia":[{"embeddable":true,"href":"https:\/\/i-confort.com\/index.php?rest_route=\/wp\/v2\/media\/21785"}],"wp:attachment":[{"href":"https:\/\/i-confort.com\/index.php?rest_route=%2Fwp%2Fv2%2Fmedia&parent=21786"}],"wp:term":[{"taxonomy":"pwb-brand","embeddable":true,"href":"https:\/\/i-confort.com\/index.php?rest_route=%2Fwp%2Fv2%2Fpwb-brand&post=21786"},{"taxonomy":"product_brand","embeddable":true,"href":"https:\/\/i-confort.com\/index.php?rest_route=%2Fwp%2Fv2%2Fproduct_brand&post=21786"},{"taxonomy":"product_cat","embeddable":true,"href":"https:\/\/i-confort.com\/index.php?rest_route=%2Fwp%2Fv2%2Fproduct_cat&post=21786"},{"taxonomy":"product_tag","embeddable":true,"href":"https:\/\/i-confort.com\/index.php?rest_route=%2Fwp%2Fv2%2Fproduct_tag&post=21786"}],"curies":[{"name":"wp","href":"https:\/\/api.w.org\/{rel}","templated":true}]}}