{"id":21788,"date":"2024-12-12T10:12:00","date_gmt":"2024-12-12T10:12:00","guid":{"rendered":"https:\/\/i-confort.com\/?product=silver-bras-inox-800w"},"modified":"2024-12-12T10:12:00","modified_gmt":"2024-12-12T10:12:00","slug":"silver-bras-inox-800w","status":"publish","type":"product","link":"https:\/\/i-confort.com\/?product=silver-bras-inox-800w","title":{"rendered":"SILVER bras inox 800W"},"content":{"rendered":"<p><br data-mce-bogus=\"1\"><\/p>\n","protected":false},"excerpt":{"rendered":"<h2 class=\"hdr -upp -fs14 -m -pam\">rincipales caract\u00e9ristiques<\/h2>\n<div class=\"markup -pam\">\n<ul style=\"padding: 0px 0px 0px 16px;margin: 0px\">\n<li style=\"padding: 0px;margin: 0px\">Type de produit:\u00a0 \u00a0Mixeur m\u00e9langeur\u00a0<\/li>\n<li style=\"padding: 0px;margin: 0px\">Couleur: noir\/ inox<\/li>\n<li style=\"padding: 0px;margin: 0px\">M\u00e9langeur en m\u00e9tal Mat\u00e9riau du pied .<\/li>\n<li style=\"padding: 0px;margin: 0px\">Puissance : 800 watts<\/li>\n<li style=\"padding: 0px;margin: 0px\">Poign\u00e9e antid\u00e9rapante confortable<\/li>\n<li style=\"padding: 0px;margin: 0px\">2 BOUTONS DE VITESSE + 1\u00a0<\/li>\n<li style=\"padding: 0px;margin: 0px\">: Le premier bouton est r\u00e9glable en vitesse progressive gr\u00e2ce au troisi\u00e8me bouton et au deuxi\u00e8me bouton Turbo pour un m\u00e9lange d&rsquo;impulsions puissant.<\/li>\n<li style=\"padding: 0px;margin: 0px\">Base mixeur amovible en inox + 4 lames en inox<\/li>\n<li style=\"padding: 0px;margin: 0px\">Bol m\u00e9langeur et doseur (0,7 litre)<\/li>\n<li style=\"padding: 0px;margin: 0px\">Conception \u00e9l\u00e9gante<\/li>\n<li style=\"padding: 0px;margin: 0px\">Tension : 220-240 V CA \/ 50-60 Hz<\/li>\n<\/ul>\n<\/div>\n","protected":false},"featured_media":21787,"template":"","meta":{"_coblocks_attr":"","_coblocks_dimensions":"","_coblocks_responsive_height":"","_coblocks_accordion_ie_support":""},"pwb-brand":[],"product_brand":[],"product_cat":[354],"product_tag":[],"class_list":{"0":"post-21788","1":"product","2":"type-product","3":"status-publish","4":"has-post-thumbnail","6":"product_cat-robot","9":"first","10":"instock","11":"taxable","12":"shipping-taxable","13":"purchasable","14":"product-type-simple"},"yoast_head":"<!-- This site is optimized with the Yoast SEO plugin v27.4 - https:\/\/yoast.com\/product\/yoast-seo-wordpress\/ -->\n<title>SILVER bras inox 800W - I-CONFORT<\/title>\n<meta name=\"robots\" content=\"index, follow, max-snippet:-1, max-image-preview:large, max-video-preview:-1\" \/>\n<link rel=\"canonical\" href=\"https:\/\/i-confort.com\/?product=silver-bras-inox-800w\" \/>\n<meta property=\"og:locale\" content=\"fr_FR\" \/>\n<meta property=\"og:type\" content=\"article\" \/>\n<meta property=\"og:title\" content=\"SILVER bras inox 800W - I-CONFORT\" \/>\n<meta property=\"og:description\" content=\"rincipales caract\u00e9ristiquesType de produit:\u00a0 \u00a0Mixeur m\u00e9langeur\u00a0Couleur: noir\/ inoxM\u00e9langeur en m\u00e9tal Mat\u00e9riau du pied .Puissance : 800 wattsPoign\u00e9e antid\u00e9rapante confortable2 BOUTONS DE VITESSE + 1\u00a0: Le premier bouton est r\u00e9glable en vitesse progressive gr\u00e2ce au troisi\u00e8me bouton et au deuxi\u00e8me bouton Turbo pour un m\u00e9lange d&#039;impulsions puissant.Base mixeur amovible en inox + 4 lames en inoxBol m\u00e9langeur et doseur (0,7 litre)Conception \u00e9l\u00e9ganteTension : 220-240 V CA \/ 50-60 Hz\" \/>\n<meta property=\"og:url\" content=\"https:\/\/i-confort.com\/?product=silver-bras-inox-800w\" \/>\n<meta property=\"og:site_name\" content=\"I-CONFORT\" \/>\n<meta property=\"og:image\" content=\"https:\/\/i-confort.com\/wp-content\/uploads\/2024\/12\/1-19.jpg\" \/>\n\t<meta property=\"og:image:width\" content=\"500\" \/>\n\t<meta property=\"og:image:height\" content=\"500\" \/>\n\t<meta property=\"og:image:type\" content=\"image\/jpeg\" \/>\n<meta name=\"twitter:card\" content=\"summary_large_image\" \/>\n<script type=\"application\/ld+json\" class=\"yoast-schema-graph\">{\"@context\":\"https:\\\/\\\/schema.org\",\"@graph\":[{\"@type\":\"WebPage\",\"@id\":\"https:\\\/\\\/i-confort.com\\\/?product=silver-bras-inox-800w\",\"url\":\"https:\\\/\\\/i-confort.com\\\/?product=silver-bras-inox-800w\",\"name\":\"SILVER bras inox 800W - I-CONFORT\",\"isPartOf\":{\"@id\":\"https:\\\/\\\/i-confort.com\\\/#website\"},\"primaryImageOfPage\":{\"@id\":\"https:\\\/\\\/i-confort.com\\\/?product=silver-bras-inox-800w#primaryimage\"},\"image\":{\"@id\":\"https:\\\/\\\/i-confort.com\\\/?product=silver-bras-inox-800w#primaryimage\"},\"thumbnailUrl\":\"https:\\\/\\\/i-confort.com\\\/wp-content\\\/uploads\\\/2024\\\/12\\\/1-19.jpg\",\"datePublished\":\"2024-12-12T10:12:00+00:00\",\"breadcrumb\":{\"@id\":\"https:\\\/\\\/i-confort.com\\\/?product=silver-bras-inox-800w#breadcrumb\"},\"inLanguage\":\"fr-FR\",\"potentialAction\":[{\"@type\":\"ReadAction\",\"target\":[\"https:\\\/\\\/i-confort.com\\\/?product=silver-bras-inox-800w\"]}]},{\"@type\":\"ImageObject\",\"inLanguage\":\"fr-FR\",\"@id\":\"https:\\\/\\\/i-confort.com\\\/?product=silver-bras-inox-800w#primaryimage\",\"url\":\"https:\\\/\\\/i-confort.com\\\/wp-content\\\/uploads\\\/2024\\\/12\\\/1-19.jpg\",\"contentUrl\":\"https:\\\/\\\/i-confort.com\\\/wp-content\\\/uploads\\\/2024\\\/12\\\/1-19.jpg\",\"width\":500,\"height\":500},{\"@type\":\"BreadcrumbList\",\"@id\":\"https:\\\/\\\/i-confort.com\\\/?product=silver-bras-inox-800w#breadcrumb\",\"itemListElement\":[{\"@type\":\"ListItem\",\"position\":1,\"name\":\"Home\",\"item\":\"https:\\\/\\\/i-confort.com\\\/\"},{\"@type\":\"ListItem\",\"position\":2,\"name\":\"Boutique\",\"item\":\"https:\\\/\\\/i-confort.com\\\/?page_id=7\"},{\"@type\":\"ListItem\",\"position\":3,\"name\":\"SILVER bras inox 800W\"}]},{\"@type\":\"WebSite\",\"@id\":\"https:\\\/\\\/i-confort.com\\\/#website\",\"url\":\"https:\\\/\\\/i-confort.com\\\/\",\"name\":\"I-CONFORT\",\"description\":\"Site de vente en ligne\",\"potentialAction\":[{\"@type\":\"SearchAction\",\"target\":{\"@type\":\"EntryPoint\",\"urlTemplate\":\"https:\\\/\\\/i-confort.com\\\/?s={search_term_string}\"},\"query-input\":{\"@type\":\"PropertyValueSpecification\",\"valueRequired\":true,\"valueName\":\"search_term_string\"}}],\"inLanguage\":\"fr-FR\"}]}<\/script>\n<!-- \/ Yoast SEO plugin. -->","yoast_head_json":{"title":"SILVER bras inox 800W - I-CONFORT","robots":{"index":"index","follow":"follow","max-snippet":"max-snippet:-1","max-image-preview":"max-image-preview:large","max-video-preview":"max-video-preview:-1"},"canonical":"https:\/\/i-confort.com\/?product=silver-bras-inox-800w","og_locale":"fr_FR","og_type":"article","og_title":"SILVER bras inox 800W - I-CONFORT","og_description":"rincipales caract\u00e9ristiquesType de produit:\u00a0 \u00a0Mixeur m\u00e9langeur\u00a0Couleur: noir\/ inoxM\u00e9langeur en m\u00e9tal Mat\u00e9riau du pied .Puissance : 800 wattsPoign\u00e9e antid\u00e9rapante confortable2 BOUTONS DE VITESSE + 1\u00a0: Le premier bouton est r\u00e9glable en vitesse progressive gr\u00e2ce au troisi\u00e8me bouton et au deuxi\u00e8me bouton Turbo pour un m\u00e9lange d'impulsions puissant.Base mixeur amovible en inox + 4 lames en inoxBol m\u00e9langeur et doseur (0,7 litre)Conception \u00e9l\u00e9ganteTension : 220-240 V CA \/ 50-60 Hz","og_url":"https:\/\/i-confort.com\/?product=silver-bras-inox-800w","og_site_name":"I-CONFORT","og_image":[{"width":500,"height":500,"url":"https:\/\/i-confort.com\/wp-content\/uploads\/2024\/12\/1-19.jpg","type":"image\/jpeg"}],"twitter_card":"summary_large_image","schema":{"@context":"https:\/\/schema.org","@graph":[{"@type":"WebPage","@id":"https:\/\/i-confort.com\/?product=silver-bras-inox-800w","url":"https:\/\/i-confort.com\/?product=silver-bras-inox-800w","name":"SILVER bras inox 800W - I-CONFORT","isPartOf":{"@id":"https:\/\/i-confort.com\/#website"},"primaryImageOfPage":{"@id":"https:\/\/i-confort.com\/?product=silver-bras-inox-800w#primaryimage"},"image":{"@id":"https:\/\/i-confort.com\/?product=silver-bras-inox-800w#primaryimage"},"thumbnailUrl":"https:\/\/i-confort.com\/wp-content\/uploads\/2024\/12\/1-19.jpg","datePublished":"2024-12-12T10:12:00+00:00","breadcrumb":{"@id":"https:\/\/i-confort.com\/?product=silver-bras-inox-800w#breadcrumb"},"inLanguage":"fr-FR","potentialAction":[{"@type":"ReadAction","target":["https:\/\/i-confort.com\/?product=silver-bras-inox-800w"]}]},{"@type":"ImageObject","inLanguage":"fr-FR","@id":"https:\/\/i-confort.com\/?product=silver-bras-inox-800w#primaryimage","url":"https:\/\/i-confort.com\/wp-content\/uploads\/2024\/12\/1-19.jpg","contentUrl":"https:\/\/i-confort.com\/wp-content\/uploads\/2024\/12\/1-19.jpg","width":500,"height":500},{"@type":"BreadcrumbList","@id":"https:\/\/i-confort.com\/?product=silver-bras-inox-800w#breadcrumb","itemListElement":[{"@type":"ListItem","position":1,"name":"Home","item":"https:\/\/i-confort.com\/"},{"@type":"ListItem","position":2,"name":"Boutique","item":"https:\/\/i-confort.com\/?page_id=7"},{"@type":"ListItem","position":3,"name":"SILVER bras inox 800W"}]},{"@type":"WebSite","@id":"https:\/\/i-confort.com\/#website","url":"https:\/\/i-confort.com\/","name":"I-CONFORT","description":"Site de vente en ligne","potentialAction":[{"@type":"SearchAction","target":{"@type":"EntryPoint","urlTemplate":"https:\/\/i-confort.com\/?s={search_term_string}"},"query-input":{"@type":"PropertyValueSpecification","valueRequired":true,"valueName":"search_term_string"}}],"inLanguage":"fr-FR"}]}},"brands":[],"_links":{"self":[{"href":"https:\/\/i-confort.com\/index.php?rest_route=\/wp\/v2\/product\/21788","targetHints":{"allow":["GET"]}}],"collection":[{"href":"https:\/\/i-confort.com\/index.php?rest_route=\/wp\/v2\/product"}],"about":[{"href":"https:\/\/i-confort.com\/index.php?rest_route=\/wp\/v2\/types\/product"}],"wp:featuredmedia":[{"embeddable":true,"href":"https:\/\/i-confort.com\/index.php?rest_route=\/wp\/v2\/media\/21787"}],"wp:attachment":[{"href":"https:\/\/i-confort.com\/index.php?rest_route=%2Fwp%2Fv2%2Fmedia&parent=21788"}],"wp:term":[{"taxonomy":"pwb-brand","embeddable":true,"href":"https:\/\/i-confort.com\/index.php?rest_route=%2Fwp%2Fv2%2Fpwb-brand&post=21788"},{"taxonomy":"product_brand","embeddable":true,"href":"https:\/\/i-confort.com\/index.php?rest_route=%2Fwp%2Fv2%2Fproduct_brand&post=21788"},{"taxonomy":"product_cat","embeddable":true,"href":"https:\/\/i-confort.com\/index.php?rest_route=%2Fwp%2Fv2%2Fproduct_cat&post=21788"},{"taxonomy":"product_tag","embeddable":true,"href":"https:\/\/i-confort.com\/index.php?rest_route=%2Fwp%2Fv2%2Fproduct_tag&post=21788"}],"curies":[{"name":"wp","href":"https:\/\/api.w.org\/{rel}","templated":true}]}}