{"id":21815,"date":"2024-12-15T13:26:21","date_gmt":"2024-12-15T13:26:21","guid":{"rendered":"https:\/\/i-confort.com\/?product=ninja-friteuse-9-5l"},"modified":"2025-03-19T13:18:13","modified_gmt":"2025-03-19T13:18:13","slug":"ninja-friteuse-9-5l","status":"publish","type":"product","link":"https:\/\/i-confort.com\/?product=ninja-friteuse-9-5l","title":{"rendered":"NINJA friteuse 9.5L 2 BACS"},"content":{"rendered":"<div style=\"font-family: Cairo, sans-serif;font-size: 15px\" data-mce-style=\"font-family: Cairo, sans-serif; font-size: 15px;\"><strong>inja Friteuse Double Stack DualZone 9.5L &#8211; SL400EU<\/strong><\/div>\n<div style=\"font-family: Cairo, sans-serif;font-size: 15px\" data-mce-style=\"font-family: Cairo, sans-serif; font-size: 15px;\"><\/div>\n<div style=\"font-family: Cairo, sans-serif;font-size: 15px\" data-mce-style=\"font-family: Cairo, sans-serif; font-size: 15px;\"><strong>Performances\u00a0 :<\/strong><\/div>\n<div style=\"font-family: Cairo, sans-serif;font-size: 15px\" data-mce-style=\"font-family: Cairo, sans-serif; font-size: 15px;\">Id\u00e9ale pour les familles nombreuses (6 \u00e0 8 personnes), cette friteuse sans huile 9,5L permet de cuisiner jusqu\u2019\u00e0 75% plus rapidement qu\u2019avec les fours traditionnels.\u00a0 Chaque tiroir peut contenir un poulet de 1,6 kg ou jusqu&rsquo;\u00e0 1,4 kg de frites, vous pouvez donc cuisiner un plat et son accompagnement dans le m\u00eame appareil\u00a0 et les servir en m\u00eame temps !<\/div>\n<div style=\"font-family: Cairo, sans-serif;font-size: 15px\" data-mce-style=\"font-family: Cairo, sans-serif; font-size: 15px;\">Sa puissance de 2470W assure une mont\u00e9e en chauffe tr\u00e8s rapide. Gr\u00e2ce \u00e0 ses 2 tiroirs de cuisson ind\u00e9pendants, vous pourrez choisir des modes, des dur\u00e9es et des temp\u00e9ratures de cuisson diff\u00e9rents dans les deux tiroirs.<\/div>\n<div style=\"font-family: Cairo, sans-serif;font-size: 15px\" data-mce-style=\"font-family: Cairo, sans-serif; font-size: 15px;\"><\/div>\n<div style=\"font-family: Cairo, sans-serif;font-size: 15px\" data-mce-style=\"font-family: Cairo, sans-serif; font-size: 15px;\"><strong>Une capacit\u00e9 mieux optimis\u00e9e :\u00a0<\/strong><\/div>\n<div style=\"font-family: Cairo, sans-serif;font-size: 15px\" data-mce-style=\"font-family: Cairo, sans-serif; font-size: 15px;\">Profitez de deux surfaces de cuisson en un seul tiroir gr\u00e2ce au syst\u00e8me de grilles superposables. Permet de cuire jusqu\u2019\u00e0 4 couches d\u2019aliments en simultan\u00e9.<\/div>\n<div style=\"font-family: Cairo, sans-serif;font-size: 15px\" data-mce-style=\"font-family: Cairo, sans-serif; font-size: 15px;\"><\/div>\n<div style=\"font-family: Cairo, sans-serif;font-size: 15px\" data-mce-style=\"font-family: Cairo, sans-serif; font-size: 15px;\"><strong>Cuisson rapide :<\/strong><\/div>\n<div style=\"font-family: Cairo, sans-serif;font-size: 15px\" data-mce-style=\"font-family: Cairo, sans-serif; font-size: 15px;\">Jusqu\u2019\u00e0 75% plus rapide qu\u2019un four \u00e0 chaleur tournante.\u00a0<\/div>\n<div style=\"font-family: Cairo, sans-serif;font-size: 15px\" data-mce-style=\"font-family: Cairo, sans-serif; font-size: 15px;\"><\/div>\n<div style=\"font-family: Cairo, sans-serif;font-size: 15px\" data-mce-style=\"font-family: Cairo, sans-serif; font-size: 15px;\"><strong>Compact :<\/strong><\/div>\n<div style=\"font-family: Cairo, sans-serif;font-size: 15px\" data-mce-style=\"font-family: Cairo, sans-serif; font-size: 15px;\">Jusqu\u2019\u00e0 30% d\u2019espace regagn\u00e9 sur le plan de travail gr\u00e2ce \u00e0 sa conception verticale.<\/div>\n<div style=\"font-family: Cairo, sans-serif;font-size: 15px\" data-mce-style=\"font-family: Cairo, sans-serif; font-size: 15px;\"><\/div>\n<div style=\"font-family: Cairo, sans-serif;font-size: 15px\" data-mce-style=\"font-family: Cairo, sans-serif; font-size: 15px;\"><strong>Technologie dualzone :<\/strong><\/div>\n<div style=\"font-family: Cairo, sans-serif;font-size: 15px\" data-mce-style=\"font-family: Cairo, sans-serif; font-size: 15px;\">Synchronisez les fins de cuisson des 2 tiroirs et servez chaud en m\u00eame temps.<\/div>\n<div style=\"font-family: Cairo, sans-serif;font-size: 15px\" data-mce-style=\"font-family: Cairo, sans-serif; font-size: 15px;\"><\/div>\n<div style=\"font-family: Cairo, sans-serif;font-size: 15px\" data-mce-style=\"font-family: Cairo, sans-serif; font-size: 15px;\">\n<div><strong>Temp\u00e9rature :\u00a0<\/strong><\/div>\n<div>De 40\u00b0C \u00e0 240\u00b0C, ce qui permet de cuire rapidement en respectant la texture des aliments.<\/div>\n<div><\/div>\n<\/div>\n<div style=\"font-family: Cairo, sans-serif;font-size: 15px\" data-mce-style=\"font-family: Cairo, sans-serif; font-size: 15px;\"><\/div>\n<div style=\"font-family: Cairo, sans-serif;font-size: 15px\" data-mce-style=\"font-family: Cairo, sans-serif; font-size: 15px;\"><\/div>\n<div style=\"font-family: Cairo, sans-serif;font-size: 15px\" data-mce-style=\"font-family: Cairo, sans-serif; font-size: 15px;\"><\/div>\n<div style=\"font-family: Cairo, sans-serif;font-size: 15px\" data-mce-style=\"font-family: Cairo, sans-serif; font-size: 15px;\"><\/div>\n<div style=\"font-family: Cairo, sans-serif;font-size: 15px\" data-mce-style=\"font-family: Cairo, sans-serif; font-size: 15px;\"><\/div>\n<div style=\"font-family: Cairo, sans-serif;font-size: 15px\" data-mce-style=\"font-family: Cairo, sans-serif; font-size: 15px;\"><\/div>\n<div style=\"font-family: Cairo, sans-serif;font-size: 15px\" data-mce-style=\"font-family: Cairo, sans-serif; font-size: 15px;\"><strong>6 modes :<\/strong><\/div>\n<div style=\"font-family: Cairo, sans-serif;font-size: 15px\" data-mce-style=\"font-family: Cairo, sans-serif; font-size: 15px;\">Les 6 modes de cuisson personnalisables permettent de frire sans huile, r\u00f4tir, cuire au four, r\u00e9chauffer et d\u00e9shydrater.\u00a0<\/div>\n<div style=\"font-family: Cairo, sans-serif;font-size: 15px\" data-mce-style=\"font-family: Cairo, sans-serif; font-size: 15px;\">&#8211;\u00a0<strong>Frire sans huile (Air Fry)<\/strong>\u00a0: pr\u00e9parez vos fritures pr\u00e9f\u00e9r\u00e9es en utilisant jusqu\u2019\u00e0 75 % de mati\u00e8res grasses en moins et d\u00e9gustez-les sans culpabiliser.<\/div>\n<div style=\"font-family: Cairo, sans-serif;font-size: 15px\" data-mce-style=\"font-family: Cairo, sans-serif; font-size: 15px;\">L&rsquo;air ultra-chaud circule autour des aliments pour les cuire de fa\u00e7on uniforme et leur donner un fini parfaitement dor\u00e9 : id\u00e9al pour pr\u00e9parer des pommes de terre grenaille parfaitement r\u00f4ties, des crevettes \u00e0 l&rsquo;ail, des arancinis maison ou des falafels.<\/div>\n<div style=\"font-family: Cairo, sans-serif;font-size: 15px\" data-mce-style=\"font-family: Cairo, sans-serif; font-size: 15px;\">&#8211;\u00a0<strong>Max Crisp\u00a0<\/strong>: faites cuire et croustiller tous vos aliments surgel\u00e9s pr\u00e9f\u00e9r\u00e9s en seulement quelques minutes gr\u00e2ce \u00e0 une temp\u00e9rature de 240 \u00b0C. Poisson pan\u00e9, nuggets de poulet, frites de patates douces bien dor\u00e9es.<\/div>\n<div style=\"font-family: Cairo, sans-serif;font-size: 15px\" data-mce-style=\"font-family: Cairo, sans-serif; font-size: 15px;\">Les possibilit\u00e9s sont infinies pour cuisiner rapidement de d\u00e9licieux repas.<\/div>\n<div style=\"font-family: Cairo, sans-serif;font-size: 15px\" data-mce-style=\"font-family: Cairo, sans-serif; font-size: 15px;\">&#8211;\u00a0<strong>R\u00f4tir\u00a0<\/strong>: faites r\u00f4tir \u00e0 la perfection du gigot d&rsquo;agneau, des pav\u00e9s de saumon ou des magrets de canard accompagn\u00e9s de pommes de terre aux herbes, de tomates confites au vinaigre balsamique et de l\u00e9gumes r\u00f4tis.<\/div>\n<div style=\"font-family: Cairo, sans-serif;font-size: 15px\" data-mce-style=\"font-family: Cairo, sans-serif; font-size: 15px;\">&#8211;\u00a0<strong>Cuire au four<\/strong>\u00a0: faites cuire vos propres pains, biscuits ou viennoiseries maison ou donnez un fini parfaitement dor\u00e9 et croustillant \u00e0 vos gratins.<\/div>\n<div style=\"font-family: Cairo, sans-serif;font-size: 15px\" data-mce-style=\"font-family: Cairo, sans-serif; font-size: 15px;\">&#8211;\u00a0<strong>D\u00e9shydrater\u00a0<\/strong>: faites s\u00e9cher d\u00e9licatement vos aliments pr\u00e9f\u00e9r\u00e9s pour cr\u00e9er de d\u00e9licieux fruits secs, chips de l\u00e9gumes ou m\u00eame vos propres herbes s\u00e9ch\u00e9es maison.<\/div>\n<div style=\"font-family: Cairo, sans-serif;font-size: 15px\" data-mce-style=\"font-family: Cairo, sans-serif; font-size: 15px;\">&#8211;\u00a0<strong>R\u00e9chauffer\u00a0<\/strong>: redonnez une saveur de plat tout juste sorti du four \u00e0 tous vos restes. Id\u00e9al pour r\u00e9chauffer des restes de pizza, de quiche, de nems et de nombreux autres plats.<\/div>\n<div style=\"font-family: Cairo, sans-serif;font-size: 15px\" data-mce-style=\"font-family: Cairo, sans-serif; font-size: 15px;\"><\/div>\n<div style=\"font-family: Cairo, sans-serif;font-size: 15px\" data-mce-style=\"font-family: Cairo, sans-serif; font-size: 15px;\">La friteuse vous permet de cuire \u00e0 partir d&rsquo;aliments encore congel\u00e9s.<\/div>\n<div style=\"font-family: Cairo, sans-serif;font-size: 15px\" data-mce-style=\"font-family: Cairo, sans-serif; font-size: 15px;\">Le flux d&rsquo;air est rapide pour un r\u00e9sultat croustillant et uniforme.\u00a0<\/div>\n","protected":false},"excerpt":{"rendered":"<p><\/p>\n","protected":false},"featured_media":21814,"template":"","meta":{"_coblocks_attr":"","_coblocks_dimensions":"","_coblocks_responsive_height":"","_coblocks_accordion_ie_support":""},"pwb-brand":[],"product_brand":[],"product_cat":[97],"product_tag":[],"class_list":{"0":"post-21815","1":"product","2":"type-product","3":"status-publish","4":"has-post-thumbnail","6":"product_cat-electromenagers","9":"first","10":"instock","11":"taxable","12":"shipping-taxable","13":"purchasable","14":"product-type-simple"},"yoast_head":"<!-- This site is optimized with the Yoast SEO plugin v27.4 - https:\/\/yoast.com\/product\/yoast-seo-wordpress\/ -->\n<title>NINJA friteuse 9.5L 2 BACS - I-CONFORT<\/title>\n<meta name=\"robots\" content=\"index, follow, max-snippet:-1, max-image-preview:large, max-video-preview:-1\" \/>\n<link rel=\"canonical\" href=\"https:\/\/i-confort.com\/?product=ninja-friteuse-9-5l\" \/>\n<meta property=\"og:locale\" content=\"fr_FR\" \/>\n<meta property=\"og:type\" content=\"article\" \/>\n<meta property=\"og:title\" content=\"NINJA friteuse 9.5L 2 BACS - I-CONFORT\" \/>\n<meta property=\"og:url\" content=\"https:\/\/i-confort.com\/?product=ninja-friteuse-9-5l\" \/>\n<meta property=\"og:site_name\" content=\"I-CONFORT\" \/>\n<meta property=\"article:modified_time\" content=\"2025-03-19T13:18:13+00:00\" \/>\n<meta property=\"og:image\" content=\"https:\/\/i-confort.com\/wp-content\/uploads\/2024\/12\/NINJA.jpg\" \/>\n\t<meta property=\"og:image:width\" content=\"680\" \/>\n\t<meta property=\"og:image:height\" content=\"680\" \/>\n\t<meta property=\"og:image:type\" content=\"image\/jpeg\" \/>\n<meta name=\"twitter:card\" content=\"summary_large_image\" \/>\n<meta name=\"twitter:label1\" content=\"Dur\u00e9e de lecture estim\u00e9e\" \/>\n\t<meta name=\"twitter:data1\" content=\"2 minutes\" \/>\n<script type=\"application\/ld+json\" class=\"yoast-schema-graph\">{\"@context\":\"https:\\\/\\\/schema.org\",\"@graph\":[{\"@type\":\"WebPage\",\"@id\":\"https:\\\/\\\/i-confort.com\\\/?product=ninja-friteuse-9-5l\",\"url\":\"https:\\\/\\\/i-confort.com\\\/?product=ninja-friteuse-9-5l\",\"name\":\"NINJA friteuse 9.5L 2 BACS - I-CONFORT\",\"isPartOf\":{\"@id\":\"https:\\\/\\\/i-confort.com\\\/#website\"},\"primaryImageOfPage\":{\"@id\":\"https:\\\/\\\/i-confort.com\\\/?product=ninja-friteuse-9-5l#primaryimage\"},\"image\":{\"@id\":\"https:\\\/\\\/i-confort.com\\\/?product=ninja-friteuse-9-5l#primaryimage\"},\"thumbnailUrl\":\"https:\\\/\\\/i-confort.com\\\/wp-content\\\/uploads\\\/2024\\\/12\\\/NINJA.jpg\",\"datePublished\":\"2024-12-15T13:26:21+00:00\",\"dateModified\":\"2025-03-19T13:18:13+00:00\",\"breadcrumb\":{\"@id\":\"https:\\\/\\\/i-confort.com\\\/?product=ninja-friteuse-9-5l#breadcrumb\"},\"inLanguage\":\"fr-FR\",\"potentialAction\":[{\"@type\":\"ReadAction\",\"target\":[\"https:\\\/\\\/i-confort.com\\\/?product=ninja-friteuse-9-5l\"]}]},{\"@type\":\"ImageObject\",\"inLanguage\":\"fr-FR\",\"@id\":\"https:\\\/\\\/i-confort.com\\\/?product=ninja-friteuse-9-5l#primaryimage\",\"url\":\"https:\\\/\\\/i-confort.com\\\/wp-content\\\/uploads\\\/2024\\\/12\\\/NINJA.jpg\",\"contentUrl\":\"https:\\\/\\\/i-confort.com\\\/wp-content\\\/uploads\\\/2024\\\/12\\\/NINJA.jpg\",\"width\":680,\"height\":680},{\"@type\":\"BreadcrumbList\",\"@id\":\"https:\\\/\\\/i-confort.com\\\/?product=ninja-friteuse-9-5l#breadcrumb\",\"itemListElement\":[{\"@type\":\"ListItem\",\"position\":1,\"name\":\"Home\",\"item\":\"https:\\\/\\\/i-confort.com\\\/\"},{\"@type\":\"ListItem\",\"position\":2,\"name\":\"Boutique\",\"item\":\"https:\\\/\\\/i-confort.com\\\/?page_id=7\"},{\"@type\":\"ListItem\",\"position\":3,\"name\":\"NINJA friteuse 9.5L 2 BACS\"}]},{\"@type\":\"WebSite\",\"@id\":\"https:\\\/\\\/i-confort.com\\\/#website\",\"url\":\"https:\\\/\\\/i-confort.com\\\/\",\"name\":\"I-CONFORT\",\"description\":\"Site de vente en ligne\",\"potentialAction\":[{\"@type\":\"SearchAction\",\"target\":{\"@type\":\"EntryPoint\",\"urlTemplate\":\"https:\\\/\\\/i-confort.com\\\/?s={search_term_string}\"},\"query-input\":{\"@type\":\"PropertyValueSpecification\",\"valueRequired\":true,\"valueName\":\"search_term_string\"}}],\"inLanguage\":\"fr-FR\"}]}<\/script>\n<!-- \/ Yoast SEO plugin. -->","yoast_head_json":{"title":"NINJA friteuse 9.5L 2 BACS - I-CONFORT","robots":{"index":"index","follow":"follow","max-snippet":"max-snippet:-1","max-image-preview":"max-image-preview:large","max-video-preview":"max-video-preview:-1"},"canonical":"https:\/\/i-confort.com\/?product=ninja-friteuse-9-5l","og_locale":"fr_FR","og_type":"article","og_title":"NINJA friteuse 9.5L 2 BACS - I-CONFORT","og_url":"https:\/\/i-confort.com\/?product=ninja-friteuse-9-5l","og_site_name":"I-CONFORT","article_modified_time":"2025-03-19T13:18:13+00:00","og_image":[{"width":680,"height":680,"url":"https:\/\/i-confort.com\/wp-content\/uploads\/2024\/12\/NINJA.jpg","type":"image\/jpeg"}],"twitter_card":"summary_large_image","twitter_misc":{"Dur\u00e9e de lecture estim\u00e9e":"2 minutes"},"schema":{"@context":"https:\/\/schema.org","@graph":[{"@type":"WebPage","@id":"https:\/\/i-confort.com\/?product=ninja-friteuse-9-5l","url":"https:\/\/i-confort.com\/?product=ninja-friteuse-9-5l","name":"NINJA friteuse 9.5L 2 BACS - I-CONFORT","isPartOf":{"@id":"https:\/\/i-confort.com\/#website"},"primaryImageOfPage":{"@id":"https:\/\/i-confort.com\/?product=ninja-friteuse-9-5l#primaryimage"},"image":{"@id":"https:\/\/i-confort.com\/?product=ninja-friteuse-9-5l#primaryimage"},"thumbnailUrl":"https:\/\/i-confort.com\/wp-content\/uploads\/2024\/12\/NINJA.jpg","datePublished":"2024-12-15T13:26:21+00:00","dateModified":"2025-03-19T13:18:13+00:00","breadcrumb":{"@id":"https:\/\/i-confort.com\/?product=ninja-friteuse-9-5l#breadcrumb"},"inLanguage":"fr-FR","potentialAction":[{"@type":"ReadAction","target":["https:\/\/i-confort.com\/?product=ninja-friteuse-9-5l"]}]},{"@type":"ImageObject","inLanguage":"fr-FR","@id":"https:\/\/i-confort.com\/?product=ninja-friteuse-9-5l#primaryimage","url":"https:\/\/i-confort.com\/wp-content\/uploads\/2024\/12\/NINJA.jpg","contentUrl":"https:\/\/i-confort.com\/wp-content\/uploads\/2024\/12\/NINJA.jpg","width":680,"height":680},{"@type":"BreadcrumbList","@id":"https:\/\/i-confort.com\/?product=ninja-friteuse-9-5l#breadcrumb","itemListElement":[{"@type":"ListItem","position":1,"name":"Home","item":"https:\/\/i-confort.com\/"},{"@type":"ListItem","position":2,"name":"Boutique","item":"https:\/\/i-confort.com\/?page_id=7"},{"@type":"ListItem","position":3,"name":"NINJA friteuse 9.5L 2 BACS"}]},{"@type":"WebSite","@id":"https:\/\/i-confort.com\/#website","url":"https:\/\/i-confort.com\/","name":"I-CONFORT","description":"Site de vente en ligne","potentialAction":[{"@type":"SearchAction","target":{"@type":"EntryPoint","urlTemplate":"https:\/\/i-confort.com\/?s={search_term_string}"},"query-input":{"@type":"PropertyValueSpecification","valueRequired":true,"valueName":"search_term_string"}}],"inLanguage":"fr-FR"}]}},"brands":[],"_links":{"self":[{"href":"https:\/\/i-confort.com\/index.php?rest_route=\/wp\/v2\/product\/21815","targetHints":{"allow":["GET"]}}],"collection":[{"href":"https:\/\/i-confort.com\/index.php?rest_route=\/wp\/v2\/product"}],"about":[{"href":"https:\/\/i-confort.com\/index.php?rest_route=\/wp\/v2\/types\/product"}],"wp:featuredmedia":[{"embeddable":true,"href":"https:\/\/i-confort.com\/index.php?rest_route=\/wp\/v2\/media\/21814"}],"wp:attachment":[{"href":"https:\/\/i-confort.com\/index.php?rest_route=%2Fwp%2Fv2%2Fmedia&parent=21815"}],"wp:term":[{"taxonomy":"pwb-brand","embeddable":true,"href":"https:\/\/i-confort.com\/index.php?rest_route=%2Fwp%2Fv2%2Fpwb-brand&post=21815"},{"taxonomy":"product_brand","embeddable":true,"href":"https:\/\/i-confort.com\/index.php?rest_route=%2Fwp%2Fv2%2Fproduct_brand&post=21815"},{"taxonomy":"product_cat","embeddable":true,"href":"https:\/\/i-confort.com\/index.php?rest_route=%2Fwp%2Fv2%2Fproduct_cat&post=21815"},{"taxonomy":"product_tag","embeddable":true,"href":"https:\/\/i-confort.com\/index.php?rest_route=%2Fwp%2Fv2%2Fproduct_tag&post=21815"}],"curies":[{"name":"wp","href":"https:\/\/api.w.org\/{rel}","templated":true}]}}