{"id":21839,"date":"2024-12-15T15:03:03","date_gmt":"2024-12-15T15:03:03","guid":{"rendered":"https:\/\/i-confort.com\/?product=rowenta-aspirateur-5000w-ro72oe0"},"modified":"2024-12-15T15:03:03","modified_gmt":"2024-12-15T15:03:03","slug":"rowenta-aspirateur-5000w-ro72oe0","status":"publish","type":"product","link":"https:\/\/i-confort.com\/?product=rowenta-aspirateur-5000w-ro72oe0","title":{"rendered":"ROWENTA aspirateur 5000W\/RO72OE0"},"content":{"rendered":"<p><br data-mce-bogus=\"1\"><\/p>\n","protected":false},"excerpt":{"rendered":"<ul style=\"margin-top: 24px;margin-bottom: 10px;padding: 0px 0px 0px 18px;font-family: Cairo, sans-serif;font-size: 15px\">\n<li style=\"padding-left: 4px\">Tr\u00e8s silencieux avec seulement 65 dB(A)<\/li>\n<li style=\"padding-left: 4px\">\u00a0T\u00eate d&rsquo;aspiration \u00e0 2 positions garantit un nettoyage en profondeur et une glisse parfaite<\/li>\n<li style=\"padding-left: 4px\">\u00a0Grande capacit\u00e9 de 2,5 L<\/li>\n<\/ul>\n<div class=\"table-heading-product\" style=\"font-family: Cairo, sans-serif;font-size: 15px\">\n<ul class=\"details-heading-product\" style=\"margin-top: 24px;margin-bottom: 10px;padding: 0px 0px 0px 18px\">\n<li class=\"titre\" style=\"padding-left: 4px\">G\u00c9N\u00c9RALES<\/li>\n<li style=\"padding-left: 4px\">EAN<span class=\"strong\">3221614007101<\/span><\/li>\n<li style=\"padding-left: 4px\">Marque<span class=\"strong\">ROWENTA<\/span><\/li>\n<li style=\"padding-left: 4px\">Couleur du produit<span class=\"strong\">Rouge<\/span><\/li>\n<li class=\"titre\" style=\"padding-left: 4px\">CARACT\u00c9RISTIQUES DU PRODUIT<\/li>\n<li style=\"padding-left: 4px\">Type d&rsquo;aspirateur<span class=\"strong\">Tra\u00eeneau<\/span><\/li>\n<li style=\"padding-left: 4px\">Type de collecteur<span class=\"strong\">Sans Sac<\/span><\/li>\n<li style=\"padding-left: 4px\">Puissance maxi en watts<span class=\"strong\">550<\/span><\/li>\n<li style=\"padding-left: 4px\">Alimentation<span class=\"strong\">Secteur<\/span><\/li>\n<li style=\"padding-left: 4px\">Autonomie en mn<span class=\"strong\">n\/a<\/span><\/li>\n<li style=\"padding-left: 4px\">Volume maximum de poussi\u00e8re collect\u00e9 (en litres)<span class=\"strong\">2.5<\/span><\/li>\n<li style=\"padding-left: 4px\">Variateur de puissance<span class=\"strong\">Oui<\/span><\/li>\n<li style=\"padding-left: 4px\">Commande \u00e9lectronique \u00e0 la poign\u00e9e<span class=\"strong\">Oui<\/span><\/li>\n<li style=\"padding-left: 4px\">C\u00e2ble enrouleur<span class=\"strong\">Oui<\/span><\/li>\n<li style=\"padding-left: 4px\">Longueur du cable<span class=\"strong\">8,4 m<\/span><\/li>\n<li style=\"padding-left: 4px\">Multifonction<span class=\"strong\">Non<\/span><\/li>\n<li style=\"padding-left: 4px\">Tube<span class=\"strong\">M\u00e9tal T\u00e9lescopique<\/span><\/li>\n<li style=\"padding-left: 4px\">Niveau sonore (db)<span class=\"strong\">65<\/span><\/li>\n<\/ul>\n<p>\u00a0<\/p>\n<ul class=\"details-heading-product\" style=\"margin-top: 24px;margin-bottom: 10px;padding: 0px 0px 0px 18px\">\n<li style=\"padding-left: 4px\">Puissance en watts (pem)<span class=\"strong\">550<\/span><\/li>\n<li style=\"padding-left: 4px\">Rayon d&rsquo;action<span class=\"strong\">11 m<\/span><\/li>\n<li style=\"padding-left: 4px\">Niveau sonore<span class=\"strong\">65 dB(A)<\/span><\/li>\n<li class=\"titre\" style=\"padding-left: 4px\">FONCTIONNALIT\u00c9S<\/li>\n<li style=\"padding-left: 4px\">Rayon d&rsquo;action en m<span class=\"strong\">11<\/span><\/li>\n<li style=\"padding-left: 4px\">Syst\u00e8me de filtrage (aspirateurs sans sac)<span class=\"strong\">Filtre Cyclone<\/span><\/li>\n<li class=\"titre\" style=\"padding-left: 4px\">ACCESSOIRES<\/li>\n<li style=\"padding-left: 4px\">Accessoires<span class=\"strong\">suceur fente et suceur d&rsquo;ameublement plat<\/span><\/li>\n<li style=\"padding-left: 4px\">Brosses sp\u00e9cifiques<span class=\"strong\">Brosse parquet softcare<\/span><\/li>\n<li style=\"padding-left: 4px\">Brosse pour poils d&rsquo;animaux<span class=\"strong\">Non<\/span><\/li>\n<li style=\"padding-left: 4px\">Electrobrosse<span class=\"strong\">Non<\/span><\/li>\n<li style=\"padding-left: 4px\">Turbo brosse<span class=\"strong\">Non<\/span><\/li>\n<li class=\"titre\" style=\"padding-left: 4px\">CARACT\u00c9RISTIQUES DU COLIS<\/li>\n<li style=\"padding-left: 4px\">Dimensions colis 1<span class=\"strong\">L. 38 cm x l. 57 cm x H. 36 cm &#8211; Pds 10 kg<\/span><\/li>\n<li style=\"padding-left: 4px\">Nombre de colis<span class=\"strong\">1<\/span><\/li>\n<\/ul>\n<\/div>\n","protected":false},"featured_media":21838,"template":"","meta":{"_coblocks_attr":"","_coblocks_dimensions":"","_coblocks_responsive_height":"","_coblocks_accordion_ie_support":""},"pwb-brand":[428],"product_brand":[],"product_cat":[97],"product_tag":[],"class_list":{"0":"post-21839","1":"product","2":"type-product","3":"status-publish","4":"has-post-thumbnail","6":"pwb-brand-rowenta","7":"product_cat-electromenagers","10":"first","11":"instock","12":"taxable","13":"shipping-taxable","14":"purchasable","15":"product-type-simple"},"yoast_head":"<!-- This site is optimized with the Yoast SEO plugin v27.4 - https:\/\/yoast.com\/product\/yoast-seo-wordpress\/ -->\n<title>ROWENTA aspirateur 5000W\/RO72OE0 - I-CONFORT<\/title>\n<meta name=\"robots\" content=\"index, follow, max-snippet:-1, max-image-preview:large, max-video-preview:-1\" \/>\n<link rel=\"canonical\" href=\"https:\/\/i-confort.com\/?product=rowenta-aspirateur-5000w-ro72oe0\" \/>\n<meta property=\"og:locale\" content=\"fr_FR\" \/>\n<meta property=\"og:type\" content=\"article\" \/>\n<meta property=\"og:title\" content=\"ROWENTA aspirateur 5000W\/RO72OE0 - I-CONFORT\" \/>\n<meta property=\"og:description\" content=\"Tr\u00e8s silencieux avec seulement 65 dB(A)\u00a0T\u00eate d&#039;aspiration \u00e0 2 positions garantit un nettoyage en profondeur et une glisse parfaite\u00a0Grande capacit\u00e9 de 2,5 LG\u00c9N\u00c9RALESEAN3221614007101MarqueROWENTACouleur du produitRougeCARACT\u00c9RISTIQUES DU PRODUITType d&#039;aspirateurTra\u00eeneauType de collecteurSans SacPuissance maxi en watts550AlimentationSecteurAutonomie en mnn\/aVolume maximum de poussi\u00e8re collect\u00e9 (en litres)2.5Variateur de puissanceOuiCommande \u00e9lectronique \u00e0 la poign\u00e9eOuiC\u00e2ble enrouleurOuiLongueur du cable8,4 mMultifonctionNonTubeM\u00e9tal T\u00e9lescopiqueNiveau sonore (db)65\u00a0Puissance en watts (pem)550Rayon d&#039;action11 mNiveau sonore65 dB(A)FONCTIONNALIT\u00c9SRayon d&#039;action en m11Syst\u00e8me de filtrage (aspirateurs sans sac)Filtre CycloneACCESSOIRESAccessoiressuceur fente et suceur d&#039;ameublement platBrosses sp\u00e9cifiquesBrosse parquet softcareBrosse pour poils d&#039;animauxNonElectrobrosseNonTurbo brosseNonCARACT\u00c9RISTIQUES DU COLISDimensions colis 1L. 38 cm x l. 57 cm x H. 36 cm - Pds 10 kgNombre de colis1\" \/>\n<meta property=\"og:url\" content=\"https:\/\/i-confort.com\/?product=rowenta-aspirateur-5000w-ro72oe0\" \/>\n<meta property=\"og:site_name\" content=\"I-CONFORT\" \/>\n<meta property=\"og:image\" content=\"https:\/\/i-confort.com\/wp-content\/uploads\/2024\/12\/ASPIRATEUR.jpg\" \/>\n\t<meta property=\"og:image:width\" content=\"225\" \/>\n\t<meta property=\"og:image:height\" content=\"225\" \/>\n\t<meta property=\"og:image:type\" content=\"image\/jpeg\" \/>\n<meta name=\"twitter:card\" content=\"summary_large_image\" \/>\n<script type=\"application\/ld+json\" class=\"yoast-schema-graph\">{\"@context\":\"https:\\\/\\\/schema.org\",\"@graph\":[{\"@type\":\"WebPage\",\"@id\":\"https:\\\/\\\/i-confort.com\\\/?product=rowenta-aspirateur-5000w-ro72oe0\",\"url\":\"https:\\\/\\\/i-confort.com\\\/?product=rowenta-aspirateur-5000w-ro72oe0\",\"name\":\"ROWENTA aspirateur 5000W\\\/RO72OE0 - I-CONFORT\",\"isPartOf\":{\"@id\":\"https:\\\/\\\/i-confort.com\\\/#website\"},\"primaryImageOfPage\":{\"@id\":\"https:\\\/\\\/i-confort.com\\\/?product=rowenta-aspirateur-5000w-ro72oe0#primaryimage\"},\"image\":{\"@id\":\"https:\\\/\\\/i-confort.com\\\/?product=rowenta-aspirateur-5000w-ro72oe0#primaryimage\"},\"thumbnailUrl\":\"https:\\\/\\\/i-confort.com\\\/wp-content\\\/uploads\\\/2024\\\/12\\\/ASPIRATEUR.jpg\",\"datePublished\":\"2024-12-15T15:03:03+00:00\",\"breadcrumb\":{\"@id\":\"https:\\\/\\\/i-confort.com\\\/?product=rowenta-aspirateur-5000w-ro72oe0#breadcrumb\"},\"inLanguage\":\"fr-FR\",\"potentialAction\":[{\"@type\":\"ReadAction\",\"target\":[\"https:\\\/\\\/i-confort.com\\\/?product=rowenta-aspirateur-5000w-ro72oe0\"]}]},{\"@type\":\"ImageObject\",\"inLanguage\":\"fr-FR\",\"@id\":\"https:\\\/\\\/i-confort.com\\\/?product=rowenta-aspirateur-5000w-ro72oe0#primaryimage\",\"url\":\"https:\\\/\\\/i-confort.com\\\/wp-content\\\/uploads\\\/2024\\\/12\\\/ASPIRATEUR.jpg\",\"contentUrl\":\"https:\\\/\\\/i-confort.com\\\/wp-content\\\/uploads\\\/2024\\\/12\\\/ASPIRATEUR.jpg\",\"width\":225,\"height\":225},{\"@type\":\"BreadcrumbList\",\"@id\":\"https:\\\/\\\/i-confort.com\\\/?product=rowenta-aspirateur-5000w-ro72oe0#breadcrumb\",\"itemListElement\":[{\"@type\":\"ListItem\",\"position\":1,\"name\":\"Home\",\"item\":\"https:\\\/\\\/i-confort.com\\\/\"},{\"@type\":\"ListItem\",\"position\":2,\"name\":\"Boutique\",\"item\":\"https:\\\/\\\/i-confort.com\\\/?page_id=7\"},{\"@type\":\"ListItem\",\"position\":3,\"name\":\"ROWENTA aspirateur 5000W\\\/RO72OE0\"}]},{\"@type\":\"WebSite\",\"@id\":\"https:\\\/\\\/i-confort.com\\\/#website\",\"url\":\"https:\\\/\\\/i-confort.com\\\/\",\"name\":\"I-CONFORT\",\"description\":\"Site de vente en ligne\",\"potentialAction\":[{\"@type\":\"SearchAction\",\"target\":{\"@type\":\"EntryPoint\",\"urlTemplate\":\"https:\\\/\\\/i-confort.com\\\/?s={search_term_string}\"},\"query-input\":{\"@type\":\"PropertyValueSpecification\",\"valueRequired\":true,\"valueName\":\"search_term_string\"}}],\"inLanguage\":\"fr-FR\"}]}<\/script>\n<!-- \/ Yoast SEO plugin. -->","yoast_head_json":{"title":"ROWENTA aspirateur 5000W\/RO72OE0 - I-CONFORT","robots":{"index":"index","follow":"follow","max-snippet":"max-snippet:-1","max-image-preview":"max-image-preview:large","max-video-preview":"max-video-preview:-1"},"canonical":"https:\/\/i-confort.com\/?product=rowenta-aspirateur-5000w-ro72oe0","og_locale":"fr_FR","og_type":"article","og_title":"ROWENTA aspirateur 5000W\/RO72OE0 - I-CONFORT","og_description":"Tr\u00e8s silencieux avec seulement 65 dB(A)\u00a0T\u00eate d'aspiration \u00e0 2 positions garantit un nettoyage en profondeur et une glisse parfaite\u00a0Grande capacit\u00e9 de 2,5 LG\u00c9N\u00c9RALESEAN3221614007101MarqueROWENTACouleur du produitRougeCARACT\u00c9RISTIQUES DU PRODUITType d'aspirateurTra\u00eeneauType de collecteurSans SacPuissance maxi en watts550AlimentationSecteurAutonomie en mnn\/aVolume maximum de poussi\u00e8re collect\u00e9 (en litres)2.5Variateur de puissanceOuiCommande \u00e9lectronique \u00e0 la poign\u00e9eOuiC\u00e2ble enrouleurOuiLongueur du cable8,4 mMultifonctionNonTubeM\u00e9tal T\u00e9lescopiqueNiveau sonore (db)65\u00a0Puissance en watts (pem)550Rayon d'action11 mNiveau sonore65 dB(A)FONCTIONNALIT\u00c9SRayon d'action en m11Syst\u00e8me de filtrage (aspirateurs sans sac)Filtre CycloneACCESSOIRESAccessoiressuceur fente et suceur d'ameublement platBrosses sp\u00e9cifiquesBrosse parquet softcareBrosse pour poils d'animauxNonElectrobrosseNonTurbo brosseNonCARACT\u00c9RISTIQUES DU COLISDimensions colis 1L. 38 cm x l. 57 cm x H. 36 cm - Pds 10 kgNombre de colis1","og_url":"https:\/\/i-confort.com\/?product=rowenta-aspirateur-5000w-ro72oe0","og_site_name":"I-CONFORT","og_image":[{"width":225,"height":225,"url":"https:\/\/i-confort.com\/wp-content\/uploads\/2024\/12\/ASPIRATEUR.jpg","type":"image\/jpeg"}],"twitter_card":"summary_large_image","schema":{"@context":"https:\/\/schema.org","@graph":[{"@type":"WebPage","@id":"https:\/\/i-confort.com\/?product=rowenta-aspirateur-5000w-ro72oe0","url":"https:\/\/i-confort.com\/?product=rowenta-aspirateur-5000w-ro72oe0","name":"ROWENTA aspirateur 5000W\/RO72OE0 - I-CONFORT","isPartOf":{"@id":"https:\/\/i-confort.com\/#website"},"primaryImageOfPage":{"@id":"https:\/\/i-confort.com\/?product=rowenta-aspirateur-5000w-ro72oe0#primaryimage"},"image":{"@id":"https:\/\/i-confort.com\/?product=rowenta-aspirateur-5000w-ro72oe0#primaryimage"},"thumbnailUrl":"https:\/\/i-confort.com\/wp-content\/uploads\/2024\/12\/ASPIRATEUR.jpg","datePublished":"2024-12-15T15:03:03+00:00","breadcrumb":{"@id":"https:\/\/i-confort.com\/?product=rowenta-aspirateur-5000w-ro72oe0#breadcrumb"},"inLanguage":"fr-FR","potentialAction":[{"@type":"ReadAction","target":["https:\/\/i-confort.com\/?product=rowenta-aspirateur-5000w-ro72oe0"]}]},{"@type":"ImageObject","inLanguage":"fr-FR","@id":"https:\/\/i-confort.com\/?product=rowenta-aspirateur-5000w-ro72oe0#primaryimage","url":"https:\/\/i-confort.com\/wp-content\/uploads\/2024\/12\/ASPIRATEUR.jpg","contentUrl":"https:\/\/i-confort.com\/wp-content\/uploads\/2024\/12\/ASPIRATEUR.jpg","width":225,"height":225},{"@type":"BreadcrumbList","@id":"https:\/\/i-confort.com\/?product=rowenta-aspirateur-5000w-ro72oe0#breadcrumb","itemListElement":[{"@type":"ListItem","position":1,"name":"Home","item":"https:\/\/i-confort.com\/"},{"@type":"ListItem","position":2,"name":"Boutique","item":"https:\/\/i-confort.com\/?page_id=7"},{"@type":"ListItem","position":3,"name":"ROWENTA aspirateur 5000W\/RO72OE0"}]},{"@type":"WebSite","@id":"https:\/\/i-confort.com\/#website","url":"https:\/\/i-confort.com\/","name":"I-CONFORT","description":"Site de vente en ligne","potentialAction":[{"@type":"SearchAction","target":{"@type":"EntryPoint","urlTemplate":"https:\/\/i-confort.com\/?s={search_term_string}"},"query-input":{"@type":"PropertyValueSpecification","valueRequired":true,"valueName":"search_term_string"}}],"inLanguage":"fr-FR"}]}},"brands":[{"id":428,"name":"ROWENTA","slug":"rowenta"}],"_links":{"self":[{"href":"https:\/\/i-confort.com\/index.php?rest_route=\/wp\/v2\/product\/21839","targetHints":{"allow":["GET"]}}],"collection":[{"href":"https:\/\/i-confort.com\/index.php?rest_route=\/wp\/v2\/product"}],"about":[{"href":"https:\/\/i-confort.com\/index.php?rest_route=\/wp\/v2\/types\/product"}],"wp:featuredmedia":[{"embeddable":true,"href":"https:\/\/i-confort.com\/index.php?rest_route=\/wp\/v2\/media\/21838"}],"wp:attachment":[{"href":"https:\/\/i-confort.com\/index.php?rest_route=%2Fwp%2Fv2%2Fmedia&parent=21839"}],"wp:term":[{"taxonomy":"pwb-brand","embeddable":true,"href":"https:\/\/i-confort.com\/index.php?rest_route=%2Fwp%2Fv2%2Fpwb-brand&post=21839"},{"taxonomy":"product_brand","embeddable":true,"href":"https:\/\/i-confort.com\/index.php?rest_route=%2Fwp%2Fv2%2Fproduct_brand&post=21839"},{"taxonomy":"product_cat","embeddable":true,"href":"https:\/\/i-confort.com\/index.php?rest_route=%2Fwp%2Fv2%2Fproduct_cat&post=21839"},{"taxonomy":"product_tag","embeddable":true,"href":"https:\/\/i-confort.com\/index.php?rest_route=%2Fwp%2Fv2%2Fproduct_tag&post=21839"}],"curies":[{"name":"wp","href":"https:\/\/api.w.org\/{rel}","templated":true}]}}