{"id":21843,"date":"2024-12-15T15:12:37","date_gmt":"2024-12-15T15:12:37","guid":{"rendered":"https:\/\/i-confort.com\/?product=rowenta-aspirateur-expert-6-60-rh68"},"modified":"2024-12-15T15:12:37","modified_gmt":"2024-12-15T15:12:37","slug":"rowenta-aspirateur-expert-6-60-rh68","status":"publish","type":"product","link":"https:\/\/i-confort.com\/?product=rowenta-aspirateur-expert-6-60-rh68","title":{"rendered":"Rowenta aspirateur expert 6.60\/RH68"},"content":{"rendered":"<p><br data-mce-bogus=\"1\"><\/p>\n","protected":false},"excerpt":{"rendered":"<h3 style=\"font-family: Cairo, sans-serif;font-weight: 500;line-height: 1.1;margin-top: 20px;margin-bottom: 10px;font-size: 24px\"><strong>L&rsquo;aspirateur balai sans fil X-PERT 6.60 de Rowenta\u00a0<\/strong>offre une belle exp\u00e9rience de nettoyage gr\u00e2ce \u00e0 sa t\u00eate d&rsquo;aspiration avec un \u00e9clairage LEDs et sa technologie de pointe pour un nettoyage sans effort. Profitez de 45 minutes d&rsquo;autonomie* avec sa batterie amovible de 18 V. L&rsquo;aspirateur sans fil Rowenta est dot\u00e9 des vitesses automatiques ECO, SURFACE et sa g\u00e2chette \u00ab BOOST\u00bb vous permet d&rsquo;obtenir plus de puissance en cas de besoin pour une aspiration en profondeur. A la fois compact et l\u00e9ger, l&rsquo;aspirateur balai vous offrira un int\u00e9rieur impeccable en un rien de temps.<\/h3>\n<div class=\"product-characteristics-table__table-row\" style=\"font-family: Cairo, sans-serif;font-size: 15px\">\n<div class=\"product-characteristics-table__table-row-cell\">\n<p class=\"c-text c-text--size-m c-text--style-p\" style=\"margin: 0px 0px 10px\">Couleur\u00a0Violet \/ Gris \/ Aluminium<\/p>\n<\/div>\n<\/div>\n<div class=\"product-characteristics-table__table-row\" style=\"font-family: Cairo, sans-serif;font-size: 15px\">\n<div class=\"product-characteristics-table__table-row-cell\">\n<p class=\"c-text c-text--size-m c-text--style-p\" style=\"margin: 0px 0px 10px\">Largeur (en mm)\u00a0252<\/p>\n<\/div>\n<\/div>\n<div class=\"product-characteristics-table__table-row\" style=\"font-family: Cairo, sans-serif;font-size: 15px\">\n<div class=\"product-characteristics-table__table-row-cell\">\n<p class=\"c-text c-text--size-m c-text--style-p\" style=\"margin: 0px 0px 10px\">Type de batterie\u00a0Li-ion<\/p>\n<\/div>\n<\/div>\n<div class=\"product-characteristics-table__table-row\" style=\"font-family: Cairo, sans-serif;font-size: 15px\">\n<div class=\"product-characteristics-table__table-row-cell\">\n<p class=\"c-text c-text--size-m c-text--style-p\" style=\"margin: 0px 0px 10px\">Largeur de l&rsquo;appareil (en cm)\u00a025.2<\/p>\n<\/div>\n<\/div>\n<div class=\"product-characteristics-table__table-row\" style=\"font-family: Cairo, sans-serif;font-size: 15px\">\n<div class=\"product-characteristics-table__table-row-cell\">\n<p class=\"c-text c-text--size-m c-text--style-p\" style=\"margin: 0px 0px 10px\">Puissance max (en W)\u00a0100<\/p>\n<\/div>\n<\/div>\n<div class=\"product-characteristics-table__table-row\" style=\"font-family: Cairo, sans-serif;font-size: 15px\">\n<div class=\"product-characteristics-table__table-row-cell\">\n<p class=\"c-text c-text--size-m c-text--style-p\" style=\"margin: 0px 0px 10px\">Hauteur (en mm)\u00a01133<\/p>\n<\/div>\n<\/div>\n<div class=\"product-characteristics-table__table-row\" style=\"font-family: Cairo, sans-serif;font-size: 15px\">\n<div class=\"product-characteristics-table__table-row-cell\">\n<p class=\"c-text c-text--size-m c-text--style-p\" style=\"margin: 0px 0px 10px\">Accessoires d&rsquo;aspirateur<\/p>\n<\/div>\n<div class=\"product-characteristics-table__table-row-cell\">\n<div class=\"c-text c-text--size-m c-text--style-p\">\n<div>Large suceur ameublement plat, Suceur fente, Brossette multi-usage<\/div>\n<\/div>\n<\/div>\n<\/div>\n<div class=\"product-characteristics-table__table-row\" style=\"font-family: Cairo, sans-serif;font-size: 15px\">\n<div class=\"product-characteristics-table__table-row-cell\">\n<p class=\"c-text c-text--size-m c-text--style-p\" style=\"margin: 0px 0px 10px\">Niveau sonore (en dBA)\u00a085<\/p>\n<\/div>\n<\/div>\n<div class=\"product-characteristics-table__table-row\" style=\"font-family: Cairo, sans-serif;font-size: 15px\">\n<div class=\"product-characteristics-table__table-row-cell\">\n<p class=\"c-text c-text--size-m c-text--style-p\" style=\"margin: 0px 0px 10px\">Autonomie en fonction (en h)\u00a00.75<\/p>\n<\/div>\n<\/div>\n<div class=\"product-characteristics-table__table-row\" style=\"font-family: Cairo, sans-serif;font-size: 15px\">\n<div class=\"product-characteristics-table__table-row-cell\">\n<p class=\"c-text c-text--size-m c-text--style-p\" style=\"margin: 0px 0px 10px\">Profondeur (en mm)\u00a0251<\/p>\n<\/div>\n<\/div>\n<div class=\"product-characteristics-table__table-row\" style=\"font-family: Cairo, sans-serif;font-size: 15px\">\n<div class=\"product-characteristics-table__table-row-cell\">\n<p class=\"c-text c-text--size-m c-text--style-p\" style=\"margin: 0px 0px 10px\">Autonomie (en h) 45MIN<\/p>\n<\/div>\n<\/div>\n<div class=\"product-characteristics-table__table-row\" style=\"font-family: Cairo, sans-serif;font-size: 15px\">\n<div class=\"product-characteristics-table__table-row-cell\">\n<p class=\"c-text c-text--size-m c-text--style-p\" style=\"margin: 0px 0px 10px\">Puissance totale (en W)\u00a0100<\/p>\n<\/div>\n<\/div>\n<div class=\"product-characteristics-table__table-row\" style=\"font-family: Cairo, sans-serif;font-size: 15px\">\n<div class=\"product-characteristics-table__table-row-cell\">\n<p class=\"c-text c-text--size-m c-text--style-p\" style=\"margin: 0px 0px 10px\">Autonomie\u00a045<\/p>\n<\/div>\n<\/div>\n<div class=\"product-characteristics-table__table-row\" style=\"font-family: Cairo, sans-serif;font-size: 15px\">\n<div class=\"product-characteristics-table__table-row-cell\">\n<p class=\"c-text c-text--size-m c-text--style-p\" style=\"margin: 0px 0px 10px\">Largeur (en cm) 25.2<\/p>\n<\/div>\n<\/div>\n","protected":false},"featured_media":21842,"template":"","meta":{"_coblocks_attr":"","_coblocks_dimensions":"","_coblocks_responsive_height":"","_coblocks_accordion_ie_support":""},"pwb-brand":[428],"product_brand":[],"product_cat":[97],"product_tag":[],"class_list":{"0":"post-21843","1":"product","2":"type-product","3":"status-publish","4":"has-post-thumbnail","6":"pwb-brand-rowenta","7":"product_cat-electromenagers","10":"first","11":"instock","12":"taxable","13":"shipping-taxable","14":"purchasable","15":"product-type-simple"},"yoast_head":"<!-- This site is optimized with the Yoast SEO plugin v27.4 - https:\/\/yoast.com\/product\/yoast-seo-wordpress\/ -->\n<title>Rowenta aspirateur expert 6.60\/RH68 - I-CONFORT<\/title>\n<meta name=\"robots\" content=\"index, follow, max-snippet:-1, max-image-preview:large, max-video-preview:-1\" \/>\n<link rel=\"canonical\" href=\"https:\/\/i-confort.com\/?product=rowenta-aspirateur-expert-6-60-rh68\" \/>\n<meta property=\"og:locale\" content=\"fr_FR\" \/>\n<meta property=\"og:type\" content=\"article\" \/>\n<meta property=\"og:title\" content=\"Rowenta aspirateur expert 6.60\/RH68 - I-CONFORT\" \/>\n<meta property=\"og:description\" content=\"L&#039;aspirateur balai sans fil X-PERT 6.60 de Rowenta\u00a0offre une belle exp\u00e9rience de nettoyage gr\u00e2ce \u00e0 sa t\u00eate d&#039;aspiration avec un \u00e9clairage LEDs et sa technologie de pointe pour un nettoyage sans effort. Profitez de 45 minutes d&#039;autonomie* avec sa batterie amovible de 18 V. L&#039;aspirateur sans fil Rowenta est dot\u00e9 des vitesses automatiques ECO, SURFACE et sa g\u00e2chette \u00ab BOOST\u00bb vous permet d&#039;obtenir plus de puissance en cas de besoin pour une aspiration en profondeur. A la fois compact et l\u00e9ger, l&#039;aspirateur balai vous offrira un int\u00e9rieur impeccable en un rien de temps.Couleur\u00a0Violet \/ Gris \/ AluminiumLargeur (en mm)\u00a0252Type de batterie\u00a0Li-ionLargeur de l&#039;appareil (en cm)\u00a025.2Puissance max (en W)\u00a0100Hauteur (en mm)\u00a01133Accessoires d&#039;aspirateurLarge suceur ameublement plat, Suceur fente, Brossette multi-usageNiveau sonore (en dBA)\u00a085Autonomie en fonction (en h)\u00a00.75Profondeur (en mm)\u00a0251Autonomie (en h) 45MINPuissance totale (en W)\u00a0100Autonomie\u00a045Largeur (en cm) 25.2\" \/>\n<meta property=\"og:url\" content=\"https:\/\/i-confort.com\/?product=rowenta-aspirateur-expert-6-60-rh68\" \/>\n<meta property=\"og:site_name\" content=\"I-CONFORT\" \/>\n<meta property=\"og:image\" content=\"https:\/\/i-confort.com\/wp-content\/uploads\/2024\/12\/5500.jpg\" \/>\n\t<meta property=\"og:image:width\" content=\"345\" \/>\n\t<meta property=\"og:image:height\" content=\"345\" \/>\n\t<meta property=\"og:image:type\" content=\"image\/jpeg\" \/>\n<meta name=\"twitter:card\" content=\"summary_large_image\" \/>\n<script type=\"application\/ld+json\" class=\"yoast-schema-graph\">{\"@context\":\"https:\\\/\\\/schema.org\",\"@graph\":[{\"@type\":\"WebPage\",\"@id\":\"https:\\\/\\\/i-confort.com\\\/?product=rowenta-aspirateur-expert-6-60-rh68\",\"url\":\"https:\\\/\\\/i-confort.com\\\/?product=rowenta-aspirateur-expert-6-60-rh68\",\"name\":\"Rowenta aspirateur expert 6.60\\\/RH68 - I-CONFORT\",\"isPartOf\":{\"@id\":\"https:\\\/\\\/i-confort.com\\\/#website\"},\"primaryImageOfPage\":{\"@id\":\"https:\\\/\\\/i-confort.com\\\/?product=rowenta-aspirateur-expert-6-60-rh68#primaryimage\"},\"image\":{\"@id\":\"https:\\\/\\\/i-confort.com\\\/?product=rowenta-aspirateur-expert-6-60-rh68#primaryimage\"},\"thumbnailUrl\":\"https:\\\/\\\/i-confort.com\\\/wp-content\\\/uploads\\\/2024\\\/12\\\/5500.jpg\",\"datePublished\":\"2024-12-15T15:12:37+00:00\",\"breadcrumb\":{\"@id\":\"https:\\\/\\\/i-confort.com\\\/?product=rowenta-aspirateur-expert-6-60-rh68#breadcrumb\"},\"inLanguage\":\"fr-FR\",\"potentialAction\":[{\"@type\":\"ReadAction\",\"target\":[\"https:\\\/\\\/i-confort.com\\\/?product=rowenta-aspirateur-expert-6-60-rh68\"]}]},{\"@type\":\"ImageObject\",\"inLanguage\":\"fr-FR\",\"@id\":\"https:\\\/\\\/i-confort.com\\\/?product=rowenta-aspirateur-expert-6-60-rh68#primaryimage\",\"url\":\"https:\\\/\\\/i-confort.com\\\/wp-content\\\/uploads\\\/2024\\\/12\\\/5500.jpg\",\"contentUrl\":\"https:\\\/\\\/i-confort.com\\\/wp-content\\\/uploads\\\/2024\\\/12\\\/5500.jpg\",\"width\":345,\"height\":345},{\"@type\":\"BreadcrumbList\",\"@id\":\"https:\\\/\\\/i-confort.com\\\/?product=rowenta-aspirateur-expert-6-60-rh68#breadcrumb\",\"itemListElement\":[{\"@type\":\"ListItem\",\"position\":1,\"name\":\"Home\",\"item\":\"https:\\\/\\\/i-confort.com\\\/\"},{\"@type\":\"ListItem\",\"position\":2,\"name\":\"Boutique\",\"item\":\"https:\\\/\\\/i-confort.com\\\/?page_id=7\"},{\"@type\":\"ListItem\",\"position\":3,\"name\":\"Rowenta aspirateur expert 6.60\\\/RH68\"}]},{\"@type\":\"WebSite\",\"@id\":\"https:\\\/\\\/i-confort.com\\\/#website\",\"url\":\"https:\\\/\\\/i-confort.com\\\/\",\"name\":\"I-CONFORT\",\"description\":\"Site de vente en ligne\",\"potentialAction\":[{\"@type\":\"SearchAction\",\"target\":{\"@type\":\"EntryPoint\",\"urlTemplate\":\"https:\\\/\\\/i-confort.com\\\/?s={search_term_string}\"},\"query-input\":{\"@type\":\"PropertyValueSpecification\",\"valueRequired\":true,\"valueName\":\"search_term_string\"}}],\"inLanguage\":\"fr-FR\"}]}<\/script>\n<!-- \/ Yoast SEO plugin. -->","yoast_head_json":{"title":"Rowenta aspirateur expert 6.60\/RH68 - I-CONFORT","robots":{"index":"index","follow":"follow","max-snippet":"max-snippet:-1","max-image-preview":"max-image-preview:large","max-video-preview":"max-video-preview:-1"},"canonical":"https:\/\/i-confort.com\/?product=rowenta-aspirateur-expert-6-60-rh68","og_locale":"fr_FR","og_type":"article","og_title":"Rowenta aspirateur expert 6.60\/RH68 - I-CONFORT","og_description":"L'aspirateur balai sans fil X-PERT 6.60 de Rowenta\u00a0offre une belle exp\u00e9rience de nettoyage gr\u00e2ce \u00e0 sa t\u00eate d'aspiration avec un \u00e9clairage LEDs et sa technologie de pointe pour un nettoyage sans effort. Profitez de 45 minutes d'autonomie* avec sa batterie amovible de 18 V. L'aspirateur sans fil Rowenta est dot\u00e9 des vitesses automatiques ECO, SURFACE et sa g\u00e2chette \u00ab BOOST\u00bb vous permet d'obtenir plus de puissance en cas de besoin pour une aspiration en profondeur. A la fois compact et l\u00e9ger, l'aspirateur balai vous offrira un int\u00e9rieur impeccable en un rien de temps.Couleur\u00a0Violet \/ Gris \/ AluminiumLargeur (en mm)\u00a0252Type de batterie\u00a0Li-ionLargeur de l'appareil (en cm)\u00a025.2Puissance max (en W)\u00a0100Hauteur (en mm)\u00a01133Accessoires d'aspirateurLarge suceur ameublement plat, Suceur fente, Brossette multi-usageNiveau sonore (en dBA)\u00a085Autonomie en fonction (en h)\u00a00.75Profondeur (en mm)\u00a0251Autonomie (en h) 45MINPuissance totale (en W)\u00a0100Autonomie\u00a045Largeur (en cm) 25.2","og_url":"https:\/\/i-confort.com\/?product=rowenta-aspirateur-expert-6-60-rh68","og_site_name":"I-CONFORT","og_image":[{"width":345,"height":345,"url":"https:\/\/i-confort.com\/wp-content\/uploads\/2024\/12\/5500.jpg","type":"image\/jpeg"}],"twitter_card":"summary_large_image","schema":{"@context":"https:\/\/schema.org","@graph":[{"@type":"WebPage","@id":"https:\/\/i-confort.com\/?product=rowenta-aspirateur-expert-6-60-rh68","url":"https:\/\/i-confort.com\/?product=rowenta-aspirateur-expert-6-60-rh68","name":"Rowenta aspirateur expert 6.60\/RH68 - I-CONFORT","isPartOf":{"@id":"https:\/\/i-confort.com\/#website"},"primaryImageOfPage":{"@id":"https:\/\/i-confort.com\/?product=rowenta-aspirateur-expert-6-60-rh68#primaryimage"},"image":{"@id":"https:\/\/i-confort.com\/?product=rowenta-aspirateur-expert-6-60-rh68#primaryimage"},"thumbnailUrl":"https:\/\/i-confort.com\/wp-content\/uploads\/2024\/12\/5500.jpg","datePublished":"2024-12-15T15:12:37+00:00","breadcrumb":{"@id":"https:\/\/i-confort.com\/?product=rowenta-aspirateur-expert-6-60-rh68#breadcrumb"},"inLanguage":"fr-FR","potentialAction":[{"@type":"ReadAction","target":["https:\/\/i-confort.com\/?product=rowenta-aspirateur-expert-6-60-rh68"]}]},{"@type":"ImageObject","inLanguage":"fr-FR","@id":"https:\/\/i-confort.com\/?product=rowenta-aspirateur-expert-6-60-rh68#primaryimage","url":"https:\/\/i-confort.com\/wp-content\/uploads\/2024\/12\/5500.jpg","contentUrl":"https:\/\/i-confort.com\/wp-content\/uploads\/2024\/12\/5500.jpg","width":345,"height":345},{"@type":"BreadcrumbList","@id":"https:\/\/i-confort.com\/?product=rowenta-aspirateur-expert-6-60-rh68#breadcrumb","itemListElement":[{"@type":"ListItem","position":1,"name":"Home","item":"https:\/\/i-confort.com\/"},{"@type":"ListItem","position":2,"name":"Boutique","item":"https:\/\/i-confort.com\/?page_id=7"},{"@type":"ListItem","position":3,"name":"Rowenta aspirateur expert 6.60\/RH68"}]},{"@type":"WebSite","@id":"https:\/\/i-confort.com\/#website","url":"https:\/\/i-confort.com\/","name":"I-CONFORT","description":"Site de vente en ligne","potentialAction":[{"@type":"SearchAction","target":{"@type":"EntryPoint","urlTemplate":"https:\/\/i-confort.com\/?s={search_term_string}"},"query-input":{"@type":"PropertyValueSpecification","valueRequired":true,"valueName":"search_term_string"}}],"inLanguage":"fr-FR"}]}},"brands":[{"id":428,"name":"ROWENTA","slug":"rowenta"}],"_links":{"self":[{"href":"https:\/\/i-confort.com\/index.php?rest_route=\/wp\/v2\/product\/21843","targetHints":{"allow":["GET"]}}],"collection":[{"href":"https:\/\/i-confort.com\/index.php?rest_route=\/wp\/v2\/product"}],"about":[{"href":"https:\/\/i-confort.com\/index.php?rest_route=\/wp\/v2\/types\/product"}],"wp:featuredmedia":[{"embeddable":true,"href":"https:\/\/i-confort.com\/index.php?rest_route=\/wp\/v2\/media\/21842"}],"wp:attachment":[{"href":"https:\/\/i-confort.com\/index.php?rest_route=%2Fwp%2Fv2%2Fmedia&parent=21843"}],"wp:term":[{"taxonomy":"pwb-brand","embeddable":true,"href":"https:\/\/i-confort.com\/index.php?rest_route=%2Fwp%2Fv2%2Fpwb-brand&post=21843"},{"taxonomy":"product_brand","embeddable":true,"href":"https:\/\/i-confort.com\/index.php?rest_route=%2Fwp%2Fv2%2Fproduct_brand&post=21843"},{"taxonomy":"product_cat","embeddable":true,"href":"https:\/\/i-confort.com\/index.php?rest_route=%2Fwp%2Fv2%2Fproduct_cat&post=21843"},{"taxonomy":"product_tag","embeddable":true,"href":"https:\/\/i-confort.com\/index.php?rest_route=%2Fwp%2Fv2%2Fproduct_tag&post=21843"}],"curies":[{"name":"wp","href":"https:\/\/api.w.org\/{rel}","templated":true}]}}