{"id":21847,"date":"2024-12-16T07:29:35","date_gmt":"2024-12-16T07:29:35","guid":{"rendered":"https:\/\/i-confort.com\/?product=rowenta-aspirateur-ro7260"},"modified":"2024-12-16T07:29:35","modified_gmt":"2024-12-16T07:29:35","slug":"rowenta-aspirateur-ro7260","status":"publish","type":"product","link":"https:\/\/i-confort.com\/?product=rowenta-aspirateur-ro7260","title":{"rendered":"ROWENTA aspirateur RO7260"},"content":{"rendered":"<p><br data-mce-bogus=\"1\"><\/p>\n<div data-v-dd7d1f6c=\"\" class=\"align-left\">\u2714 \u00a0R\u00e9f\u00e9rence : RO7260EA<br \/>\n\u2714 \u00a0Fabriqu\u00e9 en France<br \/>\n\u2714 \u00a0Rowenta Silence Force Cyclonic Aspirateur Sans Sac Performant Silencieux El\u00e9gant Capacit\u00e9 2,5 L Accessoires Sp\u00e9ciaux Maison et Animaux<br \/>\n\u2714 \u00a0Couleur Cigarillo<br \/>\n\u2714 \u00a0Marque Rowenta<br \/>\n\u2714 \u00a0Recommandation de surface Tapis<br \/>\n\u2714 \u00a0Voltage 200<br \/>\n\u2714 \u00a0Puissance 550 Watts<br \/>\n\u2714 \u00a0HAUTE PERFORMANCE : aspirateur sans sac ultra-efficace offrant des r\u00e9sultats irr\u00e9prochables et une glisse exceptionnelle, le tout dans un tout nouveau design<br \/>\n\u2714 FAIBLE CONSOMMATION \u00c9NERG\u00c9TIQUE : excellente efficacit\u00e9 \u00e9nerg\u00e9tique alli\u00e9e \u00e0 des niveaux de performance in\u00e9gal\u00e9s<br \/>\n\u2714 FORMAT COMPACT : design ergonomique repens\u00e9 pour plus de confort, de fluidit\u00e9 et une plus grande libert\u00e9 de mouvement<br \/>\n\u2714 PERFORMANCE OPTIMALE SUR TOUS LES SOLS : la t\u00eate d&rsquo;aspiration unique \u00e0 2 positions POWER AIR garantit un nettoyage en profondeur et une glisse parfaite sur toutes les surfaces<br \/>\n\u2714 GRANDE CAPACIT\u00c9 : grand bac \u00e0 poussi\u00e8re de 2,5 L pour une plus grande autonomie et un plus grand confort d&rsquo;utilisation<br \/>\n\u2714 DESIGN MODERNE ET \u00c9L\u00c9GANT : cet aspirateur sans sac s&rsquo;int\u00e9grera parfaitement dans tous les int\u00e9rieurs<br \/>\n\u2714 BIEN ACCESSOIRIS\u00c9 : \u00e9quip\u00e9 d&rsquo;accessoires sp\u00e9cialement con\u00e7us pour le nettoyage de votre maison et pour les propri\u00e9taires d&rsquo;animaux avec une brosse parquet pour les sols fragiles, une mini turbobrosse pour tapis\/moquettes, canap\u00e9s, si\u00e8ges de voiture et poils d&rsquo;animaux, un suceur fente t\u00e9lescopique pour aspirer les moindres recoins et un suceur ameublement plat pour aspirer les meubles en douceur<br \/>\n\u2714 ACCESSOIRES COMPATIBLES : brosse Parquet Delta ZR901801 \/ Maxi Turbobrosse ZR902201 \/ Mini Turbobrosse ZR901701 \/ Large suceur ameublement plat ZR901601 \/ Suceur fente flexible XXL ZR902901 \/ Bras articul\u00e9 multifonction ZR903401<\/div>\n","protected":false},"excerpt":{"rendered":"<p><br data-mce-bogus=\"1\"><\/p>\n","protected":false},"featured_media":21846,"template":"","meta":{"_coblocks_attr":"","_coblocks_dimensions":"","_coblocks_responsive_height":"","_coblocks_accordion_ie_support":""},"pwb-brand":[428],"product_brand":[],"product_cat":[97],"product_tag":[],"class_list":{"0":"post-21847","1":"product","2":"type-product","3":"status-publish","4":"has-post-thumbnail","6":"pwb-brand-rowenta","7":"product_cat-electromenagers","10":"first","11":"instock","12":"taxable","13":"shipping-taxable","14":"purchasable","15":"product-type-simple"},"yoast_head":"<!-- This site is optimized with the Yoast SEO plugin v27.4 - https:\/\/yoast.com\/product\/yoast-seo-wordpress\/ -->\n<title>ROWENTA aspirateur RO7260 - I-CONFORT<\/title>\n<meta name=\"robots\" content=\"index, follow, max-snippet:-1, max-image-preview:large, max-video-preview:-1\" \/>\n<link rel=\"canonical\" href=\"https:\/\/i-confort.com\/?product=rowenta-aspirateur-ro7260\" \/>\n<meta property=\"og:locale\" content=\"fr_FR\" \/>\n<meta property=\"og:type\" content=\"article\" \/>\n<meta property=\"og:title\" content=\"ROWENTA aspirateur RO7260 - I-CONFORT\" \/>\n<meta property=\"og:url\" content=\"https:\/\/i-confort.com\/?product=rowenta-aspirateur-ro7260\" \/>\n<meta property=\"og:site_name\" content=\"I-CONFORT\" \/>\n<meta property=\"og:image\" content=\"https:\/\/i-confort.com\/wp-content\/uploads\/2024\/12\/RO7260.jpg\" \/>\n\t<meta property=\"og:image:width\" content=\"680\" \/>\n\t<meta property=\"og:image:height\" content=\"680\" \/>\n\t<meta property=\"og:image:type\" content=\"image\/jpeg\" \/>\n<meta name=\"twitter:card\" content=\"summary_large_image\" \/>\n<meta name=\"twitter:label1\" content=\"Dur\u00e9e de lecture estim\u00e9e\" \/>\n\t<meta name=\"twitter:data1\" content=\"1 minute\" \/>\n<script type=\"application\/ld+json\" class=\"yoast-schema-graph\">{\"@context\":\"https:\\\/\\\/schema.org\",\"@graph\":[{\"@type\":\"WebPage\",\"@id\":\"https:\\\/\\\/i-confort.com\\\/?product=rowenta-aspirateur-ro7260\",\"url\":\"https:\\\/\\\/i-confort.com\\\/?product=rowenta-aspirateur-ro7260\",\"name\":\"ROWENTA aspirateur RO7260 - I-CONFORT\",\"isPartOf\":{\"@id\":\"https:\\\/\\\/i-confort.com\\\/#website\"},\"primaryImageOfPage\":{\"@id\":\"https:\\\/\\\/i-confort.com\\\/?product=rowenta-aspirateur-ro7260#primaryimage\"},\"image\":{\"@id\":\"https:\\\/\\\/i-confort.com\\\/?product=rowenta-aspirateur-ro7260#primaryimage\"},\"thumbnailUrl\":\"https:\\\/\\\/i-confort.com\\\/wp-content\\\/uploads\\\/2024\\\/12\\\/RO7260.jpg\",\"datePublished\":\"2024-12-16T07:29:35+00:00\",\"breadcrumb\":{\"@id\":\"https:\\\/\\\/i-confort.com\\\/?product=rowenta-aspirateur-ro7260#breadcrumb\"},\"inLanguage\":\"fr-FR\",\"potentialAction\":[{\"@type\":\"ReadAction\",\"target\":[\"https:\\\/\\\/i-confort.com\\\/?product=rowenta-aspirateur-ro7260\"]}]},{\"@type\":\"ImageObject\",\"inLanguage\":\"fr-FR\",\"@id\":\"https:\\\/\\\/i-confort.com\\\/?product=rowenta-aspirateur-ro7260#primaryimage\",\"url\":\"https:\\\/\\\/i-confort.com\\\/wp-content\\\/uploads\\\/2024\\\/12\\\/RO7260.jpg\",\"contentUrl\":\"https:\\\/\\\/i-confort.com\\\/wp-content\\\/uploads\\\/2024\\\/12\\\/RO7260.jpg\",\"width\":680,\"height\":680},{\"@type\":\"BreadcrumbList\",\"@id\":\"https:\\\/\\\/i-confort.com\\\/?product=rowenta-aspirateur-ro7260#breadcrumb\",\"itemListElement\":[{\"@type\":\"ListItem\",\"position\":1,\"name\":\"Home\",\"item\":\"https:\\\/\\\/i-confort.com\\\/\"},{\"@type\":\"ListItem\",\"position\":2,\"name\":\"Boutique\",\"item\":\"https:\\\/\\\/i-confort.com\\\/?page_id=7\"},{\"@type\":\"ListItem\",\"position\":3,\"name\":\"ROWENTA aspirateur RO7260\"}]},{\"@type\":\"WebSite\",\"@id\":\"https:\\\/\\\/i-confort.com\\\/#website\",\"url\":\"https:\\\/\\\/i-confort.com\\\/\",\"name\":\"I-CONFORT\",\"description\":\"Site de vente en ligne\",\"potentialAction\":[{\"@type\":\"SearchAction\",\"target\":{\"@type\":\"EntryPoint\",\"urlTemplate\":\"https:\\\/\\\/i-confort.com\\\/?s={search_term_string}\"},\"query-input\":{\"@type\":\"PropertyValueSpecification\",\"valueRequired\":true,\"valueName\":\"search_term_string\"}}],\"inLanguage\":\"fr-FR\"}]}<\/script>\n<!-- \/ Yoast SEO plugin. -->","yoast_head_json":{"title":"ROWENTA aspirateur RO7260 - I-CONFORT","robots":{"index":"index","follow":"follow","max-snippet":"max-snippet:-1","max-image-preview":"max-image-preview:large","max-video-preview":"max-video-preview:-1"},"canonical":"https:\/\/i-confort.com\/?product=rowenta-aspirateur-ro7260","og_locale":"fr_FR","og_type":"article","og_title":"ROWENTA aspirateur RO7260 - I-CONFORT","og_url":"https:\/\/i-confort.com\/?product=rowenta-aspirateur-ro7260","og_site_name":"I-CONFORT","og_image":[{"width":680,"height":680,"url":"https:\/\/i-confort.com\/wp-content\/uploads\/2024\/12\/RO7260.jpg","type":"image\/jpeg"}],"twitter_card":"summary_large_image","twitter_misc":{"Dur\u00e9e de lecture estim\u00e9e":"1 minute"},"schema":{"@context":"https:\/\/schema.org","@graph":[{"@type":"WebPage","@id":"https:\/\/i-confort.com\/?product=rowenta-aspirateur-ro7260","url":"https:\/\/i-confort.com\/?product=rowenta-aspirateur-ro7260","name":"ROWENTA aspirateur RO7260 - I-CONFORT","isPartOf":{"@id":"https:\/\/i-confort.com\/#website"},"primaryImageOfPage":{"@id":"https:\/\/i-confort.com\/?product=rowenta-aspirateur-ro7260#primaryimage"},"image":{"@id":"https:\/\/i-confort.com\/?product=rowenta-aspirateur-ro7260#primaryimage"},"thumbnailUrl":"https:\/\/i-confort.com\/wp-content\/uploads\/2024\/12\/RO7260.jpg","datePublished":"2024-12-16T07:29:35+00:00","breadcrumb":{"@id":"https:\/\/i-confort.com\/?product=rowenta-aspirateur-ro7260#breadcrumb"},"inLanguage":"fr-FR","potentialAction":[{"@type":"ReadAction","target":["https:\/\/i-confort.com\/?product=rowenta-aspirateur-ro7260"]}]},{"@type":"ImageObject","inLanguage":"fr-FR","@id":"https:\/\/i-confort.com\/?product=rowenta-aspirateur-ro7260#primaryimage","url":"https:\/\/i-confort.com\/wp-content\/uploads\/2024\/12\/RO7260.jpg","contentUrl":"https:\/\/i-confort.com\/wp-content\/uploads\/2024\/12\/RO7260.jpg","width":680,"height":680},{"@type":"BreadcrumbList","@id":"https:\/\/i-confort.com\/?product=rowenta-aspirateur-ro7260#breadcrumb","itemListElement":[{"@type":"ListItem","position":1,"name":"Home","item":"https:\/\/i-confort.com\/"},{"@type":"ListItem","position":2,"name":"Boutique","item":"https:\/\/i-confort.com\/?page_id=7"},{"@type":"ListItem","position":3,"name":"ROWENTA aspirateur RO7260"}]},{"@type":"WebSite","@id":"https:\/\/i-confort.com\/#website","url":"https:\/\/i-confort.com\/","name":"I-CONFORT","description":"Site de vente en ligne","potentialAction":[{"@type":"SearchAction","target":{"@type":"EntryPoint","urlTemplate":"https:\/\/i-confort.com\/?s={search_term_string}"},"query-input":{"@type":"PropertyValueSpecification","valueRequired":true,"valueName":"search_term_string"}}],"inLanguage":"fr-FR"}]}},"brands":[{"id":428,"name":"ROWENTA","slug":"rowenta"}],"_links":{"self":[{"href":"https:\/\/i-confort.com\/index.php?rest_route=\/wp\/v2\/product\/21847","targetHints":{"allow":["GET"]}}],"collection":[{"href":"https:\/\/i-confort.com\/index.php?rest_route=\/wp\/v2\/product"}],"about":[{"href":"https:\/\/i-confort.com\/index.php?rest_route=\/wp\/v2\/types\/product"}],"wp:featuredmedia":[{"embeddable":true,"href":"https:\/\/i-confort.com\/index.php?rest_route=\/wp\/v2\/media\/21846"}],"wp:attachment":[{"href":"https:\/\/i-confort.com\/index.php?rest_route=%2Fwp%2Fv2%2Fmedia&parent=21847"}],"wp:term":[{"taxonomy":"pwb-brand","embeddable":true,"href":"https:\/\/i-confort.com\/index.php?rest_route=%2Fwp%2Fv2%2Fpwb-brand&post=21847"},{"taxonomy":"product_brand","embeddable":true,"href":"https:\/\/i-confort.com\/index.php?rest_route=%2Fwp%2Fv2%2Fproduct_brand&post=21847"},{"taxonomy":"product_cat","embeddable":true,"href":"https:\/\/i-confort.com\/index.php?rest_route=%2Fwp%2Fv2%2Fproduct_cat&post=21847"},{"taxonomy":"product_tag","embeddable":true,"href":"https:\/\/i-confort.com\/index.php?rest_route=%2Fwp%2Fv2%2Fproduct_tag&post=21847"}],"curies":[{"name":"wp","href":"https:\/\/api.w.org\/{rel}","templated":true}]}}