{"id":21857,"date":"2024-12-16T08:18:00","date_gmt":"2024-12-16T08:18:00","guid":{"rendered":"https:\/\/i-confort.com\/?product=rowenta-xplorer-serie-130"},"modified":"2024-12-16T08:18:01","modified_gmt":"2024-12-16T08:18:01","slug":"rowenta-xplorer-serie-130","status":"publish","type":"product","link":"https:\/\/i-confort.com\/?product=rowenta-xplorer-serie-130","title":{"rendered":"ROWENTA xplorer serie 130"},"content":{"rendered":"<p style=\"margin: 0px 0px 10px;font-family: Cairo, sans-serif;font-size: 15px\">L&rsquo;aspirateur robot laser le plus fin \u00e0 ce jour rend le nettoyage sans effort. L&rsquo;\u00a0<strong>aspirateur robot Rowenta X-Plorer RR9065<\/strong>\u00a0offre un nettoyage optimal gr\u00e2ce \u00e0 un design ultra fin aliment\u00e9 par une technologie de pointe. L&rsquo;aspirateur robot qui atteint chaque recoin assure une s\u00e9ance de nettoyage \u00e0 la pointe de la technologie. Gr\u00e2ce \u00e0 la navigation laser, \u00e0 la cartographie permanente des pi\u00e8ces, \u00e0 l&rsquo;intelligence artificielle pour une exp\u00e9rience de nettoyage personnalis\u00e9e comme aucune autre, et bien plus encore. Tout cela combin\u00e9 avec un nettoyage 4 en 1 pour une maison propre.<\/p>\n<h3 style=\"font-family: Cairo, sans-serif;font-weight: 500;line-height: 1.1;margin-top: 20px;margin-bottom: 10px;font-size: 24px\">Avantages produit Rowenta X-Plorer Robot aspirateur RR9065<\/h3>\n<ul style=\"margin-top: 24px;margin-bottom: 10px;padding: 0px 0px 0px 18px;font-family: Cairo, sans-serif;font-size: 15px\">\n<li style=\"padding-left: 4px\">Atteignez n&rsquo;importe o\u00f9<\/li>\n<li style=\"padding-left: 4px\">Nettoyage sur mesure avec fonction de nettoyage<\/li>\n<li style=\"padding-left: 4px\">Intelligence artificielle Compatible avec les syst\u00e8mes de commande vocale<\/li>\n<li style=\"padding-left: 4px\">Solution de nettoyage 4 en 1<\/li>\n<li style=\"padding-left: 4px\">Batterie haute autonomie<\/li>\n<li style=\"padding-left: 4px\">S\u00e9ances de nettoyage silencieuses<\/li>\n<li style=\"padding-left: 4px\">Protection s\u00e9curis\u00e9e des donn\u00e9es<\/li>\n<\/ul>\n<h3 style=\"font-family: Cairo, sans-serif;font-weight: 500;line-height: 1.1;margin-top: 20px;margin-bottom: 10px;font-size: 24px\">Informations suppl\u00e9mentaires<\/h3>\n<p style=\"margin: 0px 0px 10px;font-family: Cairo, sans-serif;font-size: 15px\">Le robot aspirateur peut nettoyer toute la maison gr\u00e2ce \u00e0 sa conception ultra-fine et sa navigation laser pr\u00e9cise pour un nettoyage intelligent et m\u00e9thodique. L&rsquo;aspirateur nettoie sur mesure, car il apprend en aspirant. De plus, il dispose d&rsquo;un nettoyage 4 en 1 : une brosse lat\u00e9rale, une brosse centrale, un moteur puissant et le syst\u00e8me Smart Aqua Power. Le syst\u00e8me Smart Aqua Power dispose de 4 niveaux d&rsquo;alimentation en eau pour une combinaison parfaite d&rsquo;aspiration et de nettoyage. L&rsquo;application garantit \u00e9galement qu&rsquo;une carte personnalis\u00e9e est faite du sol. Y compris les endroits o\u00f9 l&rsquo;aspirateur peut et ne peut pas atteindre. Et le robot aspirateur peut franchir des seuils de 18 mm. Enfin, il y a plus de confort dans le nettoyage gr\u00e2ce au mode tr\u00e8s silencieux.<\/p>\n<h3 style=\"font-family: Cairo, sans-serif;font-weight: 500;line-height: 1.1;margin-top: 20px;margin-bottom: 10px;font-size: 24px\">Sp\u00e9cifications du produit<\/h3>\n<ol style=\"margin-top: 0px;margin-bottom: 10px;font-family: Cairo, sans-serif;font-size: 15px\">\n<li>D\u00e9tection d&rsquo;obstacle faible &gt; 8 cm<\/li>\n<li>3 capteurs de chute<\/li>\n<li>Murs virtuels<\/li>\n<li>Navigation laser<\/li>\n<li>Autonomie de 120 min<\/li>\n<li>60dB(A)<\/li>\n<\/ol>\n","protected":false},"excerpt":{"rendered":"<p><br data-mce-bogus=\"1\"><\/p>\n","protected":false},"featured_media":21856,"template":"","meta":{"_coblocks_attr":"","_coblocks_dimensions":"","_coblocks_responsive_height":"","_coblocks_accordion_ie_support":""},"pwb-brand":[428],"product_brand":[],"product_cat":[97],"product_tag":[],"class_list":{"0":"post-21857","1":"product","2":"type-product","3":"status-publish","4":"has-post-thumbnail","6":"pwb-brand-rowenta","7":"product_cat-electromenagers","10":"first","11":"instock","12":"taxable","13":"shipping-taxable","14":"purchasable","15":"product-type-simple"},"yoast_head":"<!-- This site is optimized with the Yoast SEO plugin v27.4 - https:\/\/yoast.com\/product\/yoast-seo-wordpress\/ -->\n<title>ROWENTA xplorer serie 130 - I-CONFORT<\/title>\n<meta name=\"robots\" content=\"index, follow, max-snippet:-1, max-image-preview:large, max-video-preview:-1\" \/>\n<link rel=\"canonical\" href=\"https:\/\/i-confort.com\/?product=rowenta-xplorer-serie-130\" \/>\n<meta property=\"og:locale\" content=\"fr_FR\" \/>\n<meta property=\"og:type\" content=\"article\" \/>\n<meta property=\"og:title\" content=\"ROWENTA xplorer serie 130 - I-CONFORT\" \/>\n<meta property=\"og:url\" content=\"https:\/\/i-confort.com\/?product=rowenta-xplorer-serie-130\" \/>\n<meta property=\"og:site_name\" content=\"I-CONFORT\" \/>\n<meta property=\"article:modified_time\" content=\"2024-12-16T08:18:01+00:00\" \/>\n<meta property=\"og:image\" content=\"https:\/\/i-confort.com\/wp-content\/uploads\/2024\/12\/130.jpg\" \/>\n\t<meta property=\"og:image:width\" content=\"1500\" \/>\n\t<meta property=\"og:image:height\" content=\"1500\" \/>\n\t<meta property=\"og:image:type\" content=\"image\/jpeg\" \/>\n<meta name=\"twitter:card\" content=\"summary_large_image\" \/>\n<meta name=\"twitter:label1\" content=\"Dur\u00e9e de lecture estim\u00e9e\" \/>\n\t<meta name=\"twitter:data1\" content=\"1 minute\" \/>\n<script type=\"application\/ld+json\" class=\"yoast-schema-graph\">{\"@context\":\"https:\\\/\\\/schema.org\",\"@graph\":[{\"@type\":\"WebPage\",\"@id\":\"https:\\\/\\\/i-confort.com\\\/?product=rowenta-xplorer-serie-130\",\"url\":\"https:\\\/\\\/i-confort.com\\\/?product=rowenta-xplorer-serie-130\",\"name\":\"ROWENTA xplorer serie 130 - I-CONFORT\",\"isPartOf\":{\"@id\":\"https:\\\/\\\/i-confort.com\\\/#website\"},\"primaryImageOfPage\":{\"@id\":\"https:\\\/\\\/i-confort.com\\\/?product=rowenta-xplorer-serie-130#primaryimage\"},\"image\":{\"@id\":\"https:\\\/\\\/i-confort.com\\\/?product=rowenta-xplorer-serie-130#primaryimage\"},\"thumbnailUrl\":\"https:\\\/\\\/i-confort.com\\\/wp-content\\\/uploads\\\/2024\\\/12\\\/130.jpg\",\"datePublished\":\"2024-12-16T08:18:00+00:00\",\"dateModified\":\"2024-12-16T08:18:01+00:00\",\"breadcrumb\":{\"@id\":\"https:\\\/\\\/i-confort.com\\\/?product=rowenta-xplorer-serie-130#breadcrumb\"},\"inLanguage\":\"fr-FR\",\"potentialAction\":[{\"@type\":\"ReadAction\",\"target\":[\"https:\\\/\\\/i-confort.com\\\/?product=rowenta-xplorer-serie-130\"]}]},{\"@type\":\"ImageObject\",\"inLanguage\":\"fr-FR\",\"@id\":\"https:\\\/\\\/i-confort.com\\\/?product=rowenta-xplorer-serie-130#primaryimage\",\"url\":\"https:\\\/\\\/i-confort.com\\\/wp-content\\\/uploads\\\/2024\\\/12\\\/130.jpg\",\"contentUrl\":\"https:\\\/\\\/i-confort.com\\\/wp-content\\\/uploads\\\/2024\\\/12\\\/130.jpg\",\"width\":1500,\"height\":1500},{\"@type\":\"BreadcrumbList\",\"@id\":\"https:\\\/\\\/i-confort.com\\\/?product=rowenta-xplorer-serie-130#breadcrumb\",\"itemListElement\":[{\"@type\":\"ListItem\",\"position\":1,\"name\":\"Home\",\"item\":\"https:\\\/\\\/i-confort.com\\\/\"},{\"@type\":\"ListItem\",\"position\":2,\"name\":\"Boutique\",\"item\":\"https:\\\/\\\/i-confort.com\\\/?page_id=7\"},{\"@type\":\"ListItem\",\"position\":3,\"name\":\"ROWENTA xplorer serie 130\"}]},{\"@type\":\"WebSite\",\"@id\":\"https:\\\/\\\/i-confort.com\\\/#website\",\"url\":\"https:\\\/\\\/i-confort.com\\\/\",\"name\":\"I-CONFORT\",\"description\":\"Site de vente en ligne\",\"potentialAction\":[{\"@type\":\"SearchAction\",\"target\":{\"@type\":\"EntryPoint\",\"urlTemplate\":\"https:\\\/\\\/i-confort.com\\\/?s={search_term_string}\"},\"query-input\":{\"@type\":\"PropertyValueSpecification\",\"valueRequired\":true,\"valueName\":\"search_term_string\"}}],\"inLanguage\":\"fr-FR\"}]}<\/script>\n<!-- \/ Yoast SEO plugin. -->","yoast_head_json":{"title":"ROWENTA xplorer serie 130 - I-CONFORT","robots":{"index":"index","follow":"follow","max-snippet":"max-snippet:-1","max-image-preview":"max-image-preview:large","max-video-preview":"max-video-preview:-1"},"canonical":"https:\/\/i-confort.com\/?product=rowenta-xplorer-serie-130","og_locale":"fr_FR","og_type":"article","og_title":"ROWENTA xplorer serie 130 - I-CONFORT","og_url":"https:\/\/i-confort.com\/?product=rowenta-xplorer-serie-130","og_site_name":"I-CONFORT","article_modified_time":"2024-12-16T08:18:01+00:00","og_image":[{"width":1500,"height":1500,"url":"https:\/\/i-confort.com\/wp-content\/uploads\/2024\/12\/130.jpg","type":"image\/jpeg"}],"twitter_card":"summary_large_image","twitter_misc":{"Dur\u00e9e de lecture estim\u00e9e":"1 minute"},"schema":{"@context":"https:\/\/schema.org","@graph":[{"@type":"WebPage","@id":"https:\/\/i-confort.com\/?product=rowenta-xplorer-serie-130","url":"https:\/\/i-confort.com\/?product=rowenta-xplorer-serie-130","name":"ROWENTA xplorer serie 130 - I-CONFORT","isPartOf":{"@id":"https:\/\/i-confort.com\/#website"},"primaryImageOfPage":{"@id":"https:\/\/i-confort.com\/?product=rowenta-xplorer-serie-130#primaryimage"},"image":{"@id":"https:\/\/i-confort.com\/?product=rowenta-xplorer-serie-130#primaryimage"},"thumbnailUrl":"https:\/\/i-confort.com\/wp-content\/uploads\/2024\/12\/130.jpg","datePublished":"2024-12-16T08:18:00+00:00","dateModified":"2024-12-16T08:18:01+00:00","breadcrumb":{"@id":"https:\/\/i-confort.com\/?product=rowenta-xplorer-serie-130#breadcrumb"},"inLanguage":"fr-FR","potentialAction":[{"@type":"ReadAction","target":["https:\/\/i-confort.com\/?product=rowenta-xplorer-serie-130"]}]},{"@type":"ImageObject","inLanguage":"fr-FR","@id":"https:\/\/i-confort.com\/?product=rowenta-xplorer-serie-130#primaryimage","url":"https:\/\/i-confort.com\/wp-content\/uploads\/2024\/12\/130.jpg","contentUrl":"https:\/\/i-confort.com\/wp-content\/uploads\/2024\/12\/130.jpg","width":1500,"height":1500},{"@type":"BreadcrumbList","@id":"https:\/\/i-confort.com\/?product=rowenta-xplorer-serie-130#breadcrumb","itemListElement":[{"@type":"ListItem","position":1,"name":"Home","item":"https:\/\/i-confort.com\/"},{"@type":"ListItem","position":2,"name":"Boutique","item":"https:\/\/i-confort.com\/?page_id=7"},{"@type":"ListItem","position":3,"name":"ROWENTA xplorer serie 130"}]},{"@type":"WebSite","@id":"https:\/\/i-confort.com\/#website","url":"https:\/\/i-confort.com\/","name":"I-CONFORT","description":"Site de vente en ligne","potentialAction":[{"@type":"SearchAction","target":{"@type":"EntryPoint","urlTemplate":"https:\/\/i-confort.com\/?s={search_term_string}"},"query-input":{"@type":"PropertyValueSpecification","valueRequired":true,"valueName":"search_term_string"}}],"inLanguage":"fr-FR"}]}},"brands":[{"id":428,"name":"ROWENTA","slug":"rowenta"}],"_links":{"self":[{"href":"https:\/\/i-confort.com\/index.php?rest_route=\/wp\/v2\/product\/21857","targetHints":{"allow":["GET"]}}],"collection":[{"href":"https:\/\/i-confort.com\/index.php?rest_route=\/wp\/v2\/product"}],"about":[{"href":"https:\/\/i-confort.com\/index.php?rest_route=\/wp\/v2\/types\/product"}],"wp:featuredmedia":[{"embeddable":true,"href":"https:\/\/i-confort.com\/index.php?rest_route=\/wp\/v2\/media\/21856"}],"wp:attachment":[{"href":"https:\/\/i-confort.com\/index.php?rest_route=%2Fwp%2Fv2%2Fmedia&parent=21857"}],"wp:term":[{"taxonomy":"pwb-brand","embeddable":true,"href":"https:\/\/i-confort.com\/index.php?rest_route=%2Fwp%2Fv2%2Fpwb-brand&post=21857"},{"taxonomy":"product_brand","embeddable":true,"href":"https:\/\/i-confort.com\/index.php?rest_route=%2Fwp%2Fv2%2Fproduct_brand&post=21857"},{"taxonomy":"product_cat","embeddable":true,"href":"https:\/\/i-confort.com\/index.php?rest_route=%2Fwp%2Fv2%2Fproduct_cat&post=21857"},{"taxonomy":"product_tag","embeddable":true,"href":"https:\/\/i-confort.com\/index.php?rest_route=%2Fwp%2Fv2%2Fproduct_tag&post=21857"}],"curies":[{"name":"wp","href":"https:\/\/api.w.org\/{rel}","templated":true}]}}