{"id":21859,"date":"2024-12-16T08:20:24","date_gmt":"2024-12-16T08:20:24","guid":{"rendered":"https:\/\/i-confort.com\/?product=rowenta-xplorer-serie-45"},"modified":"2024-12-16T08:20:24","modified_gmt":"2024-12-16T08:20:24","slug":"rowenta-xplorer-serie-45","status":"publish","type":"product","link":"https:\/\/i-confort.com\/?product=rowenta-xplorer-serie-45","title":{"rendered":"ROWENTA xplorer serie 45"},"content":{"rendered":"<p><br data-mce-bogus=\"1\"><\/p>\n","protected":false},"excerpt":{"rendered":"<p><span class=\"is-collapsible is-inline\" style=\"max-height: 300rem;overflow: hidden;font-family: Inter, Arial, sans-serif;font-size: 14px\">L\u2019aspirateur Robot X-Plorer\u00a0Serie\u00a045 de Rowenta est une solution de nettoyage pratique \u00e9quip\u00e9e d\u2019une technologie fiable, pour un m\u00e9nage sans effort. D\u00e9couvrez un aspirateur automatique moderne, pour un nettoyage ais\u00e9 partout o\u00f9 vous en avez besoin\u00a0: trois modes de navigation couvrent toutes les surfaces de votre maison, des capteurs performants \u00e9vitent les obstacles et chutes, une brosse motoris\u00e9e permet un nettoyage efficace, et bien plus encore. De plus, il est tr\u00e8s intuitif<\/span><span id=\"productDescription\" class=\"is-inline is-collapsible\" style=\"max-height: 300rem;overflow: hidden;font-family: Inter, Arial, sans-serif;font-size: 14px\">\u00a0et facile \u00e0 utiliser gr\u00e2ce \u00e0 l&rsquo;application pour smartphone.<\/span><\/p>\n","protected":false},"featured_media":21858,"template":"","meta":{"_coblocks_attr":"","_coblocks_dimensions":"","_coblocks_responsive_height":"","_coblocks_accordion_ie_support":""},"pwb-brand":[428],"product_brand":[],"product_cat":[97],"product_tag":[],"class_list":{"0":"post-21859","1":"product","2":"type-product","3":"status-publish","4":"has-post-thumbnail","6":"pwb-brand-rowenta","7":"product_cat-electromenagers","10":"first","11":"instock","12":"taxable","13":"shipping-taxable","14":"purchasable","15":"product-type-simple"},"yoast_head":"<!-- This site is optimized with the Yoast SEO plugin v27.4 - https:\/\/yoast.com\/product\/yoast-seo-wordpress\/ -->\n<title>ROWENTA xplorer serie 45 - I-CONFORT<\/title>\n<meta name=\"robots\" content=\"index, follow, max-snippet:-1, max-image-preview:large, max-video-preview:-1\" \/>\n<link rel=\"canonical\" href=\"https:\/\/i-confort.com\/?product=rowenta-xplorer-serie-45\" \/>\n<meta property=\"og:locale\" content=\"fr_FR\" \/>\n<meta property=\"og:type\" content=\"article\" \/>\n<meta property=\"og:title\" content=\"ROWENTA xplorer serie 45 - I-CONFORT\" \/>\n<meta property=\"og:description\" content=\"L\u2019aspirateur Robot X-Plorer\u00a0Serie\u00a045 de Rowenta est une solution de nettoyage pratique \u00e9quip\u00e9e d\u2019une technologie fiable, pour un m\u00e9nage sans effort. D\u00e9couvrez un aspirateur automatique moderne, pour un nettoyage ais\u00e9 partout o\u00f9 vous en avez besoin\u00a0: trois modes de navigation couvrent toutes les surfaces de votre maison, des capteurs performants \u00e9vitent les obstacles et chutes, une brosse motoris\u00e9e permet un nettoyage efficace, et bien plus encore. De plus, il est tr\u00e8s intuitif\u00a0et facile \u00e0 utiliser gr\u00e2ce \u00e0 l&#039;application pour smartphone.\" \/>\n<meta property=\"og:url\" content=\"https:\/\/i-confort.com\/?product=rowenta-xplorer-serie-45\" \/>\n<meta property=\"og:site_name\" content=\"I-CONFORT\" \/>\n<meta property=\"og:image\" content=\"https:\/\/i-confort.com\/wp-content\/uploads\/2024\/12\/45.jpg\" \/>\n\t<meta property=\"og:image:width\" content=\"225\" \/>\n\t<meta property=\"og:image:height\" content=\"225\" \/>\n\t<meta property=\"og:image:type\" content=\"image\/jpeg\" \/>\n<meta name=\"twitter:card\" content=\"summary_large_image\" \/>\n<script type=\"application\/ld+json\" class=\"yoast-schema-graph\">{\"@context\":\"https:\\\/\\\/schema.org\",\"@graph\":[{\"@type\":\"WebPage\",\"@id\":\"https:\\\/\\\/i-confort.com\\\/?product=rowenta-xplorer-serie-45\",\"url\":\"https:\\\/\\\/i-confort.com\\\/?product=rowenta-xplorer-serie-45\",\"name\":\"ROWENTA xplorer serie 45 - I-CONFORT\",\"isPartOf\":{\"@id\":\"https:\\\/\\\/i-confort.com\\\/#website\"},\"primaryImageOfPage\":{\"@id\":\"https:\\\/\\\/i-confort.com\\\/?product=rowenta-xplorer-serie-45#primaryimage\"},\"image\":{\"@id\":\"https:\\\/\\\/i-confort.com\\\/?product=rowenta-xplorer-serie-45#primaryimage\"},\"thumbnailUrl\":\"https:\\\/\\\/i-confort.com\\\/wp-content\\\/uploads\\\/2024\\\/12\\\/45.jpg\",\"datePublished\":\"2024-12-16T08:20:24+00:00\",\"breadcrumb\":{\"@id\":\"https:\\\/\\\/i-confort.com\\\/?product=rowenta-xplorer-serie-45#breadcrumb\"},\"inLanguage\":\"fr-FR\",\"potentialAction\":[{\"@type\":\"ReadAction\",\"target\":[\"https:\\\/\\\/i-confort.com\\\/?product=rowenta-xplorer-serie-45\"]}]},{\"@type\":\"ImageObject\",\"inLanguage\":\"fr-FR\",\"@id\":\"https:\\\/\\\/i-confort.com\\\/?product=rowenta-xplorer-serie-45#primaryimage\",\"url\":\"https:\\\/\\\/i-confort.com\\\/wp-content\\\/uploads\\\/2024\\\/12\\\/45.jpg\",\"contentUrl\":\"https:\\\/\\\/i-confort.com\\\/wp-content\\\/uploads\\\/2024\\\/12\\\/45.jpg\",\"width\":225,\"height\":225},{\"@type\":\"BreadcrumbList\",\"@id\":\"https:\\\/\\\/i-confort.com\\\/?product=rowenta-xplorer-serie-45#breadcrumb\",\"itemListElement\":[{\"@type\":\"ListItem\",\"position\":1,\"name\":\"Home\",\"item\":\"https:\\\/\\\/i-confort.com\\\/\"},{\"@type\":\"ListItem\",\"position\":2,\"name\":\"Boutique\",\"item\":\"https:\\\/\\\/i-confort.com\\\/?page_id=7\"},{\"@type\":\"ListItem\",\"position\":3,\"name\":\"ROWENTA xplorer serie 45\"}]},{\"@type\":\"WebSite\",\"@id\":\"https:\\\/\\\/i-confort.com\\\/#website\",\"url\":\"https:\\\/\\\/i-confort.com\\\/\",\"name\":\"I-CONFORT\",\"description\":\"Site de vente en ligne\",\"potentialAction\":[{\"@type\":\"SearchAction\",\"target\":{\"@type\":\"EntryPoint\",\"urlTemplate\":\"https:\\\/\\\/i-confort.com\\\/?s={search_term_string}\"},\"query-input\":{\"@type\":\"PropertyValueSpecification\",\"valueRequired\":true,\"valueName\":\"search_term_string\"}}],\"inLanguage\":\"fr-FR\"}]}<\/script>\n<!-- \/ Yoast SEO plugin. -->","yoast_head_json":{"title":"ROWENTA xplorer serie 45 - I-CONFORT","robots":{"index":"index","follow":"follow","max-snippet":"max-snippet:-1","max-image-preview":"max-image-preview:large","max-video-preview":"max-video-preview:-1"},"canonical":"https:\/\/i-confort.com\/?product=rowenta-xplorer-serie-45","og_locale":"fr_FR","og_type":"article","og_title":"ROWENTA xplorer serie 45 - I-CONFORT","og_description":"L\u2019aspirateur Robot X-Plorer\u00a0Serie\u00a045 de Rowenta est une solution de nettoyage pratique \u00e9quip\u00e9e d\u2019une technologie fiable, pour un m\u00e9nage sans effort. D\u00e9couvrez un aspirateur automatique moderne, pour un nettoyage ais\u00e9 partout o\u00f9 vous en avez besoin\u00a0: trois modes de navigation couvrent toutes les surfaces de votre maison, des capteurs performants \u00e9vitent les obstacles et chutes, une brosse motoris\u00e9e permet un nettoyage efficace, et bien plus encore. De plus, il est tr\u00e8s intuitif\u00a0et facile \u00e0 utiliser gr\u00e2ce \u00e0 l'application pour smartphone.","og_url":"https:\/\/i-confort.com\/?product=rowenta-xplorer-serie-45","og_site_name":"I-CONFORT","og_image":[{"width":225,"height":225,"url":"https:\/\/i-confort.com\/wp-content\/uploads\/2024\/12\/45.jpg","type":"image\/jpeg"}],"twitter_card":"summary_large_image","schema":{"@context":"https:\/\/schema.org","@graph":[{"@type":"WebPage","@id":"https:\/\/i-confort.com\/?product=rowenta-xplorer-serie-45","url":"https:\/\/i-confort.com\/?product=rowenta-xplorer-serie-45","name":"ROWENTA xplorer serie 45 - I-CONFORT","isPartOf":{"@id":"https:\/\/i-confort.com\/#website"},"primaryImageOfPage":{"@id":"https:\/\/i-confort.com\/?product=rowenta-xplorer-serie-45#primaryimage"},"image":{"@id":"https:\/\/i-confort.com\/?product=rowenta-xplorer-serie-45#primaryimage"},"thumbnailUrl":"https:\/\/i-confort.com\/wp-content\/uploads\/2024\/12\/45.jpg","datePublished":"2024-12-16T08:20:24+00:00","breadcrumb":{"@id":"https:\/\/i-confort.com\/?product=rowenta-xplorer-serie-45#breadcrumb"},"inLanguage":"fr-FR","potentialAction":[{"@type":"ReadAction","target":["https:\/\/i-confort.com\/?product=rowenta-xplorer-serie-45"]}]},{"@type":"ImageObject","inLanguage":"fr-FR","@id":"https:\/\/i-confort.com\/?product=rowenta-xplorer-serie-45#primaryimage","url":"https:\/\/i-confort.com\/wp-content\/uploads\/2024\/12\/45.jpg","contentUrl":"https:\/\/i-confort.com\/wp-content\/uploads\/2024\/12\/45.jpg","width":225,"height":225},{"@type":"BreadcrumbList","@id":"https:\/\/i-confort.com\/?product=rowenta-xplorer-serie-45#breadcrumb","itemListElement":[{"@type":"ListItem","position":1,"name":"Home","item":"https:\/\/i-confort.com\/"},{"@type":"ListItem","position":2,"name":"Boutique","item":"https:\/\/i-confort.com\/?page_id=7"},{"@type":"ListItem","position":3,"name":"ROWENTA xplorer serie 45"}]},{"@type":"WebSite","@id":"https:\/\/i-confort.com\/#website","url":"https:\/\/i-confort.com\/","name":"I-CONFORT","description":"Site de vente en ligne","potentialAction":[{"@type":"SearchAction","target":{"@type":"EntryPoint","urlTemplate":"https:\/\/i-confort.com\/?s={search_term_string}"},"query-input":{"@type":"PropertyValueSpecification","valueRequired":true,"valueName":"search_term_string"}}],"inLanguage":"fr-FR"}]}},"brands":[{"id":428,"name":"ROWENTA","slug":"rowenta"}],"_links":{"self":[{"href":"https:\/\/i-confort.com\/index.php?rest_route=\/wp\/v2\/product\/21859","targetHints":{"allow":["GET"]}}],"collection":[{"href":"https:\/\/i-confort.com\/index.php?rest_route=\/wp\/v2\/product"}],"about":[{"href":"https:\/\/i-confort.com\/index.php?rest_route=\/wp\/v2\/types\/product"}],"wp:featuredmedia":[{"embeddable":true,"href":"https:\/\/i-confort.com\/index.php?rest_route=\/wp\/v2\/media\/21858"}],"wp:attachment":[{"href":"https:\/\/i-confort.com\/index.php?rest_route=%2Fwp%2Fv2%2Fmedia&parent=21859"}],"wp:term":[{"taxonomy":"pwb-brand","embeddable":true,"href":"https:\/\/i-confort.com\/index.php?rest_route=%2Fwp%2Fv2%2Fpwb-brand&post=21859"},{"taxonomy":"product_brand","embeddable":true,"href":"https:\/\/i-confort.com\/index.php?rest_route=%2Fwp%2Fv2%2Fproduct_brand&post=21859"},{"taxonomy":"product_cat","embeddable":true,"href":"https:\/\/i-confort.com\/index.php?rest_route=%2Fwp%2Fv2%2Fproduct_cat&post=21859"},{"taxonomy":"product_tag","embeddable":true,"href":"https:\/\/i-confort.com\/index.php?rest_route=%2Fwp%2Fv2%2Fproduct_tag&post=21859"}],"curies":[{"name":"wp","href":"https:\/\/api.w.org\/{rel}","templated":true}]}}