{"id":22010,"date":"2024-12-25T09:06:12","date_gmt":"2024-12-25T09:06:12","guid":{"rendered":"https:\/\/i-confort.com\/?product=samsung-a06-4gb-64gb"},"modified":"2024-12-25T09:06:12","modified_gmt":"2024-12-25T09:06:12","slug":"samsung-a06-4gb-64gb","status":"publish","type":"product","link":"https:\/\/i-confort.com\/?product=samsung-a06-4gb-64gb","title":{"rendered":"SAMSUNG A06 4GB\/64GB"},"content":{"rendered":"<p><br data-mce-bogus=\"1\"><\/p>\n","protected":false},"excerpt":{"rendered":"<table class=\"table\" style=\"border-spacing: 0px;border-collapse: collapse;width: 1140px;max-width: 100%;margin-bottom: 20px;font-family: Montserrat, sans-serif;font-size: 14px\">\n<thead>\n<tr>\n<td style=\"padding: 8px;line-height: 1.42857;vertical-align: top;border-top: 0px\">Samsung Galaxy A06 4GB\/64GB<\/td>\n<\/tr>\n<\/thead>\n<tbody>\n<tr>\n<th scope=\"row\" style=\"padding: 8px;text-align: left;line-height: 1.42857;vertical-align: top\">Taille d&rsquo;\u00e9cran<\/th>\n<td style=\"padding: 8px;line-height: 1.42857;vertical-align: top\">6.7 inches, 108.4 cm2 (~83.8% screen-to-body ratio)<\/td>\n<\/tr>\n<tr>\n<th scope=\"row\" style=\"padding: 8px;text-align: left;line-height: 1.42857;vertical-align: top\">Type d&rsquo;\u00e9cran<\/th>\n<td style=\"padding: 8px;line-height: 1.42857;vertical-align: top\">PLS LCD<\/td>\n<\/tr>\n<tr>\n<th scope=\"row\" style=\"padding: 8px;text-align: left;line-height: 1.42857;vertical-align: top\">R\u00e9solution<\/th>\n<td style=\"padding: 8px;line-height: 1.42857;vertical-align: top\">720 x 1600 pixels, 20:9 ratio (~262 ppi density)<\/td>\n<\/tr>\n<tr>\n<th scope=\"row\" style=\"padding: 8px;text-align: left;line-height: 1.42857;vertical-align: top\">Espace de stockage<\/th>\n<td style=\"padding: 8px;line-height: 1.42857;vertical-align: top\">64GB memoir<\/td>\n<\/tr>\n<tr>\n<th scope=\"row\" style=\"padding: 8px;text-align: left;line-height: 1.42857;vertical-align: top\">M\u00e9moire vive (RAM)<\/th>\n<td style=\"padding: 8px;line-height: 1.42857;vertical-align: top\">4GB RAM<\/td>\n<\/tr>\n<tr>\n<th scope=\"row\" style=\"padding: 8px;text-align: left;line-height: 1.42857;vertical-align: top\">Version Android<\/th>\n<td style=\"padding: 8px;line-height: 1.42857;vertical-align: top\">Android 14, up to 2 major Android upgrades<\/td>\n<\/tr>\n<tr>\n<th scope=\"row\" style=\"padding: 8px;text-align: left;line-height: 1.42857;vertical-align: top\">Vitesse du processeur<\/th>\n<td style=\"padding: 8px;line-height: 1.42857;vertical-align: top\">Mediatek Helio G85 (12 nm) CPU Octa-core (2&#215;2.0 GHz Cortex-A75 &amp; 6&#215;1.8 GHz Cortex-A55) GPU Mali-G52 MC2<\/td>\n<\/tr>\n<tr>\n<th scope=\"row\" style=\"padding: 8px;text-align: left;line-height: 1.42857;vertical-align: top\">M\u00e9gapixels (appareil photo principal)<\/th>\n<td style=\"padding: 8px;line-height: 1.42857;vertical-align: top\">50 MP, f\/1.8, (wide), AF 2 MP, f\/2.4, (depth) Features LED flash Video 1080p@30\/60fps<\/td>\n<\/tr>\n<tr>\n<th scope=\"row\" style=\"padding: 8px;text-align: left;line-height: 1.42857;vertical-align: top\">M\u00e9gapixels (cam\u00e9ra frontale)<\/th>\n<td style=\"padding: 8px;line-height: 1.42857;vertical-align: top\">8 MP, f\/2.0 Video Yes<\/td>\n<\/tr>\n<tr>\n<th scope=\"row\" style=\"padding: 8px;text-align: left;line-height: 1.42857;vertical-align: top\">Capacit\u00e9 de la batterie<\/th>\n<td style=\"padding: 8px;line-height: 1.42857;vertical-align: top\">Li-Po 5000 mAh<\/td>\n<\/tr>\n<tr>\n<th scope=\"row\" style=\"padding: 8px;text-align: left;line-height: 1.42857;vertical-align: top\">Vitesse de chargement<\/th>\n<td style=\"padding: 8px;line-height: 1.42857;vertical-align: top\">25W wired<\/td>\n<\/tr>\n<tr>\n<th scope=\"row\" style=\"padding: 8px;text-align: left;line-height: 1.42857;vertical-align: top\">Double puce<\/th>\n<td style=\"padding: 8px;line-height: 1.42857;vertical-align: top\">oui<\/td>\n<\/tr>\n<\/tbody>\n<\/table>\n","protected":false},"featured_media":22009,"template":"","meta":{"_coblocks_attr":"","_coblocks_dimensions":"","_coblocks_responsive_height":"","_coblocks_accordion_ie_support":""},"pwb-brand":[345],"product_brand":[],"product_cat":[355],"product_tag":[],"class_list":{"0":"post-22010","1":"product","2":"type-product","3":"status-publish","4":"has-post-thumbnail","6":"pwb-brand-sumsung","7":"product_cat-telephone-et-accessoires","10":"first","11":"instock","12":"taxable","13":"shipping-taxable","14":"purchasable","15":"product-type-simple"},"yoast_head":"<!-- This site is optimized with the Yoast SEO plugin v27.4 - https:\/\/yoast.com\/product\/yoast-seo-wordpress\/ -->\n<title>SAMSUNG A06 4GB\/64GB - I-CONFORT<\/title>\n<meta name=\"robots\" content=\"index, follow, max-snippet:-1, max-image-preview:large, max-video-preview:-1\" \/>\n<link rel=\"canonical\" href=\"https:\/\/i-confort.com\/?product=samsung-a06-4gb-64gb\" \/>\n<meta property=\"og:locale\" content=\"fr_FR\" \/>\n<meta property=\"og:type\" content=\"article\" \/>\n<meta property=\"og:title\" content=\"SAMSUNG A06 4GB\/64GB - I-CONFORT\" \/>\n<meta property=\"og:description\" content=\"Samsung Galaxy A06 4GB\/64GBTaille d&#039;\u00e9cran6.7 inches, 108.4 cm2 (~83.8% screen-to-body ratio)Type d&#039;\u00e9cranPLS LCDR\u00e9solution720 x 1600 pixels, 20:9 ratio (~262 ppi density)Espace de stockage64GB memoirM\u00e9moire vive (RAM)4GB RAMVersion AndroidAndroid 14, up to 2 major Android upgradesVitesse du processeurMediatek Helio G85 (12 nm) CPU Octa-core (2x2.0 GHz Cortex-A75 &amp; 6x1.8 GHz Cortex-A55) GPU Mali-G52 MC2M\u00e9gapixels (appareil photo principal)50 MP, f\/1.8, (wide), AF 2 MP, f\/2.4, (depth) Features LED flash Video 1080p@30\/60fpsM\u00e9gapixels (cam\u00e9ra frontale)8 MP, f\/2.0 Video YesCapacit\u00e9 de la batterieLi-Po 5000 mAhVitesse de chargement25W wiredDouble puceoui\" \/>\n<meta property=\"og:url\" content=\"https:\/\/i-confort.com\/?product=samsung-a06-4gb-64gb\" \/>\n<meta property=\"og:site_name\" content=\"I-CONFORT\" \/>\n<meta property=\"og:image\" content=\"https:\/\/i-confort.com\/wp-content\/uploads\/2024\/12\/1-4-1.jpg\" \/>\n\t<meta property=\"og:image:width\" content=\"680\" \/>\n\t<meta property=\"og:image:height\" content=\"680\" \/>\n\t<meta property=\"og:image:type\" content=\"image\/jpeg\" \/>\n<meta name=\"twitter:card\" content=\"summary_large_image\" \/>\n<script type=\"application\/ld+json\" class=\"yoast-schema-graph\">{\"@context\":\"https:\\\/\\\/schema.org\",\"@graph\":[{\"@type\":\"WebPage\",\"@id\":\"https:\\\/\\\/i-confort.com\\\/?product=samsung-a06-4gb-64gb\",\"url\":\"https:\\\/\\\/i-confort.com\\\/?product=samsung-a06-4gb-64gb\",\"name\":\"SAMSUNG A06 4GB\\\/64GB - I-CONFORT\",\"isPartOf\":{\"@id\":\"https:\\\/\\\/i-confort.com\\\/#website\"},\"primaryImageOfPage\":{\"@id\":\"https:\\\/\\\/i-confort.com\\\/?product=samsung-a06-4gb-64gb#primaryimage\"},\"image\":{\"@id\":\"https:\\\/\\\/i-confort.com\\\/?product=samsung-a06-4gb-64gb#primaryimage\"},\"thumbnailUrl\":\"https:\\\/\\\/i-confort.com\\\/wp-content\\\/uploads\\\/2024\\\/12\\\/1-4-1.jpg\",\"datePublished\":\"2024-12-25T09:06:12+00:00\",\"breadcrumb\":{\"@id\":\"https:\\\/\\\/i-confort.com\\\/?product=samsung-a06-4gb-64gb#breadcrumb\"},\"inLanguage\":\"fr-FR\",\"potentialAction\":[{\"@type\":\"ReadAction\",\"target\":[\"https:\\\/\\\/i-confort.com\\\/?product=samsung-a06-4gb-64gb\"]}]},{\"@type\":\"ImageObject\",\"inLanguage\":\"fr-FR\",\"@id\":\"https:\\\/\\\/i-confort.com\\\/?product=samsung-a06-4gb-64gb#primaryimage\",\"url\":\"https:\\\/\\\/i-confort.com\\\/wp-content\\\/uploads\\\/2024\\\/12\\\/1-4-1.jpg\",\"contentUrl\":\"https:\\\/\\\/i-confort.com\\\/wp-content\\\/uploads\\\/2024\\\/12\\\/1-4-1.jpg\",\"width\":680,\"height\":680},{\"@type\":\"BreadcrumbList\",\"@id\":\"https:\\\/\\\/i-confort.com\\\/?product=samsung-a06-4gb-64gb#breadcrumb\",\"itemListElement\":[{\"@type\":\"ListItem\",\"position\":1,\"name\":\"Home\",\"item\":\"https:\\\/\\\/i-confort.com\\\/\"},{\"@type\":\"ListItem\",\"position\":2,\"name\":\"Boutique\",\"item\":\"https:\\\/\\\/i-confort.com\\\/?page_id=7\"},{\"@type\":\"ListItem\",\"position\":3,\"name\":\"SAMSUNG A06 4GB\\\/64GB\"}]},{\"@type\":\"WebSite\",\"@id\":\"https:\\\/\\\/i-confort.com\\\/#website\",\"url\":\"https:\\\/\\\/i-confort.com\\\/\",\"name\":\"I-CONFORT\",\"description\":\"Site de vente en ligne\",\"potentialAction\":[{\"@type\":\"SearchAction\",\"target\":{\"@type\":\"EntryPoint\",\"urlTemplate\":\"https:\\\/\\\/i-confort.com\\\/?s={search_term_string}\"},\"query-input\":{\"@type\":\"PropertyValueSpecification\",\"valueRequired\":true,\"valueName\":\"search_term_string\"}}],\"inLanguage\":\"fr-FR\"}]}<\/script>\n<!-- \/ Yoast SEO plugin. -->","yoast_head_json":{"title":"SAMSUNG A06 4GB\/64GB - I-CONFORT","robots":{"index":"index","follow":"follow","max-snippet":"max-snippet:-1","max-image-preview":"max-image-preview:large","max-video-preview":"max-video-preview:-1"},"canonical":"https:\/\/i-confort.com\/?product=samsung-a06-4gb-64gb","og_locale":"fr_FR","og_type":"article","og_title":"SAMSUNG A06 4GB\/64GB - I-CONFORT","og_description":"Samsung Galaxy A06 4GB\/64GBTaille d'\u00e9cran6.7 inches, 108.4 cm2 (~83.8% screen-to-body ratio)Type d'\u00e9cranPLS LCDR\u00e9solution720 x 1600 pixels, 20:9 ratio (~262 ppi density)Espace de stockage64GB memoirM\u00e9moire vive (RAM)4GB RAMVersion AndroidAndroid 14, up to 2 major Android upgradesVitesse du processeurMediatek Helio G85 (12 nm) CPU Octa-core (2x2.0 GHz Cortex-A75 &amp; 6x1.8 GHz Cortex-A55) GPU Mali-G52 MC2M\u00e9gapixels (appareil photo principal)50 MP, f\/1.8, (wide), AF 2 MP, f\/2.4, (depth) Features LED flash Video 1080p@30\/60fpsM\u00e9gapixels (cam\u00e9ra frontale)8 MP, f\/2.0 Video YesCapacit\u00e9 de la batterieLi-Po 5000 mAhVitesse de chargement25W wiredDouble puceoui","og_url":"https:\/\/i-confort.com\/?product=samsung-a06-4gb-64gb","og_site_name":"I-CONFORT","og_image":[{"width":680,"height":680,"url":"https:\/\/i-confort.com\/wp-content\/uploads\/2024\/12\/1-4-1.jpg","type":"image\/jpeg"}],"twitter_card":"summary_large_image","schema":{"@context":"https:\/\/schema.org","@graph":[{"@type":"WebPage","@id":"https:\/\/i-confort.com\/?product=samsung-a06-4gb-64gb","url":"https:\/\/i-confort.com\/?product=samsung-a06-4gb-64gb","name":"SAMSUNG A06 4GB\/64GB - I-CONFORT","isPartOf":{"@id":"https:\/\/i-confort.com\/#website"},"primaryImageOfPage":{"@id":"https:\/\/i-confort.com\/?product=samsung-a06-4gb-64gb#primaryimage"},"image":{"@id":"https:\/\/i-confort.com\/?product=samsung-a06-4gb-64gb#primaryimage"},"thumbnailUrl":"https:\/\/i-confort.com\/wp-content\/uploads\/2024\/12\/1-4-1.jpg","datePublished":"2024-12-25T09:06:12+00:00","breadcrumb":{"@id":"https:\/\/i-confort.com\/?product=samsung-a06-4gb-64gb#breadcrumb"},"inLanguage":"fr-FR","potentialAction":[{"@type":"ReadAction","target":["https:\/\/i-confort.com\/?product=samsung-a06-4gb-64gb"]}]},{"@type":"ImageObject","inLanguage":"fr-FR","@id":"https:\/\/i-confort.com\/?product=samsung-a06-4gb-64gb#primaryimage","url":"https:\/\/i-confort.com\/wp-content\/uploads\/2024\/12\/1-4-1.jpg","contentUrl":"https:\/\/i-confort.com\/wp-content\/uploads\/2024\/12\/1-4-1.jpg","width":680,"height":680},{"@type":"BreadcrumbList","@id":"https:\/\/i-confort.com\/?product=samsung-a06-4gb-64gb#breadcrumb","itemListElement":[{"@type":"ListItem","position":1,"name":"Home","item":"https:\/\/i-confort.com\/"},{"@type":"ListItem","position":2,"name":"Boutique","item":"https:\/\/i-confort.com\/?page_id=7"},{"@type":"ListItem","position":3,"name":"SAMSUNG A06 4GB\/64GB"}]},{"@type":"WebSite","@id":"https:\/\/i-confort.com\/#website","url":"https:\/\/i-confort.com\/","name":"I-CONFORT","description":"Site de vente en ligne","potentialAction":[{"@type":"SearchAction","target":{"@type":"EntryPoint","urlTemplate":"https:\/\/i-confort.com\/?s={search_term_string}"},"query-input":{"@type":"PropertyValueSpecification","valueRequired":true,"valueName":"search_term_string"}}],"inLanguage":"fr-FR"}]}},"brands":[{"id":345,"name":"Samsung","slug":"sumsung"}],"_links":{"self":[{"href":"https:\/\/i-confort.com\/index.php?rest_route=\/wp\/v2\/product\/22010","targetHints":{"allow":["GET"]}}],"collection":[{"href":"https:\/\/i-confort.com\/index.php?rest_route=\/wp\/v2\/product"}],"about":[{"href":"https:\/\/i-confort.com\/index.php?rest_route=\/wp\/v2\/types\/product"}],"wp:featuredmedia":[{"embeddable":true,"href":"https:\/\/i-confort.com\/index.php?rest_route=\/wp\/v2\/media\/22009"}],"wp:attachment":[{"href":"https:\/\/i-confort.com\/index.php?rest_route=%2Fwp%2Fv2%2Fmedia&parent=22010"}],"wp:term":[{"taxonomy":"pwb-brand","embeddable":true,"href":"https:\/\/i-confort.com\/index.php?rest_route=%2Fwp%2Fv2%2Fpwb-brand&post=22010"},{"taxonomy":"product_brand","embeddable":true,"href":"https:\/\/i-confort.com\/index.php?rest_route=%2Fwp%2Fv2%2Fproduct_brand&post=22010"},{"taxonomy":"product_cat","embeddable":true,"href":"https:\/\/i-confort.com\/index.php?rest_route=%2Fwp%2Fv2%2Fproduct_cat&post=22010"},{"taxonomy":"product_tag","embeddable":true,"href":"https:\/\/i-confort.com\/index.php?rest_route=%2Fwp%2Fv2%2Fproduct_tag&post=22010"}],"curies":[{"name":"wp","href":"https:\/\/api.w.org\/{rel}","templated":true}]}}