{"id":22018,"date":"2024-12-25T11:43:28","date_gmt":"2024-12-25T11:43:28","guid":{"rendered":"https:\/\/i-confort.com\/?product=samsung-a16-4-128"},"modified":"2025-08-30T10:11:30","modified_gmt":"2025-08-30T10:11:30","slug":"samsung-a16-4-128","status":"publish","type":"product","link":"https:\/\/i-confort.com\/?product=samsung-a16-4-128","title":{"rendered":"SAMSUNG A16 4\/128"},"content":{"rendered":"<div id=\"productOverview_feature_div\" class=\"celwidget\" data-feature-name=\"productOverview\" data-csa-c-type=\"widget\" data-csa-c-content-id=\"productOverview\" data-csa-c-slot-id=\"productOverview_feature_div\" data-csa-c-asin=\"B0DGV4T26V\" data-csa-c-is-in-initial-active-row=\"false\" data-csa-c-id=\"bqnbl-oo5doz-av4jy9-7ozepk\" data-cel-widget=\"productOverview_feature_div\">\n<div id=\"poExpander\" data-a-expander-name=\"product_overview\" data-a-expander-collapsed-height=\"210\" class=\"a-expander-collapsed-height a-row a-expander-container a-spacing-none a-expander-partial-collapse-container\" style=\"width: 541.594px;margin-bottom: 0px !important;overflow: hidden;position: relative;max-height: none;height: auto\" data-mce-style=\"width: 541.594px; margin-bottom: 0px !important; overflow: hidden; position: relative; max-height: none; height: auto;\">\n<div data-expanded=\"true\" class=\"a-expander-content a-expander-partial-collapse-content a-expander-content-expanded\" style=\"overflow: hidden;position: relative;padding-bottom: 20px\" data-mce-style=\"overflow: hidden; position: relative; padding-bottom: 20px;\">\n<div class=\"a-section a-spacing-small a-spacing-top-small\" style=\"margin-bottom: 0px;margin-top: 8px !important\" data-mce-style=\"margin-bottom: 0px; margin-top: 8px !important;\">\n<table class=\"a-normal a-spacing-micro mce-item-table\" style=\"border-collapse: collapse;width: 541.594px;margin-bottom: 0px !important\" data-mce-style=\"border-collapse: collapse; width: 541.594px; margin-bottom: 0px !important;\">\n<tbody>\n<tr class=\"a-spacing-small po-brand\" style=\"margin-bottom: 8px !important\" data-mce-style=\"margin-bottom: 8px !important;\">\n<td class=\"a-span3\" style=\"vertical-align: top;padding: 0px 3px 3px 0px;float: none !important;margin-right: 0px;width: 129.703px\" data-mce-style=\"vertical-align: top; padding: 0px 3px 3px 0px; float: none !important; margin-right: 0px; width: 129.703px;\"><span class=\"a-size-base a-text-bold\" style=\"font-weight: 700 !important;line-height: 20px !important\" data-mce-style=\"font-weight: 700 !important; line-height: 20px !important;\">Marque<\/span><\/td>\n<td class=\"a-span9\" style=\"vertical-align: top;padding: 0px 0px 3px 3px;float: none !important;margin-right: 0px;width: 411.891px\" data-mce-style=\"vertical-align: top; padding: 0px 0px 3px 3px; float: none !important; margin-right: 0px; width: 411.891px;\"><span class=\"a-size-base po-break-word\" style=\"line-height: 20px !important\" data-mce-style=\"line-height: 20px !important;\">Samsung<\/span><\/td>\n<\/tr>\n<tr class=\"a-spacing-small po-operating_system\" style=\"margin-bottom: 8px !important\" data-mce-style=\"margin-bottom: 8px !important;\">\n<td class=\"a-span3\" style=\"vertical-align: top;padding: 3px 3px 3px 0px;float: none !important;margin-right: 0px;width: 129.703px\" data-mce-style=\"vertical-align: top; padding: 3px 3px 3px 0px; float: none !important; margin-right: 0px; width: 129.703px;\"><span class=\"a-size-base a-text-bold\" style=\"font-weight: 700 !important;line-height: 20px !important\" data-mce-style=\"font-weight: 700 !important; line-height: 20px !important;\">Syst\u00e8me d&rsquo;exploitation<\/span><\/td>\n<td class=\"a-span9\" style=\"vertical-align: top;padding: 3px 0px 3px 3px;float: none !important;margin-right: 0px;width: 411.891px\" data-mce-style=\"vertical-align: top; padding: 3px 0px 3px 3px; float: none !important; margin-right: 0px; width: 411.891px;\"><span class=\"a-size-base po-break-word\" style=\"line-height: 20px !important\" data-mce-style=\"line-height: 20px !important;\">Android 14<\/span><\/td>\n<\/tr>\n<tr class=\"a-spacing-small po-ram_memory.installed_size\" style=\"margin-bottom: 8px !important\" data-mce-style=\"margin-bottom: 8px !important;\">\n<td class=\"a-span3\" style=\"vertical-align: top;padding: 3px 3px 3px 0px;float: none !important;margin-right: 0px;width: 129.703px\" data-mce-style=\"vertical-align: top; padding: 3px 3px 3px 0px; float: none !important; margin-right: 0px; width: 129.703px;\"><span class=\"a-size-base a-text-bold\" style=\"font-weight: 700 !important;line-height: 20px !important\" data-mce-style=\"font-weight: 700 !important; line-height: 20px !important;\">Taille de la m\u00e9moire RAM install\u00e9e<\/span><\/td>\n<td class=\"a-span9\" style=\"vertical-align: top;padding: 3px 0px 3px 3px;float: none !important;margin-right: 0px;width: 411.891px\" data-mce-style=\"vertical-align: top; padding: 3px 0px 3px 3px; float: none !important; margin-right: 0px; width: 411.891px;\"><span class=\"a-size-base po-break-word\" style=\"line-height: 20px !important\" data-mce-style=\"line-height: 20px !important;\">4 Go<\/span><\/td>\n<\/tr>\n<tr class=\"a-spacing-small po-cpu_model.speed\" style=\"margin-bottom: 8px !important\" data-mce-style=\"margin-bottom: 8px !important;\">\n<td class=\"a-span3\" style=\"vertical-align: top;padding: 3px 3px 3px 0px;float: none !important;margin-right: 0px;width: 129.703px\" data-mce-style=\"vertical-align: top; padding: 3px 3px 3px 0px; float: none !important; margin-right: 0px; width: 129.703px;\"><span class=\"a-size-base a-text-bold\" style=\"font-weight: 700 !important;line-height: 20px !important\" data-mce-style=\"font-weight: 700 !important; line-height: 20px !important;\">Vitesse du CPU<\/span><\/td>\n<td class=\"a-span9\" style=\"vertical-align: top;padding: 3px 0px 3px 3px;float: none !important;margin-right: 0px;width: 411.891px\" data-mce-style=\"vertical-align: top; padding: 3px 0px 3px 3px; float: none !important; margin-right: 0px; width: 411.891px;\"><span class=\"a-size-base po-break-word\" style=\"line-height: 20px !important\" data-mce-style=\"line-height: 20px !important;\">2,4 GHz<\/span><\/td>\n<\/tr>\n<tr class=\"a-spacing-small po-memory_storage_capacity\" style=\"margin-bottom: 8px !important\" data-mce-style=\"margin-bottom: 8px !important;\">\n<td class=\"a-span3\" style=\"vertical-align: top;padding: 3px 3px 3px 0px;float: none !important;margin-right: 0px;width: 129.703px\" data-mce-style=\"vertical-align: top; padding: 3px 3px 3px 0px; float: none !important; margin-right: 0px; width: 129.703px;\"><span class=\"a-size-base a-text-bold\" style=\"font-weight: 700 !important;line-height: 20px !important\" data-mce-style=\"font-weight: 700 !important; line-height: 20px !important;\">Capacit\u00e9 de stockage de la m\u00e9moire<\/span><\/td>\n<td class=\"a-span9\" style=\"vertical-align: top;padding: 3px 0px 3px 3px;float: none !important;margin-right: 0px;width: 411.891px\" data-mce-style=\"vertical-align: top; padding: 3px 0px 3px 3px; float: none !important; margin-right: 0px; width: 411.891px;\"><span class=\"a-size-base po-break-word\" style=\"line-height: 20px !important\" data-mce-style=\"line-height: 20px !important;\">128 Go<\/span><\/td>\n<\/tr>\n<tr class=\"a-spacing-small po-display.size\" style=\"margin-bottom: 8px !important\" data-mce-style=\"margin-bottom: 8px !important;\">\n<td class=\"a-span3\" style=\"vertical-align: top;padding: 3px 3px 3px 0px;float: none !important;margin-right: 0px;width: 129.703px\" data-mce-style=\"vertical-align: top; padding: 3px 3px 3px 0px; float: none !important; margin-right: 0px; width: 129.703px;\"><span class=\"a-size-base a-text-bold\" style=\"font-weight: 700 !important;line-height: 20px !important\" data-mce-style=\"font-weight: 700 !important; line-height: 20px !important;\">Taille de l&rsquo;\u00e9cran<\/span><\/td>\n<td class=\"a-span9\" style=\"vertical-align: top;padding: 3px 0px 3px 3px;float: none !important;margin-right: 0px;width: 411.891px\" data-mce-style=\"vertical-align: top; padding: 3px 0px 3px 3px; float: none !important; margin-right: 0px; width: 411.891px;\"><span class=\"a-size-base po-break-word\" style=\"line-height: 20px !important\" data-mce-style=\"line-height: 20px !important;\">6,7 Pouces<\/span><\/td>\n<\/tr>\n<tr class=\"a-spacing-small po-resolution\" style=\"margin-bottom: 8px !important\" data-mce-style=\"margin-bottom: 8px !important;\">\n<td class=\"a-span3\" style=\"vertical-align: top;padding: 3px 3px 3px 0px;float: none !important;margin-right: 0px;width: 129.703px\" data-mce-style=\"vertical-align: top; padding: 3px 3px 3px 0px; float: none !important; margin-right: 0px; width: 129.703px;\"><span class=\"a-size-base a-text-bold\" style=\"font-weight: 700 !important;line-height: 20px !important\" data-mce-style=\"font-weight: 700 !important; line-height: 20px !important;\">R\u00e9solution<\/span><\/td>\n<td class=\"a-span9\" style=\"vertical-align: top;padding: 3px 0px 3px 3px;float: none !important;margin-right: 0px;width: 411.891px\" data-mce-style=\"vertical-align: top; padding: 3px 0px 3px 3px; float: none !important; margin-right: 0px; width: 411.891px;\"><span class=\"a-size-base po-break-word\" style=\"line-height: 20px !important\" data-mce-style=\"line-height: 20px !important;\">1080 x 2340<\/span><\/td>\n<\/tr>\n<tr class=\"a-spacing-small po-refresh_rate\" style=\"margin-bottom: 8px !important\" data-mce-style=\"margin-bottom: 8px !important;\">\n<td class=\"a-span3\" style=\"vertical-align: top;padding: 3px 3px 3px 0px;float: none !important;margin-right: 0px;width: 129.703px\" data-mce-style=\"vertical-align: top; padding: 3px 3px 3px 0px; float: none !important; margin-right: 0px; width: 129.703px;\"><span class=\"a-size-base a-text-bold\" style=\"font-weight: 700 !important;line-height: 20px !important\" data-mce-style=\"font-weight: 700 !important; line-height: 20px !important;\">Fr\u00e9quence de rafra\u00eechissement<\/span><\/td>\n<td class=\"a-span9\" style=\"vertical-align: top;padding: 3px 0px 3px 3px;float: none !important;margin-right: 0px;width: 411.891px\" data-mce-style=\"vertical-align: top; padding: 3px 0px 3px 3px; float: none !important; margin-right: 0px; width: 411.891px;\"><span class=\"a-size-base po-break-word\" style=\"line-height: 20px !important\" data-mce-style=\"line-height: 20px !important;\">90 Hz<\/span><\/td>\n<\/tr>\n<tr class=\"a-spacing-small po-model_name\" style=\"margin-bottom: 8px !important\" data-mce-style=\"margin-bottom: 8px !important;\">\n<td class=\"a-span3\" style=\"vertical-align: top;padding: 3px 3px 3px 0px;float: none !important;margin-right: 0px;width: 129.703px\" data-mce-style=\"vertical-align: top; padding: 3px 3px 3px 0px; float: none !important; margin-right: 0px; width: 129.703px;\"><span class=\"a-size-base a-text-bold\" style=\"font-weight: 700 !important;line-height: 20px !important\" data-mce-style=\"font-weight: 700 !important; line-height: 20px !important;\">Nom de mod\u00e8le<\/span><\/td>\n<td class=\"a-span9\" style=\"vertical-align: top;padding: 3px 0px 3px 3px;float: none !important;margin-right: 0px;width: 411.891px\" data-mce-style=\"vertical-align: top; padding: 3px 0px 3px 3px; float: none !important; margin-right: 0px; width: 411.891px;\"><span class=\"a-size-base po-break-word\" style=\"line-height: 20px !important\" data-mce-style=\"line-height: 20px !important;\">Galaxy A16 5G<\/span><\/td>\n<\/tr>\n<tr class=\"a-spacing-small po-wireless_provider\" style=\"margin-bottom: 8px !important\" data-mce-style=\"margin-bottom: 8px !important;\">\n<td class=\"a-span3\" style=\"vertical-align: top;padding: 3px 3px 0px 0px;float: none !important;margin-right: 0px;width: 129.703px\" data-mce-style=\"vertical-align: top; padding: 3px 3px 0px 0px; float: none !important; margin-right: 0px; width: 129.703px;\"><span class=\"a-size-base a-text-bold\" style=\"font-weight: 700 !important;line-height: 20px !important\" data-mce-style=\"font-weight: 700 !important; line-height: 20px !important;\">Op\u00e9rateur sans fil<\/span><\/td>\n<td class=\"a-span9\" style=\"vertical-align: top;padding: 3px 0px 0px 3px;float: none !important;margin-right: 0px;width: 411.891px\" data-mce-style=\"vertical-align: top; padding: 3px 0px 0px 3px; float: none !important; margin-right: 0px; width: 411.891px;\"><span class=\"a-size-base po-break-word\" style=\"line-height: 20px !important\" data-mce-style=\"line-height: 20px !important;\">D\u00e9bloqu\u00e9<\/span><\/td>\n<\/tr>\n<\/tbody>\n<\/table>\n<\/div>\n<\/div>\n<div id=\"poToggleButton\" class=\"a-expander-header a-expander-partial-collapse-header\" style=\"position: absolute;bottom: 0px;width: 541.594px;background-color: var(--__n4qdchibkmgo,#fff);z-index: 2;opacity: 1\" data-mce-style=\"position: absolute; bottom: 0px; width: 541.594px; background-color: var(--__n4qdchibkmgo,#fff); z-index: 2; opacity: 1;\"><a data-csa-c-func-deps=\"aui-da-a-expander-toggle\" data-csa-c-type=\"widget\" data-csa-interaction-events=\"click\" aria-expanded=\"true\" role=\"button\" data-action=\"a-expander-toggle\" class=\"a-declarative\" data-csa-c-id=\"842w8z-jyp3r2-mm48vf-3txvpk\" style=\"color: var(--__n4qdchsbgn6j,#007185)\" data-mce-style=\"color: var(--__n4qdchsbgn6j,#007185);\"><i class=\"a-icon a-icon-extender-collapse\" style=\"background-image: none;background-size: 400px 900px;background-repeat: no-repeat;vertical-align: baseline;position: relative;margin-right: 0.385em;width: 7px;height: 7px;background-position: -94px -293px;border-style: solid;border-width: 0px 2px 2px 0px;padding: 3px;opacity: 1;margin-top: -1px;margin-left: 2px\" data-mce-style=\"background-image: none; background-size: 400px 900px; background-repeat: no-repeat; vertical-align: baseline; position: relative; margin-right: 0.385em; width: 7px; height: 7px; background-position: -94px -293px; border-style: solid; border-width: 0px 2px 2px 0px; padding: 3px; opacity: 1; margin-top: -1px; margin-left: 2px;\"><\/i><span class=\"a-expander-prompt\">Voir moins<\/span><\/a><\/div>\n<\/div>\n<\/div>\n<div id=\"featurebullets_feature_div\" class=\"celwidget\" data-feature-name=\"featurebullets\" data-csa-c-type=\"widget\" data-csa-c-content-id=\"featurebullets\" data-csa-c-slot-id=\"featurebullets_feature_div\" data-csa-c-asin=\"B0DGV4T26V\" data-csa-c-is-in-initial-active-row=\"false\" data-csa-c-id=\"8sbmpl-4mmeom-oycka-n9p3sx\" data-cel-widget=\"featurebullets_feature_div\">\n<div id=\"feature-bullets\" class=\"a-section a-spacing-medium a-spacing-top-small\" style=\"margin-top: 8px !important;margin-bottom: 0px\" data-mce-style=\"margin-top: 8px !important; margin-bottom: 0px;\">\n<hr style=\"background-color: transparent;border-right-width: 0px;border-bottom-width: 0px;border-left-width: 0px;border-top-style: solid;height: 1px;line-height: 19px;margin-bottom: 14px;margin-top: 0px\" data-mce-style=\"background-color: transparent; border-right-width: 0px; border-bottom-width: 0px; border-left-width: 0px; border-top-style: solid; height: 1px; line-height: 19px; margin-bottom: 14px; margin-top: 0px;\">\n<h1 class=\"a-size-base-plus a-text-bold\" style=\"padding: 0px 0px 4px;margin: 0px;font-size: 16px !important;line-height: 24px !important\" data-mce-style=\"padding: 0px 0px 4px; margin: 0px; font-size: 16px !important; line-height: 24px !important;\">\u00c0 propos de cet article<\/h1>\n<ul class=\"a-unordered-list a-vertical a-spacing-mini\" style=\"margin: 0px 0px 0px 18px;color: var(--__n4qdchev6mgo,#0f1111);padding: 0px\" data-mce-style=\"margin: 0px 0px 0px 18px; color: var(--__n4qdchev6mgo,#0f1111); padding: 0px;\">\n<li class=\"a-spacing-mini\" style=\"margin: 0px\" data-mce-style=\"margin: 0px;\"><span class=\"a-list-item\" style=\"color: var(--__n4qdchev6mgo,#0f1111)\" data-mce-style=\"color: var(--__n4qdchev6mgo,#0f1111);\">Une exp\u00e9rience visuelle immersive : Le vaste \u00e9cran Super AMOLED FHD+ de 6,7 pouces du Galaxy A16 5G donne vie \u00e0 vos contenus gr\u00e2ce \u00e0 des couleurs \u00e9clatantes et des bordures ultrafines<\/span><\/li>\n<li class=\"a-spacing-mini\" style=\"margin: 0px\" data-mce-style=\"margin: 0px;\"><span class=\"a-list-item\" style=\"color: var(--__n4qdchev6mgo,#0f1111)\" data-mce-style=\"color: var(--__n4qdchev6mgo,#0f1111);\">Trois capteurs photo pour encore plus de possibilit\u00e9s : Un capteur ultra grand angle de 5 MP pour les paysages, un capteur principal de 50 MP pour vos plus beaux clich\u00e9s en haute r\u00e9solution, un capteur macro de 2 MP pour les d\u00e9tails les plus fins, et une cam\u00e9ra frontale de 13 MP pour des selfies parfaits<\/span><\/li>\n<li class=\"a-spacing-mini\" style=\"margin: 0px\" data-mce-style=\"margin: 0px;\"><span class=\"a-list-item\" style=\"color: var(--__n4qdchev6mgo,#0f1111)\" data-mce-style=\"color: var(--__n4qdchev6mgo,#0f1111);\">Adoptez la puissance de la 5G : Avec un processeur optimis\u00e9 de 2,4 GHz, le Galaxy A16 5G vous permet de streamer, de jouer et de surfer sur le web sans aucune latence<\/span><\/li>\n<li class=\"a-spacing-mini\" style=\"margin: 0px\" data-mce-style=\"margin: 0px;\"><span class=\"a-list-item\" style=\"color: var(--__n4qdchev6mgo,#0f1111)\" data-mce-style=\"color: var(--__n4qdchev6mgo,#0f1111);\">Un smartphone con\u00e7u pour l\u2019avenir : Le Galaxy A16 5G est con\u00e7u pour durer, avec jusqu\u2019\u00e0 6 ans de mises \u00e0 jour de s\u00e9curit\u00e9 et 6 g\u00e9n\u00e9rations de mises \u00e0 jour du syst\u00e8me d\u2019exploitation, garantissant des performances optimales sur le long terme<\/span><\/li>\n<li class=\"a-spacing-mini\" style=\"margin: 0px\" data-mce-style=\"margin: 0px;\"><span class=\"a-list-item\" style=\"color: var(--__n4qdchev6mgo,#0f1111)\" data-mce-style=\"color: var(--__n4qdchev6mgo,#0f1111);\">Contenu de la bo\u00eete : 1x Smartphone Samsung Galaxy A16 5G en Bleu Nuit, C\u00e2ble de donn\u00e9es USB-C, Extracteur de carte SIM<\/span><\/li>\n<\/ul>\n<\/div>\n<\/div>\n<div id=\"provenanceCertifications_feature_div\" class=\"celwidget\" data-feature-name=\"provenanceCertifications\" data-csa-c-type=\"widget\" data-csa-c-content-id=\"provenanceCertifications\" data-csa-c-slot-id=\"provenanceCertifications_feature_div\" data-csa-c-asin=\"B0DGV4T26V\" data-csa-c-is-in-initial-active-row=\"false\" data-csa-c-id=\"vcjx36-p7txf-ne8j0s-c0fqpn\" data-cel-widget=\"provenanceCertifications_feature_div\">\n<div id=\"provenance-certifications\" class=\"a-section a-spacing-medium a-spacing-top-micro\" style=\"margin-top: 0px !important;margin-bottom: 22px;padding-top: 4px\" data-mce-style=\"margin-top: 0px !important; margin-bottom: 22px; padding-top: 4px;\"><\/div>\n<\/div>\n","protected":false},"excerpt":{"rendered":"<p><\/p>\n","protected":false},"featured_media":22017,"template":"","meta":{"_coblocks_attr":"","_coblocks_dimensions":"","_coblocks_responsive_height":"","_coblocks_accordion_ie_support":""},"pwb-brand":[345],"product_brand":[],"product_cat":[355],"product_tag":[],"class_list":{"0":"post-22018","1":"product","2":"type-product","3":"status-publish","4":"has-post-thumbnail","6":"pwb-brand-sumsung","7":"product_cat-telephone-et-accessoires","10":"first","11":"instock","12":"taxable","13":"shipping-taxable","14":"purchasable","15":"product-type-simple"},"yoast_head":"<!-- This site is optimized with the Yoast SEO plugin v27.4 - https:\/\/yoast.com\/product\/yoast-seo-wordpress\/ -->\n<title>SAMSUNG A16 4\/128 - I-CONFORT<\/title>\n<meta name=\"robots\" content=\"index, follow, max-snippet:-1, max-image-preview:large, max-video-preview:-1\" \/>\n<link rel=\"canonical\" href=\"https:\/\/i-confort.com\/?product=samsung-a16-4-128\" \/>\n<meta property=\"og:locale\" content=\"fr_FR\" \/>\n<meta property=\"og:type\" content=\"article\" \/>\n<meta property=\"og:title\" content=\"SAMSUNG A16 4\/128 - I-CONFORT\" \/>\n<meta property=\"og:url\" content=\"https:\/\/i-confort.com\/?product=samsung-a16-4-128\" \/>\n<meta property=\"og:site_name\" content=\"I-CONFORT\" \/>\n<meta property=\"article:modified_time\" content=\"2025-08-30T10:11:30+00:00\" \/>\n<meta property=\"og:image\" content=\"https:\/\/i-confort.com\/wp-content\/uploads\/2024\/12\/668.jpg\" \/>\n\t<meta property=\"og:image:width\" content=\"1600\" \/>\n\t<meta property=\"og:image:height\" content=\"1600\" \/>\n\t<meta property=\"og:image:type\" content=\"image\/jpeg\" \/>\n<meta name=\"twitter:card\" content=\"summary_large_image\" \/>\n<meta name=\"twitter:label1\" content=\"Dur\u00e9e de lecture estim\u00e9e\" \/>\n\t<meta name=\"twitter:data1\" content=\"1 minute\" \/>\n<script type=\"application\/ld+json\" class=\"yoast-schema-graph\">{\"@context\":\"https:\\\/\\\/schema.org\",\"@graph\":[{\"@type\":\"WebPage\",\"@id\":\"https:\\\/\\\/i-confort.com\\\/?product=samsung-a16-4-128\",\"url\":\"https:\\\/\\\/i-confort.com\\\/?product=samsung-a16-4-128\",\"name\":\"SAMSUNG A16 4\\\/128 - I-CONFORT\",\"isPartOf\":{\"@id\":\"https:\\\/\\\/i-confort.com\\\/#website\"},\"primaryImageOfPage\":{\"@id\":\"https:\\\/\\\/i-confort.com\\\/?product=samsung-a16-4-128#primaryimage\"},\"image\":{\"@id\":\"https:\\\/\\\/i-confort.com\\\/?product=samsung-a16-4-128#primaryimage\"},\"thumbnailUrl\":\"https:\\\/\\\/i-confort.com\\\/wp-content\\\/uploads\\\/2024\\\/12\\\/668.jpg\",\"datePublished\":\"2024-12-25T11:43:28+00:00\",\"dateModified\":\"2025-08-30T10:11:30+00:00\",\"breadcrumb\":{\"@id\":\"https:\\\/\\\/i-confort.com\\\/?product=samsung-a16-4-128#breadcrumb\"},\"inLanguage\":\"fr-FR\",\"potentialAction\":[{\"@type\":\"ReadAction\",\"target\":[\"https:\\\/\\\/i-confort.com\\\/?product=samsung-a16-4-128\"]}]},{\"@type\":\"ImageObject\",\"inLanguage\":\"fr-FR\",\"@id\":\"https:\\\/\\\/i-confort.com\\\/?product=samsung-a16-4-128#primaryimage\",\"url\":\"https:\\\/\\\/i-confort.com\\\/wp-content\\\/uploads\\\/2024\\\/12\\\/668.jpg\",\"contentUrl\":\"https:\\\/\\\/i-confort.com\\\/wp-content\\\/uploads\\\/2024\\\/12\\\/668.jpg\",\"width\":1600,\"height\":1600},{\"@type\":\"BreadcrumbList\",\"@id\":\"https:\\\/\\\/i-confort.com\\\/?product=samsung-a16-4-128#breadcrumb\",\"itemListElement\":[{\"@type\":\"ListItem\",\"position\":1,\"name\":\"Home\",\"item\":\"https:\\\/\\\/i-confort.com\\\/\"},{\"@type\":\"ListItem\",\"position\":2,\"name\":\"Boutique\",\"item\":\"https:\\\/\\\/i-confort.com\\\/?page_id=7\"},{\"@type\":\"ListItem\",\"position\":3,\"name\":\"SAMSUNG A16 4\\\/128\"}]},{\"@type\":\"WebSite\",\"@id\":\"https:\\\/\\\/i-confort.com\\\/#website\",\"url\":\"https:\\\/\\\/i-confort.com\\\/\",\"name\":\"I-CONFORT\",\"description\":\"Site de vente en ligne\",\"potentialAction\":[{\"@type\":\"SearchAction\",\"target\":{\"@type\":\"EntryPoint\",\"urlTemplate\":\"https:\\\/\\\/i-confort.com\\\/?s={search_term_string}\"},\"query-input\":{\"@type\":\"PropertyValueSpecification\",\"valueRequired\":true,\"valueName\":\"search_term_string\"}}],\"inLanguage\":\"fr-FR\"}]}<\/script>\n<!-- \/ Yoast SEO plugin. -->","yoast_head_json":{"title":"SAMSUNG A16 4\/128 - I-CONFORT","robots":{"index":"index","follow":"follow","max-snippet":"max-snippet:-1","max-image-preview":"max-image-preview:large","max-video-preview":"max-video-preview:-1"},"canonical":"https:\/\/i-confort.com\/?product=samsung-a16-4-128","og_locale":"fr_FR","og_type":"article","og_title":"SAMSUNG A16 4\/128 - I-CONFORT","og_url":"https:\/\/i-confort.com\/?product=samsung-a16-4-128","og_site_name":"I-CONFORT","article_modified_time":"2025-08-30T10:11:30+00:00","og_image":[{"width":1600,"height":1600,"url":"https:\/\/i-confort.com\/wp-content\/uploads\/2024\/12\/668.jpg","type":"image\/jpeg"}],"twitter_card":"summary_large_image","twitter_misc":{"Dur\u00e9e de lecture estim\u00e9e":"1 minute"},"schema":{"@context":"https:\/\/schema.org","@graph":[{"@type":"WebPage","@id":"https:\/\/i-confort.com\/?product=samsung-a16-4-128","url":"https:\/\/i-confort.com\/?product=samsung-a16-4-128","name":"SAMSUNG A16 4\/128 - I-CONFORT","isPartOf":{"@id":"https:\/\/i-confort.com\/#website"},"primaryImageOfPage":{"@id":"https:\/\/i-confort.com\/?product=samsung-a16-4-128#primaryimage"},"image":{"@id":"https:\/\/i-confort.com\/?product=samsung-a16-4-128#primaryimage"},"thumbnailUrl":"https:\/\/i-confort.com\/wp-content\/uploads\/2024\/12\/668.jpg","datePublished":"2024-12-25T11:43:28+00:00","dateModified":"2025-08-30T10:11:30+00:00","breadcrumb":{"@id":"https:\/\/i-confort.com\/?product=samsung-a16-4-128#breadcrumb"},"inLanguage":"fr-FR","potentialAction":[{"@type":"ReadAction","target":["https:\/\/i-confort.com\/?product=samsung-a16-4-128"]}]},{"@type":"ImageObject","inLanguage":"fr-FR","@id":"https:\/\/i-confort.com\/?product=samsung-a16-4-128#primaryimage","url":"https:\/\/i-confort.com\/wp-content\/uploads\/2024\/12\/668.jpg","contentUrl":"https:\/\/i-confort.com\/wp-content\/uploads\/2024\/12\/668.jpg","width":1600,"height":1600},{"@type":"BreadcrumbList","@id":"https:\/\/i-confort.com\/?product=samsung-a16-4-128#breadcrumb","itemListElement":[{"@type":"ListItem","position":1,"name":"Home","item":"https:\/\/i-confort.com\/"},{"@type":"ListItem","position":2,"name":"Boutique","item":"https:\/\/i-confort.com\/?page_id=7"},{"@type":"ListItem","position":3,"name":"SAMSUNG A16 4\/128"}]},{"@type":"WebSite","@id":"https:\/\/i-confort.com\/#website","url":"https:\/\/i-confort.com\/","name":"I-CONFORT","description":"Site de vente en ligne","potentialAction":[{"@type":"SearchAction","target":{"@type":"EntryPoint","urlTemplate":"https:\/\/i-confort.com\/?s={search_term_string}"},"query-input":{"@type":"PropertyValueSpecification","valueRequired":true,"valueName":"search_term_string"}}],"inLanguage":"fr-FR"}]}},"brands":[{"id":345,"name":"Samsung","slug":"sumsung"}],"_links":{"self":[{"href":"https:\/\/i-confort.com\/index.php?rest_route=\/wp\/v2\/product\/22018","targetHints":{"allow":["GET"]}}],"collection":[{"href":"https:\/\/i-confort.com\/index.php?rest_route=\/wp\/v2\/product"}],"about":[{"href":"https:\/\/i-confort.com\/index.php?rest_route=\/wp\/v2\/types\/product"}],"wp:featuredmedia":[{"embeddable":true,"href":"https:\/\/i-confort.com\/index.php?rest_route=\/wp\/v2\/media\/22017"}],"wp:attachment":[{"href":"https:\/\/i-confort.com\/index.php?rest_route=%2Fwp%2Fv2%2Fmedia&parent=22018"}],"wp:term":[{"taxonomy":"pwb-brand","embeddable":true,"href":"https:\/\/i-confort.com\/index.php?rest_route=%2Fwp%2Fv2%2Fpwb-brand&post=22018"},{"taxonomy":"product_brand","embeddable":true,"href":"https:\/\/i-confort.com\/index.php?rest_route=%2Fwp%2Fv2%2Fproduct_brand&post=22018"},{"taxonomy":"product_cat","embeddable":true,"href":"https:\/\/i-confort.com\/index.php?rest_route=%2Fwp%2Fv2%2Fproduct_cat&post=22018"},{"taxonomy":"product_tag","embeddable":true,"href":"https:\/\/i-confort.com\/index.php?rest_route=%2Fwp%2Fv2%2Fproduct_tag&post=22018"}],"curies":[{"name":"wp","href":"https:\/\/api.w.org\/{rel}","templated":true}]}}