{"id":22125,"date":"2024-12-29T08:20:13","date_gmt":"2024-12-29T08:20:13","guid":{"rendered":"https:\/\/i-confort.com\/?product=nardi-micro-onde-23l-nmw238lgw1"},"modified":"2024-12-29T08:20:13","modified_gmt":"2024-12-29T08:20:13","slug":"nardi-micro-onde-23l-nmw238lgw1","status":"publish","type":"product","link":"https:\/\/i-confort.com\/?product=nardi-micro-onde-23l-nmw238lgw1","title":{"rendered":"NARDI micro onde 23L NMW238LGW1"},"content":{"rendered":"<p><br data-mce-bogus=\"1\"><\/p>\n","protected":false},"excerpt":{"rendered":"<p><span style=\"font-family: work;font-size: 14px\">Dimensions produit (L*H*P): 524 598*596<\/span><br style=\"font-family: work;font-size: 14px\"><span style=\"font-family: work;font-size: 14px\">Puissance Grill 1000W<\/span><br style=\"font-family: work;font-size: 14px\"><span style=\"font-family: work;font-size: 14px\">Puissance 800 w<\/span><br style=\"font-family: work;font-size: 14px\"><span style=\"font-family: work;font-size: 14px\">Capacit\u00e9 23L<\/span><br style=\"font-family: work;font-size: 14px\"><span style=\"font-family: work;font-size: 14px\">5 Niveaux de r\u00e9glage de l&rsquo;\u00e9nergie<\/span><br style=\"font-family: work;font-size: 14px\"><span style=\"font-family: work;font-size: 14px\">8 Programmes de cuisson<\/span><\/p>\n","protected":false},"featured_media":22124,"template":"","meta":{"_coblocks_attr":"","_coblocks_dimensions":"","_coblocks_responsive_height":"","_coblocks_accordion_ie_support":""},"pwb-brand":[438],"product_brand":[],"product_cat":[353],"product_tag":[],"class_list":{"0":"post-22125","1":"product","2":"type-product","3":"status-publish","4":"has-post-thumbnail","6":"pwb-brand-nardi","7":"product_cat-micro-onde","10":"first","11":"instock","12":"taxable","13":"shipping-taxable","14":"purchasable","15":"product-type-simple"},"yoast_head":"<!-- This site is optimized with the Yoast SEO plugin v27.4 - https:\/\/yoast.com\/product\/yoast-seo-wordpress\/ -->\n<title>NARDI micro onde 23L NMW238LGW1 - I-CONFORT<\/title>\n<meta name=\"robots\" content=\"index, follow, max-snippet:-1, max-image-preview:large, max-video-preview:-1\" \/>\n<link rel=\"canonical\" href=\"https:\/\/i-confort.com\/?product=nardi-micro-onde-23l-nmw238lgw1\" \/>\n<meta property=\"og:locale\" content=\"fr_FR\" \/>\n<meta property=\"og:type\" content=\"article\" \/>\n<meta property=\"og:title\" content=\"NARDI micro onde 23L NMW238LGW1 - I-CONFORT\" \/>\n<meta property=\"og:description\" content=\"Dimensions produit (L*H*P): 524 598*596Puissance Grill 1000WPuissance 800 wCapacit\u00e9 23L5 Niveaux de r\u00e9glage de l&#039;\u00e9nergie8 Programmes de cuisson\" \/>\n<meta property=\"og:url\" content=\"https:\/\/i-confort.com\/?product=nardi-micro-onde-23l-nmw238lgw1\" \/>\n<meta property=\"og:site_name\" content=\"I-CONFORT\" \/>\n<meta property=\"og:image\" content=\"https:\/\/i-confort.com\/wp-content\/uploads\/2024\/12\/LGW.jpg\" \/>\n\t<meta property=\"og:image:width\" content=\"470\" \/>\n\t<meta property=\"og:image:height\" content=\"282\" \/>\n\t<meta property=\"og:image:type\" content=\"image\/jpeg\" \/>\n<meta name=\"twitter:card\" content=\"summary_large_image\" \/>\n<script type=\"application\/ld+json\" class=\"yoast-schema-graph\">{\"@context\":\"https:\\\/\\\/schema.org\",\"@graph\":[{\"@type\":\"WebPage\",\"@id\":\"https:\\\/\\\/i-confort.com\\\/?product=nardi-micro-onde-23l-nmw238lgw1\",\"url\":\"https:\\\/\\\/i-confort.com\\\/?product=nardi-micro-onde-23l-nmw238lgw1\",\"name\":\"NARDI micro onde 23L NMW238LGW1 - I-CONFORT\",\"isPartOf\":{\"@id\":\"https:\\\/\\\/i-confort.com\\\/#website\"},\"primaryImageOfPage\":{\"@id\":\"https:\\\/\\\/i-confort.com\\\/?product=nardi-micro-onde-23l-nmw238lgw1#primaryimage\"},\"image\":{\"@id\":\"https:\\\/\\\/i-confort.com\\\/?product=nardi-micro-onde-23l-nmw238lgw1#primaryimage\"},\"thumbnailUrl\":\"https:\\\/\\\/i-confort.com\\\/wp-content\\\/uploads\\\/2024\\\/12\\\/LGW.jpg\",\"datePublished\":\"2024-12-29T08:20:13+00:00\",\"breadcrumb\":{\"@id\":\"https:\\\/\\\/i-confort.com\\\/?product=nardi-micro-onde-23l-nmw238lgw1#breadcrumb\"},\"inLanguage\":\"fr-FR\",\"potentialAction\":[{\"@type\":\"ReadAction\",\"target\":[\"https:\\\/\\\/i-confort.com\\\/?product=nardi-micro-onde-23l-nmw238lgw1\"]}]},{\"@type\":\"ImageObject\",\"inLanguage\":\"fr-FR\",\"@id\":\"https:\\\/\\\/i-confort.com\\\/?product=nardi-micro-onde-23l-nmw238lgw1#primaryimage\",\"url\":\"https:\\\/\\\/i-confort.com\\\/wp-content\\\/uploads\\\/2024\\\/12\\\/LGW.jpg\",\"contentUrl\":\"https:\\\/\\\/i-confort.com\\\/wp-content\\\/uploads\\\/2024\\\/12\\\/LGW.jpg\",\"width\":470,\"height\":282},{\"@type\":\"BreadcrumbList\",\"@id\":\"https:\\\/\\\/i-confort.com\\\/?product=nardi-micro-onde-23l-nmw238lgw1#breadcrumb\",\"itemListElement\":[{\"@type\":\"ListItem\",\"position\":1,\"name\":\"Home\",\"item\":\"https:\\\/\\\/i-confort.com\\\/\"},{\"@type\":\"ListItem\",\"position\":2,\"name\":\"Boutique\",\"item\":\"https:\\\/\\\/i-confort.com\\\/?page_id=7\"},{\"@type\":\"ListItem\",\"position\":3,\"name\":\"NARDI micro onde 23L NMW238LGW1\"}]},{\"@type\":\"WebSite\",\"@id\":\"https:\\\/\\\/i-confort.com\\\/#website\",\"url\":\"https:\\\/\\\/i-confort.com\\\/\",\"name\":\"I-CONFORT\",\"description\":\"Site de vente en ligne\",\"potentialAction\":[{\"@type\":\"SearchAction\",\"target\":{\"@type\":\"EntryPoint\",\"urlTemplate\":\"https:\\\/\\\/i-confort.com\\\/?s={search_term_string}\"},\"query-input\":{\"@type\":\"PropertyValueSpecification\",\"valueRequired\":true,\"valueName\":\"search_term_string\"}}],\"inLanguage\":\"fr-FR\"}]}<\/script>\n<!-- \/ Yoast SEO plugin. -->","yoast_head_json":{"title":"NARDI micro onde 23L NMW238LGW1 - I-CONFORT","robots":{"index":"index","follow":"follow","max-snippet":"max-snippet:-1","max-image-preview":"max-image-preview:large","max-video-preview":"max-video-preview:-1"},"canonical":"https:\/\/i-confort.com\/?product=nardi-micro-onde-23l-nmw238lgw1","og_locale":"fr_FR","og_type":"article","og_title":"NARDI micro onde 23L NMW238LGW1 - I-CONFORT","og_description":"Dimensions produit (L*H*P): 524 598*596Puissance Grill 1000WPuissance 800 wCapacit\u00e9 23L5 Niveaux de r\u00e9glage de l'\u00e9nergie8 Programmes de cuisson","og_url":"https:\/\/i-confort.com\/?product=nardi-micro-onde-23l-nmw238lgw1","og_site_name":"I-CONFORT","og_image":[{"width":470,"height":282,"url":"https:\/\/i-confort.com\/wp-content\/uploads\/2024\/12\/LGW.jpg","type":"image\/jpeg"}],"twitter_card":"summary_large_image","schema":{"@context":"https:\/\/schema.org","@graph":[{"@type":"WebPage","@id":"https:\/\/i-confort.com\/?product=nardi-micro-onde-23l-nmw238lgw1","url":"https:\/\/i-confort.com\/?product=nardi-micro-onde-23l-nmw238lgw1","name":"NARDI micro onde 23L NMW238LGW1 - I-CONFORT","isPartOf":{"@id":"https:\/\/i-confort.com\/#website"},"primaryImageOfPage":{"@id":"https:\/\/i-confort.com\/?product=nardi-micro-onde-23l-nmw238lgw1#primaryimage"},"image":{"@id":"https:\/\/i-confort.com\/?product=nardi-micro-onde-23l-nmw238lgw1#primaryimage"},"thumbnailUrl":"https:\/\/i-confort.com\/wp-content\/uploads\/2024\/12\/LGW.jpg","datePublished":"2024-12-29T08:20:13+00:00","breadcrumb":{"@id":"https:\/\/i-confort.com\/?product=nardi-micro-onde-23l-nmw238lgw1#breadcrumb"},"inLanguage":"fr-FR","potentialAction":[{"@type":"ReadAction","target":["https:\/\/i-confort.com\/?product=nardi-micro-onde-23l-nmw238lgw1"]}]},{"@type":"ImageObject","inLanguage":"fr-FR","@id":"https:\/\/i-confort.com\/?product=nardi-micro-onde-23l-nmw238lgw1#primaryimage","url":"https:\/\/i-confort.com\/wp-content\/uploads\/2024\/12\/LGW.jpg","contentUrl":"https:\/\/i-confort.com\/wp-content\/uploads\/2024\/12\/LGW.jpg","width":470,"height":282},{"@type":"BreadcrumbList","@id":"https:\/\/i-confort.com\/?product=nardi-micro-onde-23l-nmw238lgw1#breadcrumb","itemListElement":[{"@type":"ListItem","position":1,"name":"Home","item":"https:\/\/i-confort.com\/"},{"@type":"ListItem","position":2,"name":"Boutique","item":"https:\/\/i-confort.com\/?page_id=7"},{"@type":"ListItem","position":3,"name":"NARDI micro onde 23L NMW238LGW1"}]},{"@type":"WebSite","@id":"https:\/\/i-confort.com\/#website","url":"https:\/\/i-confort.com\/","name":"I-CONFORT","description":"Site de vente en ligne","potentialAction":[{"@type":"SearchAction","target":{"@type":"EntryPoint","urlTemplate":"https:\/\/i-confort.com\/?s={search_term_string}"},"query-input":{"@type":"PropertyValueSpecification","valueRequired":true,"valueName":"search_term_string"}}],"inLanguage":"fr-FR"}]}},"brands":[{"id":438,"name":"Nardi","slug":"nardi"}],"_links":{"self":[{"href":"https:\/\/i-confort.com\/index.php?rest_route=\/wp\/v2\/product\/22125","targetHints":{"allow":["GET"]}}],"collection":[{"href":"https:\/\/i-confort.com\/index.php?rest_route=\/wp\/v2\/product"}],"about":[{"href":"https:\/\/i-confort.com\/index.php?rest_route=\/wp\/v2\/types\/product"}],"wp:featuredmedia":[{"embeddable":true,"href":"https:\/\/i-confort.com\/index.php?rest_route=\/wp\/v2\/media\/22124"}],"wp:attachment":[{"href":"https:\/\/i-confort.com\/index.php?rest_route=%2Fwp%2Fv2%2Fmedia&parent=22125"}],"wp:term":[{"taxonomy":"pwb-brand","embeddable":true,"href":"https:\/\/i-confort.com\/index.php?rest_route=%2Fwp%2Fv2%2Fpwb-brand&post=22125"},{"taxonomy":"product_brand","embeddable":true,"href":"https:\/\/i-confort.com\/index.php?rest_route=%2Fwp%2Fv2%2Fproduct_brand&post=22125"},{"taxonomy":"product_cat","embeddable":true,"href":"https:\/\/i-confort.com\/index.php?rest_route=%2Fwp%2Fv2%2Fproduct_cat&post=22125"},{"taxonomy":"product_tag","embeddable":true,"href":"https:\/\/i-confort.com\/index.php?rest_route=%2Fwp%2Fv2%2Fproduct_tag&post=22125"}],"curies":[{"name":"wp","href":"https:\/\/api.w.org\/{rel}","templated":true}]}}