{"id":22311,"date":"2025-01-02T10:53:58","date_gmt":"2025-01-02T10:53:58","guid":{"rendered":"https:\/\/i-confort.com\/?product=nardi-table-de-cuisson-4-feux-inox-nte64gswf7"},"modified":"2025-01-02T10:53:58","modified_gmt":"2025-01-02T10:53:58","slug":"nardi-table-de-cuisson-4-feux-inox-nte64gswf7","status":"publish","type":"product","link":"https:\/\/i-confort.com\/?product=nardi-table-de-cuisson-4-feux-inox-nte64gswf7","title":{"rendered":"NARDI table de cuisson 4 feux inox \/NTE64GSWF7"},"content":{"rendered":"<p><br data-mce-bogus=\"1\"><\/p>\n","protected":false},"excerpt":{"rendered":"<div class=\"description\" style=\"margin: 0px;padding: 0px;border: 0px;font-size: 14px;line-height: 18px;font-family: work\">Dimensions (LxHxP) 59 x 11 x 51 cm<br \/>3 Bruleurs + 1 triple couronne<br \/>Grilles + Couvert en fonte<br \/>Bruleur :Sabaf<br \/>Boutons lumineux<br \/>Allumage \u00e9lectronique<br \/>S\u00e9curit\u00e9 Thermocouple<br \/>Acier inoxydable<\/div>\n<p><div class=\"fb-comments fb_iframe_widget fb_iframe_widget_fluid_desktop\" data-href=\"http:\/\/homecenterdz.com\/produit.php?id=1697\" data-width=\"100%\" data-numposts=\"3\" style=\"margin: 0px;padding: 0px;border: 0px;font-size: 14px;line-height: inherit;font-family: work;position: relative;max-width: 100%;width: 566.391px\"><\/div>\n<\/p>\n<div id=\"social\" style=\"margin: 10px 0px;padding: 0px;border: 0px;font-style: normal;font-weight: 400;font-size: 14px;line-height: inherit;font-family: work;width: 566.391px;letter-spacing: normal;text-align: start;text-indent: 0px;text-transform: none\">\n<div class=\"social_button\" style=\"margin: 0px 0px 0px 10px;padding: 0px;border: 0px;font: inherit;float: right\">\n<div class=\"fb-like fb_iframe_widget\" data-href=\"http:\/\/homecenterdz.com\/produit.php?id=1697\" data-layout=\"button_count\" data-action=\"like\" data-show-faces=\"true\" data-share=\"false\" style=\"margin: 0px;padding: 0px;border: 0px;font: inherit;position: relative\"><span style=\"margin: 0px;padding: 0px;border: 0px;font: inherit;position: relative;text-align: justify;vertical-align: bottom;width: 90px;height: 28px\"><\/span><\/div>\n<\/div>\n<div class=\"social_button\" style=\"margin: 0px 0px 0px 10px;padding: 0px;border: 0px;font: inherit;float: right\"><\/div>\n<div class=\"clear\" style=\"margin: 0px;padding: 0px;border: 0px;font: inherit;clear: both\"><\/div>\n<\/div>\n","protected":false},"featured_media":22310,"template":"","meta":{"_coblocks_attr":"","_coblocks_dimensions":"","_coblocks_responsive_height":"","_coblocks_accordion_ie_support":""},"pwb-brand":[438],"product_brand":[],"product_cat":[],"product_tag":[],"class_list":{"0":"post-22311","1":"product","2":"type-product","3":"status-publish","4":"has-post-thumbnail","6":"pwb-brand-nardi","9":"first","10":"instock","11":"taxable","12":"shipping-taxable","13":"purchasable","14":"product-type-simple"},"yoast_head":"<!-- This site is optimized with the Yoast SEO plugin v27.4 - https:\/\/yoast.com\/product\/yoast-seo-wordpress\/ -->\n<title>NARDI table de cuisson 4 feux inox \/NTE64GSWF7 - I-CONFORT<\/title>\n<meta name=\"robots\" content=\"index, follow, max-snippet:-1, max-image-preview:large, max-video-preview:-1\" \/>\n<link rel=\"canonical\" href=\"https:\/\/i-confort.com\/?product=nardi-table-de-cuisson-4-feux-inox-nte64gswf7\" \/>\n<meta property=\"og:locale\" content=\"fr_FR\" \/>\n<meta property=\"og:type\" content=\"article\" \/>\n<meta property=\"og:title\" content=\"NARDI table de cuisson 4 feux inox \/NTE64GSWF7 - I-CONFORT\" \/>\n<meta property=\"og:description\" content=\"Dimensions (LxHxP) 59 x 11 x 51 cm3 Bruleurs + 1 triple couronneGrilles + Couvert en fonteBruleur :SabafBoutons lumineuxAllumage \u00e9lectroniqueS\u00e9curit\u00e9 ThermocoupleAcier inoxydable\" \/>\n<meta property=\"og:url\" content=\"https:\/\/i-confort.com\/?product=nardi-table-de-cuisson-4-feux-inox-nte64gswf7\" \/>\n<meta property=\"og:site_name\" content=\"I-CONFORT\" \/>\n<meta property=\"og:image\" content=\"https:\/\/i-confort.com\/wp-content\/uploads\/2025\/01\/NRD.jpg\" \/>\n\t<meta property=\"og:image:width\" content=\"400\" \/>\n\t<meta property=\"og:image:height\" content=\"400\" \/>\n\t<meta property=\"og:image:type\" content=\"image\/jpeg\" \/>\n<meta name=\"twitter:card\" content=\"summary_large_image\" \/>\n<script type=\"application\/ld+json\" class=\"yoast-schema-graph\">{\"@context\":\"https:\\\/\\\/schema.org\",\"@graph\":[{\"@type\":\"WebPage\",\"@id\":\"https:\\\/\\\/i-confort.com\\\/?product=nardi-table-de-cuisson-4-feux-inox-nte64gswf7\",\"url\":\"https:\\\/\\\/i-confort.com\\\/?product=nardi-table-de-cuisson-4-feux-inox-nte64gswf7\",\"name\":\"NARDI table de cuisson 4 feux inox \\\/NTE64GSWF7 - I-CONFORT\",\"isPartOf\":{\"@id\":\"https:\\\/\\\/i-confort.com\\\/#website\"},\"primaryImageOfPage\":{\"@id\":\"https:\\\/\\\/i-confort.com\\\/?product=nardi-table-de-cuisson-4-feux-inox-nte64gswf7#primaryimage\"},\"image\":{\"@id\":\"https:\\\/\\\/i-confort.com\\\/?product=nardi-table-de-cuisson-4-feux-inox-nte64gswf7#primaryimage\"},\"thumbnailUrl\":\"https:\\\/\\\/i-confort.com\\\/wp-content\\\/uploads\\\/2025\\\/01\\\/NRD.jpg\",\"datePublished\":\"2025-01-02T10:53:58+00:00\",\"breadcrumb\":{\"@id\":\"https:\\\/\\\/i-confort.com\\\/?product=nardi-table-de-cuisson-4-feux-inox-nte64gswf7#breadcrumb\"},\"inLanguage\":\"fr-FR\",\"potentialAction\":[{\"@type\":\"ReadAction\",\"target\":[\"https:\\\/\\\/i-confort.com\\\/?product=nardi-table-de-cuisson-4-feux-inox-nte64gswf7\"]}]},{\"@type\":\"ImageObject\",\"inLanguage\":\"fr-FR\",\"@id\":\"https:\\\/\\\/i-confort.com\\\/?product=nardi-table-de-cuisson-4-feux-inox-nte64gswf7#primaryimage\",\"url\":\"https:\\\/\\\/i-confort.com\\\/wp-content\\\/uploads\\\/2025\\\/01\\\/NRD.jpg\",\"contentUrl\":\"https:\\\/\\\/i-confort.com\\\/wp-content\\\/uploads\\\/2025\\\/01\\\/NRD.jpg\",\"width\":400,\"height\":400},{\"@type\":\"BreadcrumbList\",\"@id\":\"https:\\\/\\\/i-confort.com\\\/?product=nardi-table-de-cuisson-4-feux-inox-nte64gswf7#breadcrumb\",\"itemListElement\":[{\"@type\":\"ListItem\",\"position\":1,\"name\":\"Home\",\"item\":\"https:\\\/\\\/i-confort.com\\\/\"},{\"@type\":\"ListItem\",\"position\":2,\"name\":\"Boutique\",\"item\":\"https:\\\/\\\/i-confort.com\\\/?page_id=7\"},{\"@type\":\"ListItem\",\"position\":3,\"name\":\"NARDI table de cuisson 4 feux inox \\\/NTE64GSWF7\"}]},{\"@type\":\"WebSite\",\"@id\":\"https:\\\/\\\/i-confort.com\\\/#website\",\"url\":\"https:\\\/\\\/i-confort.com\\\/\",\"name\":\"I-CONFORT\",\"description\":\"Site de vente en ligne\",\"potentialAction\":[{\"@type\":\"SearchAction\",\"target\":{\"@type\":\"EntryPoint\",\"urlTemplate\":\"https:\\\/\\\/i-confort.com\\\/?s={search_term_string}\"},\"query-input\":{\"@type\":\"PropertyValueSpecification\",\"valueRequired\":true,\"valueName\":\"search_term_string\"}}],\"inLanguage\":\"fr-FR\"}]}<\/script>\n<!-- \/ Yoast SEO plugin. -->","yoast_head_json":{"title":"NARDI table de cuisson 4 feux inox \/NTE64GSWF7 - I-CONFORT","robots":{"index":"index","follow":"follow","max-snippet":"max-snippet:-1","max-image-preview":"max-image-preview:large","max-video-preview":"max-video-preview:-1"},"canonical":"https:\/\/i-confort.com\/?product=nardi-table-de-cuisson-4-feux-inox-nte64gswf7","og_locale":"fr_FR","og_type":"article","og_title":"NARDI table de cuisson 4 feux inox \/NTE64GSWF7 - I-CONFORT","og_description":"Dimensions (LxHxP) 59 x 11 x 51 cm3 Bruleurs + 1 triple couronneGrilles + Couvert en fonteBruleur :SabafBoutons lumineuxAllumage \u00e9lectroniqueS\u00e9curit\u00e9 ThermocoupleAcier inoxydable","og_url":"https:\/\/i-confort.com\/?product=nardi-table-de-cuisson-4-feux-inox-nte64gswf7","og_site_name":"I-CONFORT","og_image":[{"width":400,"height":400,"url":"https:\/\/i-confort.com\/wp-content\/uploads\/2025\/01\/NRD.jpg","type":"image\/jpeg"}],"twitter_card":"summary_large_image","schema":{"@context":"https:\/\/schema.org","@graph":[{"@type":"WebPage","@id":"https:\/\/i-confort.com\/?product=nardi-table-de-cuisson-4-feux-inox-nte64gswf7","url":"https:\/\/i-confort.com\/?product=nardi-table-de-cuisson-4-feux-inox-nte64gswf7","name":"NARDI table de cuisson 4 feux inox \/NTE64GSWF7 - I-CONFORT","isPartOf":{"@id":"https:\/\/i-confort.com\/#website"},"primaryImageOfPage":{"@id":"https:\/\/i-confort.com\/?product=nardi-table-de-cuisson-4-feux-inox-nte64gswf7#primaryimage"},"image":{"@id":"https:\/\/i-confort.com\/?product=nardi-table-de-cuisson-4-feux-inox-nte64gswf7#primaryimage"},"thumbnailUrl":"https:\/\/i-confort.com\/wp-content\/uploads\/2025\/01\/NRD.jpg","datePublished":"2025-01-02T10:53:58+00:00","breadcrumb":{"@id":"https:\/\/i-confort.com\/?product=nardi-table-de-cuisson-4-feux-inox-nte64gswf7#breadcrumb"},"inLanguage":"fr-FR","potentialAction":[{"@type":"ReadAction","target":["https:\/\/i-confort.com\/?product=nardi-table-de-cuisson-4-feux-inox-nte64gswf7"]}]},{"@type":"ImageObject","inLanguage":"fr-FR","@id":"https:\/\/i-confort.com\/?product=nardi-table-de-cuisson-4-feux-inox-nte64gswf7#primaryimage","url":"https:\/\/i-confort.com\/wp-content\/uploads\/2025\/01\/NRD.jpg","contentUrl":"https:\/\/i-confort.com\/wp-content\/uploads\/2025\/01\/NRD.jpg","width":400,"height":400},{"@type":"BreadcrumbList","@id":"https:\/\/i-confort.com\/?product=nardi-table-de-cuisson-4-feux-inox-nte64gswf7#breadcrumb","itemListElement":[{"@type":"ListItem","position":1,"name":"Home","item":"https:\/\/i-confort.com\/"},{"@type":"ListItem","position":2,"name":"Boutique","item":"https:\/\/i-confort.com\/?page_id=7"},{"@type":"ListItem","position":3,"name":"NARDI table de cuisson 4 feux inox \/NTE64GSWF7"}]},{"@type":"WebSite","@id":"https:\/\/i-confort.com\/#website","url":"https:\/\/i-confort.com\/","name":"I-CONFORT","description":"Site de vente en ligne","potentialAction":[{"@type":"SearchAction","target":{"@type":"EntryPoint","urlTemplate":"https:\/\/i-confort.com\/?s={search_term_string}"},"query-input":{"@type":"PropertyValueSpecification","valueRequired":true,"valueName":"search_term_string"}}],"inLanguage":"fr-FR"}]}},"brands":[{"id":438,"name":"Nardi","slug":"nardi"}],"_links":{"self":[{"href":"https:\/\/i-confort.com\/index.php?rest_route=\/wp\/v2\/product\/22311","targetHints":{"allow":["GET"]}}],"collection":[{"href":"https:\/\/i-confort.com\/index.php?rest_route=\/wp\/v2\/product"}],"about":[{"href":"https:\/\/i-confort.com\/index.php?rest_route=\/wp\/v2\/types\/product"}],"wp:featuredmedia":[{"embeddable":true,"href":"https:\/\/i-confort.com\/index.php?rest_route=\/wp\/v2\/media\/22310"}],"wp:attachment":[{"href":"https:\/\/i-confort.com\/index.php?rest_route=%2Fwp%2Fv2%2Fmedia&parent=22311"}],"wp:term":[{"taxonomy":"pwb-brand","embeddable":true,"href":"https:\/\/i-confort.com\/index.php?rest_route=%2Fwp%2Fv2%2Fpwb-brand&post=22311"},{"taxonomy":"product_brand","embeddable":true,"href":"https:\/\/i-confort.com\/index.php?rest_route=%2Fwp%2Fv2%2Fproduct_brand&post=22311"},{"taxonomy":"product_cat","embeddable":true,"href":"https:\/\/i-confort.com\/index.php?rest_route=%2Fwp%2Fv2%2Fproduct_cat&post=22311"},{"taxonomy":"product_tag","embeddable":true,"href":"https:\/\/i-confort.com\/index.php?rest_route=%2Fwp%2Fv2%2Fproduct_tag&post=22311"}],"curies":[{"name":"wp","href":"https:\/\/api.w.org\/{rel}","templated":true}]}}