{"id":23479,"date":"2025-04-19T08:25:39","date_gmt":"2025-04-19T08:25:39","guid":{"rendered":"https:\/\/i-confort.com\/?product=hisense-refrigerateur-mono-porte-dist_eau-inox-rl3n372nbcf"},"modified":"2025-04-19T08:25:39","modified_gmt":"2025-04-19T08:25:39","slug":"hisense-refrigerateur-mono-porte-dist_eau-inox-rl3n372nbcf","status":"publish","type":"product","link":"https:\/\/i-confort.com\/?product=hisense-refrigerateur-mono-porte-dist_eau-inox-rl3n372nbcf","title":{"rendered":"HISENSE REFRIGERATEUR MONO PORTE DIST_EAU INOX RL3N372NBCF"},"content":{"rendered":"<table class=\"table table_1559 table-bordered table-striped fiche-technique \">\n<tbody style=\"border-style: solid;border-width: 0px;vertical-align: inherit\">\n<tr class=\"row_230\" style=\"border-style: solid;border-width: 1px 0px\">\n<td class=\"libelle item_header col-3\" style=\"border-color: inherit;border-style: solid;border-width: 0px 1px;flex: 0 0 auto;width: 197.078px;padding: 0.5rem;--bs-table-color-type: #000\">Marque<\/td>\n<td class=\"champs item1 field_29 \" style=\"border-color: inherit;border-style: solid;border-width: 0px 1px;padding: 0.5rem;--bs-table-color-type: #000\"><a href=\"https:\/\/webstar-electro.com\/refrigerateurs\/?page=prix-refrigerateurs-hisense-algerie&amp;id_marque=11934244&amp;position=3&amp;id_famille=21965\">R\u00e9frig\u00e9rateurs HISENSE<\/a><\/td>\n<\/tr>\n<tr class=\"row_267\" style=\"border-style: solid;border-width: 1px 0px\">\n<td class=\"libelle item_header\" style=\"border-color: inherit;border-style: solid;border-width: 0px 1px;padding: 0.5rem\">R\u00e9frig\u00e9rateurs<\/td>\n<td class=\"champs item1 field_267 \" style=\"border-color: inherit;border-style: solid;border-width: 0px 1px;padding: 0.5rem\"><a href=\"https:\/\/webstar-electro.com\/refrigerateurs\/?produit=achat-vente-refrigerateurs-hisense-rl3n372nbcf-algerie&amp;item=18721784&amp;id_famille=21965&amp;id_fiche=0\">RL3N372NBCF<\/a><\/td>\n<\/tr>\n<tr class=\"row_1022\" style=\"border-style: solid;border-width: 1px 0px\">\n<td class=\"libelle item_header\" style=\"border-color: inherit;border-style: solid;border-width: 0px 1px;padding: 0.5rem;--bs-table-color-type: #000\">R\u00e9f\u00e9rence<\/td>\n<td class=\"champs item1 field_1022 \" style=\"border-color: inherit;border-style: solid;border-width: 0px 1px;padding: 0.5rem;--bs-table-color-type: #000\">RL3N372NBCF<\/td>\n<\/tr>\n<tr class=\"row_293\" style=\"border-style: solid;border-width: 1px 0px\">\n<td class=\"libelle item_header\" style=\"border-color: inherit;border-style: solid;border-width: 0px 1px;padding: 0.5rem\">Nombre de portes<\/td>\n<td class=\"champs item1 field_293 \" style=\"border-color: inherit;border-style: solid;border-width: 0px 1px;padding: 0.5rem\">1<\/td>\n<\/tr>\n<tr class=\"row_231\" style=\"border-style: solid;border-width: 1px 0px\">\n<td class=\"libelle item_header\" style=\"border-color: inherit;border-style: solid;border-width: 0px 1px;padding: 0.5rem;--bs-table-color-type: #000\">Cat\u00e9gorie<\/td>\n<td class=\"champs item1 field_265 \" style=\"border-color: inherit;border-style: solid;border-width: 0px 1px;padding: 0.5rem;--bs-table-color-type: #000\"><a href=\"https:\/\/webstar-electro.com\/refrigerateurs\/?page=prix-refrigerateurs-categorie-1-porte-algerie&amp;dep1=231&amp;val1=3673&amp;position=20&amp;id_famille=21965\">1 Porte<\/a><\/td>\n<\/tr>\n<tr class=\"row_296\" style=\"border-style: solid;border-width: 1px 0px\">\n<td class=\"libelle item_header\" style=\"border-color: inherit;border-style: solid;border-width: 0px 1px;padding: 0.5rem\">Couleur<\/td>\n<td class=\"champs item1 field_296 \" style=\"border-color: inherit;border-style: solid;border-width: 0px 1px;padding: 0.5rem\">Inox<\/td>\n<\/tr>\n<tr class=\"row_291\" style=\"border-style: solid;border-width: 1px 0px\">\n<td class=\"libelle item_header\" style=\"border-color: inherit;border-style: solid;border-width: 0px 1px;padding: 0.5rem;--bs-table-color-type: #000\">Accessoires inclus<\/td>\n<td class=\"champs item1 field_291 \" style=\"border-color: inherit;border-style: solid;border-width: 0px 1px;padding: 0.5rem;--bs-table-color-type: #000\"><\/td>\n<\/tr>\n<tr class=\"row_2035\" style=\"border-style: solid;border-width: 1px 0px\">\n<td class=\"libelle item_header\" style=\"border-color: inherit;border-style: solid;border-width: 0px 1px;padding: 0.5rem\">Description<\/td>\n<td class=\"champs item1 field_2035 \" style=\"border-color: inherit;border-style: solid;border-width: 0px 1px;padding: 0.5rem\">No Frost, Metal Cooling, Syst\u00e8me Multi Air Flow, Mode Vacances, Compresseur universel<\/td>\n<\/tr>\n<tr class=\"row_276\" style=\"border-style: solid;border-width: 1px 0px\">\n<td colspan=\"2\" class=\"libelle item_header\" style=\"border-color: inherit;border-style: solid;border-width: 0px 1px;padding: 0.5rem;--bs-table-color-type: #000\">\u00a0<\/td>\n<\/tr>\n<tr class=\"row_272\" style=\"border-style: solid;border-width: 1px 0px\">\n<td class=\"libelle item_header\" style=\"border-color: inherit;border-style: solid;border-width: 0px 1px;padding: 0.5rem\">Capacit\u00e9 Nette Totale<\/td>\n<td class=\"champs item1 field_272 \" style=\"border-color: inherit;border-style: solid;border-width: 0px 1px;padding: 0.5rem\"><a href=\"https:\/\/webstar-electro.com\/refrigerateurs\/?page=prix-refrigerateurs-capacite-net-300-litres-algerie&amp;dep1=526&amp;val1=5583&amp;position=20&amp;id_famille=21965\">288 Litres<\/a><\/td>\n<\/tr>\n<tr class=\"row_273\" style=\"border-style: solid;border-width: 1px 0px\">\n<td class=\"libelle item_header\" style=\"border-color: inherit;border-style: solid;border-width: 0px 1px;padding: 0.5rem;--bs-table-color-type: #000\">Capacit\u00e9 Nette R\u00e9frig\u00e9rateur<\/td>\n<td class=\"champs item1 field_273 \" style=\"border-color: inherit;border-style: solid;border-width: 0px 1px;padding: 0.5rem;--bs-table-color-type: #000\">288 Litres<\/td>\n<\/tr>\n<tr class=\"row_274\" style=\"border-style: solid;border-width: 1px 0px\">\n<td class=\"libelle item_header\" style=\"border-color: inherit;border-style: solid;border-width: 0px 1px;padding: 0.5rem\">Capacit\u00e9 Nette Cong\u00e9lateur<\/td>\n<td class=\"champs item1 field_274 \" style=\"border-color: inherit;border-style: solid;border-width: 0px 1px;padding: 0.5rem\"><\/td>\n<\/tr>\n<tr class=\"row_275\" style=\"border-style: solid;border-width: 1px 0px\">\n<td class=\"libelle item_header\" style=\"border-color: inherit;border-style: solid;border-width: 0px 1px;padding: 0.5rem;--bs-table-color-type: #000\">Capacit\u00e9 de Cong\u00e9lation<\/td>\n<td class=\"champs item1 field_275 \" style=\"border-color: inherit;border-style: solid;border-width: 0px 1px;padding: 0.5rem;--bs-table-color-type: #000\"><\/td>\n<\/tr>\n<tr class=\"row_286\" style=\"border-style: solid;border-width: 1px 0px\">\n<td class=\"libelle item_header\" style=\"border-color: inherit;border-style: solid;border-width: 0px 1px;padding: 0.5rem\">R\u00e9frig\u00e9rant<\/td>\n<td class=\"champs item1 field_286 \" style=\"border-color: inherit;border-style: solid;border-width: 0px 1px;padding: 0.5rem\">OUI<\/td>\n<\/tr>\n<tr class=\"row_294\" style=\"border-style: solid;border-width: 1px 0px\">\n<td class=\"libelle item_header\" style=\"border-color: inherit;border-style: solid;border-width: 0px 1px;padding: 0.5rem;--bs-table-color-type: #000\">Position du cong\u00e9lateur<\/td>\n<td class=\"champs item1 field_294 \" style=\"border-color: inherit;border-style: solid;border-width: 0px 1px;padding: 0.5rem;--bs-table-color-type: #000\"><\/td>\n<\/tr>\n<tr class=\"row_295\" style=\"border-style: solid;border-width: 1px 0px\">\n<td class=\"libelle item_header\" style=\"border-color: inherit;border-style: solid;border-width: 0px 1px;padding: 0.5rem\">Autonomie du cong\u00e9lateur<\/td>\n<td class=\"champs item1 field_295 \" style=\"border-color: inherit;border-style: solid;border-width: 0px 1px;padding: 0.5rem\"><\/td>\n<\/tr>\n<tr class=\"row_276\" style=\"border-style: solid;border-width: 1px 0px\">\n<td colspan=\"2\" class=\"libelle item_header\" style=\"border-color: inherit;border-style: solid;border-width: 0px 1px;padding: 0.5rem;--bs-table-color-type: #000\">\u00a0<\/td>\n<\/tr>\n<tr class=\"row_2370\" style=\"border-style: solid;border-width: 1px 0px\">\n<td class=\"libelle item_header\" style=\"border-color: inherit;border-style: solid;border-width: 0px 1px;padding: 0.5rem\">Technologie Froid<\/td>\n<td class=\"champs item1 field_2370 \" style=\"border-color: inherit;border-style: solid;border-width: 0px 1px;padding: 0.5rem\"><a href=\"https:\/\/webstar-electro.com\/refrigerateurs\/?page=prix-refrigerateurs-technologie-froid-no-frost-algerie&amp;dep1=1183&amp;val1=19589201&amp;position=20&amp;id_famille=21965\">No Frost<\/a><br \/>Froid Ventil\u00e9 No Frost : est le syst\u00e8me le plus perfectionn\u00e9 ; Un ventilateur propulse un air froid non humide de mani\u00e8re uniforme dans l\u2019ensemble du r\u00e9frig\u00e9rateur, ce qui \u00e9vite la formation de givre.<\/td>\n<\/tr>\n<tr class=\"row_2373\" style=\"border-style: solid;border-width: 1px 0px\">\n<td class=\"libelle item_header\" style=\"border-color: inherit;border-style: solid;border-width: 0px 1px;padding: 0.5rem;--bs-table-color-type: #000\">Inverter<\/td>\n<td class=\"champs item1 field_2373 \" style=\"border-color: inherit;border-style: solid;border-width: 0px 1px;padding: 0.5rem;--bs-table-color-type: #000\"><a href=\"https:\/\/webstar-electro.com\/refrigerateurs\/?page=prix-refrigerateurs-sans-inverter-algerie&amp;dep1=1207&amp;val1=19&amp;position=20&amp;id_famille=21965\"><span class=\"okaz_19\">19<\/span>Non<\/a><\/td>\n<\/tr>\n<tr class=\"row_234\" style=\"border-style: solid;border-width: 1px 0px\">\n<td class=\"libelle item_header\" style=\"border-color: inherit;border-style: solid;border-width: 0px 1px;padding: 0.5rem\">D\u00e9givrage automatique<\/td>\n<td class=\"champs item1 field_19 \" style=\"border-color: inherit;border-style: solid;border-width: 0px 1px;padding: 0.5rem\"><a href=\"https:\/\/webstar-electro.com\/refrigerateurs\/?page=prix-refrigerateurs-avec-degivrage-automatique-algerie&amp;dep1=234&amp;val1=18&amp;position=20&amp;id_famille=21965\"><span class=\"okaz_18\">18<\/span>Oui<\/a><\/td>\n<\/tr>\n<tr class=\"row_235\" style=\"border-style: solid;border-width: 1px 0px\">\n<td class=\"libelle item_header\" style=\"border-color: inherit;border-style: solid;border-width: 0px 1px;padding: 0.5rem;--bs-table-color-type: #000\">Cong\u00e9lation rapide<\/td>\n<td class=\"champs item1 field_19 \" style=\"border-color: inherit;border-style: solid;border-width: 0px 1px;padding: 0.5rem;--bs-table-color-type: #000\"><a href=\"https:\/\/webstar-electro.com\/refrigerateurs\/?page=prix-refrigerateurs-avec-congelation-rapide-algerie&amp;dep1=235&amp;val1=18&amp;position=20&amp;id_famille=21965\"><span class=\"okaz_18\">18<\/span>Oui<\/a><\/td>\n<\/tr>\n<tr class=\"row_284\" style=\"border-style: solid;border-width: 1px 0px\">\n<td class=\"libelle item_header\" style=\"border-color: inherit;border-style: solid;border-width: 0px 1px;padding: 0.5rem\">Classe Climatique<\/td>\n<td class=\"champs item1 field_284 \" style=\"border-color: inherit;border-style: solid;border-width: 0px 1px;padding: 0.5rem\"><a href=\"https:\/\/webstar-electro.com\/refrigerateurs\/?page=prix-refrigerateurs-classe-climatique-t-algerie&amp;dep1=1181&amp;val1=19588372&amp;position=20&amp;id_famille=21965\">T<\/a><br \/>Classe climatique T (tropicale) : de 18 \u00e0 43 \u00b0C<\/td>\n<\/tr>\n<tr class=\"row_276\" style=\"border-style: solid;border-width: 1px 0px\">\n<td colspan=\"2\" class=\"libelle item_header\" style=\"border-color: inherit;border-style: solid;border-width: 0px 1px;padding: 0.5rem;--bs-table-color-type: #000\">\u00a0<\/td>\n<\/tr>\n<tr class=\"row_287\" style=\"border-style: solid;border-width: 1px 0px\">\n<td class=\"libelle item_header\" style=\"border-color: inherit;border-style: solid;border-width: 0px 1px;padding: 0.5rem\">Tiroirs R\u00e9frig\u00e9rateur<\/td>\n<td class=\"champs item1 field_287 \" style=\"border-color: inherit;border-style: solid;border-width: 0px 1px;padding: 0.5rem\"><a href=\"https:\/\/webstar-electro.com\/refrigerateurs\/?page=prix-refrigerateurs-nb-tiroir-refrigerateur-2-tiroirs-algerie&amp;dep1=1190&amp;val1=57120&amp;position=20&amp;id_famille=21965\">2 Tiroirs<\/a><\/td>\n<\/tr>\n<tr class=\"row_288\" style=\"border-style: solid;border-width: 1px 0px\">\n<td class=\"libelle item_header\" style=\"border-color: inherit;border-style: solid;border-width: 0px 1px;padding: 0.5rem;--bs-table-color-type: #000\">Etag\u00e8res R\u00e9frig\u00e9rateur<\/td>\n<td class=\"champs item1 field_288 \" style=\"border-color: inherit;border-style: solid;border-width: 0px 1px;padding: 0.5rem;--bs-table-color-type: #000\"><a href=\"https:\/\/webstar-electro.com\/refrigerateurs\/?page=prix-refrigerateurs-nb-etagere-refrigerateur-5-etageres-algerie&amp;dep1=1197&amp;val1=57123&amp;position=20&amp;id_famille=21965\">5 Etageres<\/a><\/td>\n<\/tr>\n<tr class=\"row_289\" style=\"border-style: solid;border-width: 1px 0px\">\n<td class=\"libelle item_header\" style=\"border-color: inherit;border-style: solid;border-width: 0px 1px;padding: 0.5rem\">Tiroirs Cong\u00e9lateur<\/td>\n<td class=\"champs item1 field_289 \" style=\"border-color: inherit;border-style: solid;border-width: 0px 1px;padding: 0.5rem\"><a href=\"https:\/\/webstar-electro.com\/refrigerateurs\/?fiche=fiche-technique-refrigerateurs-hisense-rl3n372nbcf-algerie&amp;item=18721784&amp;id_famille=21965&amp;id_fiche=1#\"><\/a><\/td>\n<\/tr>\n<tr class=\"row_290\" style=\"border-style: solid;border-width: 1px 0px\">\n<td class=\"libelle item_header\" style=\"border-color: inherit;border-style: solid;border-width: 0px 1px;padding: 0.5rem;--bs-table-color-type: #000\">Etag\u00e8res Cong\u00e9lateur<\/td>\n<td class=\"champs item1 field_290 \" style=\"border-color: inherit;border-style: solid;border-width: 0px 1px;padding: 0.5rem;--bs-table-color-type: #000\"><a href=\"https:\/\/webstar-electro.com\/refrigerateurs\/?fiche=fiche-technique-refrigerateurs-hisense-rl3n372nbcf-algerie&amp;item=18721784&amp;id_famille=21965&amp;id_fiche=1#\"><\/a><\/td>\n<\/tr>\n<tr class=\"row_276\" style=\"border-style: solid;border-width: 1px 0px\">\n<td colspan=\"2\" class=\"libelle item_header\" style=\"border-color: inherit;border-style: solid;border-width: 0px 1px;padding: 0.5rem\">\u00a0<\/td>\n<\/tr>\n<tr class=\"row_281\" style=\"border-style: solid;border-width: 1px 0px\">\n<td class=\"libelle item_header\" style=\"border-color: inherit;border-style: solid;border-width: 0px 1px;padding: 0.5rem;--bs-table-color-type: #000\">Classe Energ\u00e9tique<\/td>\n<td class=\"champs item1 field_281 \" style=\"border-color: inherit;border-style: solid;border-width: 0px 1px;padding: 0.5rem;--bs-table-color-type: #000\"><a href=\"https:\/\/webstar-electro.com\/refrigerateurs\/?page=prix-refrigerateurs-classe-energetique-classe-a-algerie&amp;dep1=1182&amp;val1=19588480&amp;position=20&amp;id_famille=21965\">A+<\/a><\/td>\n<\/tr>\n<tr class=\"row_282\" style=\"border-style: solid;border-width: 1px 0px\">\n<td class=\"libelle item_header\" style=\"border-color: inherit;border-style: solid;border-width: 0px 1px;padding: 0.5rem\">Consommation d&rsquo;\u00e9nergie<\/td>\n<td class=\"champs item1 field_282 \" style=\"border-color: inherit;border-style: solid;border-width: 0px 1px;padding: 0.5rem\"><\/td>\n<\/tr>\n<tr class=\"row_283\" style=\"border-style: solid;border-width: 1px 0px\">\n<td class=\"libelle item_header\" style=\"border-color: inherit;border-style: solid;border-width: 0px 1px;padding: 0.5rem;--bs-table-color-type: #000\">Courant nominal<\/td>\n<td class=\"champs item1 field_283 \" style=\"border-color: inherit;border-style: solid;border-width: 0px 1px;padding: 0.5rem;--bs-table-color-type: #000\"><\/td>\n<\/tr>\n<tr class=\"row_280\" style=\"border-style: solid;border-width: 1px 0px\">\n<td class=\"libelle item_header\" style=\"border-color: inherit;border-style: solid;border-width: 0px 1px;padding: 0.5rem\">Alimentation \u00e9lectrique<\/td>\n<td class=\"champs item1 field_280 \" style=\"border-color: inherit;border-style: solid;border-width: 0px 1px;padding: 0.5rem\">220-240v<\/td>\n<\/tr>\n<tr class=\"row_285\" style=\"border-style: solid;border-width: 1px 0px\">\n<td class=\"libelle item_header\" style=\"border-color: inherit;border-style: solid;border-width: 0px 1px;padding: 0.5rem;--bs-table-color-type: #000\">Niveau de bruit maximum<\/td>\n<td class=\"champs item1 field_285 \" style=\"border-color: inherit;border-style: solid;border-width: 0px 1px;padding: 0.5rem;--bs-table-color-type: #000\">40 dB<\/td>\n<\/tr>\n<tr class=\"row_276\" style=\"border-style: solid;border-width: 1px 0px\">\n<td colspan=\"2\" class=\"libelle item_header\" style=\"border-color: inherit;border-style: solid;border-width: 0px 1px;padding: 0.5rem\">\u00a0<\/td>\n<\/tr>\n<tr class=\"row_276\" style=\"border-style: solid;border-width: 1px 0px\">\n<td class=\"libelle item_header\" style=\"border-color: inherit;border-style: solid;border-width: 0px 1px;padding: 0.5rem;--bs-table-color-type: #000\">Largeur<\/td>\n<td class=\"champs item1 field_276 \" style=\"border-color: inherit;border-style: solid;border-width: 0px 1px;padding: 0.5rem;--bs-table-color-type: #000\"><a href=\"https:\/\/webstar-electro.com\/refrigerateurs\/?page=prix-refrigerateurs-largeur-60-cm-algerie&amp;dep1=1046&amp;val1=137804&amp;position=20&amp;id_famille=21965\">59.5 cm<\/a><\/td>\n<\/tr>\n<tr class=\"row_277\" style=\"border-style: solid;border-width: 1px 0px\">\n<td class=\"libelle item_header\" style=\"border-color: inherit;border-style: solid;border-width: 0px 1px;padding: 0.5rem\">Hauteur<\/td>\n<td class=\"champs item1 field_277 \" style=\"border-color: inherit;border-style: solid;border-width: 0px 1px;padding: 0.5rem\"><a href=\"https:\/\/webstar-electro.com\/refrigerateurs\/?page=prix-refrigerateurs-hauteur-180-cm-algerie&amp;dep1=1047&amp;val1=137900&amp;position=20&amp;id_famille=21965\">185.5 Cm<\/a><\/td>\n<\/tr>\n<tr class=\"row_278\" style=\"border-style: solid;border-width: 1px 0px\">\n<td class=\"libelle item_header\" style=\"border-color: inherit;border-style: solid;border-width: 0px 1px;padding: 0.5rem;--bs-table-color-type: #000\">Profondeur<\/td>\n<td class=\"champs item1 field_278 \" style=\"border-color: inherit;border-style: solid;border-width: 0px 1px;padding: 0.5rem;--bs-table-color-type: #000\">66.6 Cm<\/td>\n<\/tr>\n<tr class=\"row_279\" style=\"border-style: solid;border-width: 1px 0px\">\n<td class=\"libelle item_header\" style=\"border-color: inherit;border-style: solid;border-width: 0px 1px;padding: 0.5rem\">Poids<\/td>\n<td class=\"champs item1 field_279 \" style=\"border-color: inherit;border-style: solid;border-width: 0px 1px;padding: 0.5rem\">67 Kg<\/td>\n<\/tr>\n<\/tbody>\n<\/table>\n","protected":false},"excerpt":{"rendered":"<p><br data-mce-bogus=\"1\"><\/p>\n","protected":false},"featured_media":0,"template":"","meta":{"_coblocks_attr":"","_coblocks_dimensions":"","_coblocks_responsive_height":"","_coblocks_accordion_ie_support":""},"pwb-brand":[402],"product_brand":[],"product_cat":[97,348],"product_tag":[],"class_list":{"0":"post-23479","1":"product","2":"type-product","3":"status-publish","5":"pwb-brand-hisense","6":"product_cat-electromenagers","7":"product_cat-refrigirateur","9":"first","10":"instock","11":"taxable","12":"shipping-taxable","13":"purchasable","14":"product-type-simple"},"yoast_head":"<!-- This site is optimized with the Yoast SEO plugin v27.4 - https:\/\/yoast.com\/product\/yoast-seo-wordpress\/ -->\n<title>HISENSE REFRIGERATEUR MONO PORTE DIST_EAU INOX RL3N372NBCF - I-CONFORT<\/title>\n<meta name=\"robots\" content=\"index, follow, max-snippet:-1, max-image-preview:large, max-video-preview:-1\" \/>\n<link rel=\"canonical\" href=\"https:\/\/i-confort.com\/?product=hisense-refrigerateur-mono-porte-dist_eau-inox-rl3n372nbcf\" \/>\n<meta property=\"og:locale\" content=\"fr_FR\" \/>\n<meta property=\"og:type\" content=\"article\" \/>\n<meta property=\"og:title\" content=\"HISENSE REFRIGERATEUR MONO PORTE DIST_EAU INOX RL3N372NBCF - I-CONFORT\" \/>\n<meta property=\"og:url\" content=\"https:\/\/i-confort.com\/?product=hisense-refrigerateur-mono-porte-dist_eau-inox-rl3n372nbcf\" \/>\n<meta property=\"og:site_name\" content=\"I-CONFORT\" \/>\n<meta name=\"twitter:card\" content=\"summary_large_image\" \/>\n<meta name=\"twitter:label1\" content=\"Dur\u00e9e de lecture estim\u00e9e\" \/>\n\t<meta name=\"twitter:data1\" content=\"1 minute\" \/>\n<script type=\"application\/ld+json\" class=\"yoast-schema-graph\">{\"@context\":\"https:\\\/\\\/schema.org\",\"@graph\":[{\"@type\":\"WebPage\",\"@id\":\"https:\\\/\\\/i-confort.com\\\/?product=hisense-refrigerateur-mono-porte-dist_eau-inox-rl3n372nbcf\",\"url\":\"https:\\\/\\\/i-confort.com\\\/?product=hisense-refrigerateur-mono-porte-dist_eau-inox-rl3n372nbcf\",\"name\":\"HISENSE REFRIGERATEUR MONO PORTE DIST_EAU INOX RL3N372NBCF - I-CONFORT\",\"isPartOf\":{\"@id\":\"https:\\\/\\\/i-confort.com\\\/#website\"},\"datePublished\":\"2025-04-19T08:25:39+00:00\",\"breadcrumb\":{\"@id\":\"https:\\\/\\\/i-confort.com\\\/?product=hisense-refrigerateur-mono-porte-dist_eau-inox-rl3n372nbcf#breadcrumb\"},\"inLanguage\":\"fr-FR\",\"potentialAction\":[{\"@type\":\"ReadAction\",\"target\":[\"https:\\\/\\\/i-confort.com\\\/?product=hisense-refrigerateur-mono-porte-dist_eau-inox-rl3n372nbcf\"]}]},{\"@type\":\"BreadcrumbList\",\"@id\":\"https:\\\/\\\/i-confort.com\\\/?product=hisense-refrigerateur-mono-porte-dist_eau-inox-rl3n372nbcf#breadcrumb\",\"itemListElement\":[{\"@type\":\"ListItem\",\"position\":1,\"name\":\"Home\",\"item\":\"https:\\\/\\\/i-confort.com\\\/\"},{\"@type\":\"ListItem\",\"position\":2,\"name\":\"Boutique\",\"item\":\"https:\\\/\\\/i-confort.com\\\/?page_id=7\"},{\"@type\":\"ListItem\",\"position\":3,\"name\":\"HISENSE REFRIGERATEUR MONO PORTE DIST_EAU INOX RL3N372NBCF\"}]},{\"@type\":\"WebSite\",\"@id\":\"https:\\\/\\\/i-confort.com\\\/#website\",\"url\":\"https:\\\/\\\/i-confort.com\\\/\",\"name\":\"I-CONFORT\",\"description\":\"Site de vente en ligne\",\"potentialAction\":[{\"@type\":\"SearchAction\",\"target\":{\"@type\":\"EntryPoint\",\"urlTemplate\":\"https:\\\/\\\/i-confort.com\\\/?s={search_term_string}\"},\"query-input\":{\"@type\":\"PropertyValueSpecification\",\"valueRequired\":true,\"valueName\":\"search_term_string\"}}],\"inLanguage\":\"fr-FR\"}]}<\/script>\n<!-- \/ Yoast SEO plugin. -->","yoast_head_json":{"title":"HISENSE REFRIGERATEUR MONO PORTE DIST_EAU INOX RL3N372NBCF - I-CONFORT","robots":{"index":"index","follow":"follow","max-snippet":"max-snippet:-1","max-image-preview":"max-image-preview:large","max-video-preview":"max-video-preview:-1"},"canonical":"https:\/\/i-confort.com\/?product=hisense-refrigerateur-mono-porte-dist_eau-inox-rl3n372nbcf","og_locale":"fr_FR","og_type":"article","og_title":"HISENSE REFRIGERATEUR MONO PORTE DIST_EAU INOX RL3N372NBCF - I-CONFORT","og_url":"https:\/\/i-confort.com\/?product=hisense-refrigerateur-mono-porte-dist_eau-inox-rl3n372nbcf","og_site_name":"I-CONFORT","twitter_card":"summary_large_image","twitter_misc":{"Dur\u00e9e de lecture estim\u00e9e":"1 minute"},"schema":{"@context":"https:\/\/schema.org","@graph":[{"@type":"WebPage","@id":"https:\/\/i-confort.com\/?product=hisense-refrigerateur-mono-porte-dist_eau-inox-rl3n372nbcf","url":"https:\/\/i-confort.com\/?product=hisense-refrigerateur-mono-porte-dist_eau-inox-rl3n372nbcf","name":"HISENSE REFRIGERATEUR MONO PORTE DIST_EAU INOX RL3N372NBCF - I-CONFORT","isPartOf":{"@id":"https:\/\/i-confort.com\/#website"},"datePublished":"2025-04-19T08:25:39+00:00","breadcrumb":{"@id":"https:\/\/i-confort.com\/?product=hisense-refrigerateur-mono-porte-dist_eau-inox-rl3n372nbcf#breadcrumb"},"inLanguage":"fr-FR","potentialAction":[{"@type":"ReadAction","target":["https:\/\/i-confort.com\/?product=hisense-refrigerateur-mono-porte-dist_eau-inox-rl3n372nbcf"]}]},{"@type":"BreadcrumbList","@id":"https:\/\/i-confort.com\/?product=hisense-refrigerateur-mono-porte-dist_eau-inox-rl3n372nbcf#breadcrumb","itemListElement":[{"@type":"ListItem","position":1,"name":"Home","item":"https:\/\/i-confort.com\/"},{"@type":"ListItem","position":2,"name":"Boutique","item":"https:\/\/i-confort.com\/?page_id=7"},{"@type":"ListItem","position":3,"name":"HISENSE REFRIGERATEUR MONO PORTE DIST_EAU INOX RL3N372NBCF"}]},{"@type":"WebSite","@id":"https:\/\/i-confort.com\/#website","url":"https:\/\/i-confort.com\/","name":"I-CONFORT","description":"Site de vente en ligne","potentialAction":[{"@type":"SearchAction","target":{"@type":"EntryPoint","urlTemplate":"https:\/\/i-confort.com\/?s={search_term_string}"},"query-input":{"@type":"PropertyValueSpecification","valueRequired":true,"valueName":"search_term_string"}}],"inLanguage":"fr-FR"}]}},"brands":[{"id":402,"name":"HISENSE","slug":"hisense"}],"_links":{"self":[{"href":"https:\/\/i-confort.com\/index.php?rest_route=\/wp\/v2\/product\/23479","targetHints":{"allow":["GET"]}}],"collection":[{"href":"https:\/\/i-confort.com\/index.php?rest_route=\/wp\/v2\/product"}],"about":[{"href":"https:\/\/i-confort.com\/index.php?rest_route=\/wp\/v2\/types\/product"}],"wp:attachment":[{"href":"https:\/\/i-confort.com\/index.php?rest_route=%2Fwp%2Fv2%2Fmedia&parent=23479"}],"wp:term":[{"taxonomy":"pwb-brand","embeddable":true,"href":"https:\/\/i-confort.com\/index.php?rest_route=%2Fwp%2Fv2%2Fpwb-brand&post=23479"},{"taxonomy":"product_brand","embeddable":true,"href":"https:\/\/i-confort.com\/index.php?rest_route=%2Fwp%2Fv2%2Fproduct_brand&post=23479"},{"taxonomy":"product_cat","embeddable":true,"href":"https:\/\/i-confort.com\/index.php?rest_route=%2Fwp%2Fv2%2Fproduct_cat&post=23479"},{"taxonomy":"product_tag","embeddable":true,"href":"https:\/\/i-confort.com\/index.php?rest_route=%2Fwp%2Fv2%2Fproduct_tag&post=23479"}],"curies":[{"name":"wp","href":"https:\/\/api.w.org\/{rel}","templated":true}]}}